{"id":754519,"date":"2025-08-28T06:13:16","date_gmt":"2025-08-28T03:13:16","guid":{"rendered":"https:\/\/roveyayinevi.com.tr\/index.php\/urun\/klasik-filoloji-seminerleri-v\/"},"modified":"2026-04-16T03:07:52","modified_gmt":"2026-04-16T00:07:52","slug":"klasik-filoloji-seminerleri-v","status":"publish","type":"product","link":"https:\/\/roveyayinevi.com.tr\/index.php\/urun\/klasik-filoloji-seminerleri-v\/","title":{"rendered":"Klasik Filoloji Seminerleri V"},"content":{"rendered":"<p>SUNU\u015e Ekin \u00d6YKEN   D\u0130L E\u011e\u0130T\u0130M\u0130NDE VE \u00d6\u011eRET\u0130M\u0130NDE GRAMER\u0130N \u00d6NEM\u0130 VE YER\u0130 Bedia DEM\u0130R\u0130\u015e   SENECA: YA\u015eAM KILAVUZU OLARAK FELSEFE Aysun KARA   HOMEROS\u2019TAN PARMEN\u0130DES\u2019E TEOLOJ\u0130K D\u00d6N\u00dc\u015e\u00dcM Cengiz \u00c7AKMAK   ANT\u0130K\u00c7A\u011eDA TRAJ\u0130K KADIN SURETLER\u0130 Beng\u00fc CENNET CO\u015eKUN   HIPPOKRATES\u2019TE SALGILAR VE M\u0130ZA\u00c7LAR Ey\u00fcp \u00c7ORAKLI <\/p>\n","protected":false},"excerpt":{"rendered":"<p>SUNU\u015e Ekin \u00d6YKEN D\u0130L E\u011e\u0130T\u0130M\u0130NDE VE \u00d6\u011eRET\u0130M\u0130NDE GRAMER\u0130N \u00d6NEM\u0130 VE YER\u0130 Bedia DEM\u0130R\u0130\u015e SENECA: YA\u015eAM KILAVUZU OLARAK FELSEFE Aysun KARA HOMEROS\u2019TAN PARMEN\u0130DES\u2019E TEOLOJ\u0130K D\u00d6N\u00dc\u015e\u00dcM Cengiz \u00c7AKMAK<span class=\"excerpt-hellip\"> [\u2026]<\/span><\/p>\n","protected":false},"featured_media":0,"template":"","meta":{"_monsterinsights_skip_tracking":false,"_monsterinsights_sitenote_active":false,"_monsterinsights_sitenote_note":"","_monsterinsights_sitenote_category":0},"product_brand":[],"product_cat":[12370,12304],"product_tag":[],"class_list":{"0":"post-754519","1":"product","2":"type-product","3":"status-publish","5":"product_cat-arastirma-inceleme","6":"product_cat-tarih","7":"pa_cilt-ciltsiz","8":"pa_tur-kitap","9":"pa_yayinevi-alfa-yayinlari","10":"pa_yazar-kolektif","12":"first","13":"instock","14":"sale","15":"shipping-taxable","16":"purchasable","17":"product-type-simple"},"_links":{"self":[{"href":"https:\/\/roveyayinevi.com.tr\/index.php\/wp-json\/wp\/v2\/product\/754519","targetHints":{"allow":["GET"]}}],"collection":[{"href":"https:\/\/roveyayinevi.com.tr\/index.php\/wp-json\/wp\/v2\/product"}],"about":[{"href":"https:\/\/roveyayinevi.com.tr\/index.php\/wp-json\/wp\/v2\/types\/product"}],"wp:attachment":[{"href":"https:\/\/roveyayinevi.com.tr\/index.php\/wp-json\/wp\/v2\/media?parent=754519"}],"wp:term":[{"taxonomy":"product_brand","embeddable":true,"href":"https:\/\/roveyayinevi.com.tr\/index.php\/wp-json\/wp\/v2\/product_brand?post=754519"},{"taxonomy":"product_cat","embeddable":true,"href":"https:\/\/roveyayinevi.com.tr\/index.php\/wp-json\/wp\/v2\/product_cat?post=754519"},{"taxonomy":"product_tag","embeddable":true,"href":"https:\/\/roveyayinevi.com.tr\/index.php\/wp-json\/wp\/v2\/product_tag?post=754519"}],"curies":[{"name":"wp","href":"https:\/\/api.w.org\/{rel}","templated":true}]}}