{"id":754517,"date":"2025-08-28T06:13:11","date_gmt":"2025-08-28T03:13:11","guid":{"rendered":"https:\/\/roveyayinevi.com.tr\/index.php\/urun\/delilahin-tum-renkleri-ciltli\/"},"modified":"2026-04-08T03:15:19","modified_gmt":"2026-04-08T00:15:19","slug":"delilahin-tum-renkleri-ciltli","status":"publish","type":"product","link":"https:\/\/roveyayinevi.com.tr\/index.php\/urun\/delilahin-tum-renkleri-ciltli\/","title":{"rendered":"Delilah\u2019\u0131n T\u00fcm Renkleri (Ciltli)"},"content":{"rendered":"<p>\u00c7ok satan Lacivert serisinin yazar\u0131ndan, g\u00fc\u00e7l\u00fc bir kad\u0131n\u0131n k\u00f6klerini aray\u0131\u015f hik\u00e2yesi\u2026 Ben Delilah Hazel. 25 y\u0131ll\u0131k hayat\u0131m kimlik aray\u0131\u015f\u0131yla ge\u00e7ti. \u015eimdi k\u00f6klerimin bulundu\u011fu topraklarday\u0131m. Burada bana Leyla diye sesleniyorlar. Buras\u0131 s\u0131cac\u0131k, kaybetti\u011fim annemin kuca\u011f\u0131 gibi g\u00fcvenli ve babam\u0131n hat\u0131ralar\u0131yla dolu. Beni kabul edecekler mi, bilmiyorum. Ya da ben onlar\u0131 affedecek miyim? Ama emin oldu\u011fum tek \u015fey, bu topraklara k\u00f6k salmak istiyorum, burada ye\u015fermek istiyorum. Uzun y\u0131llar sonra, babas\u0131n\u0131n onu reddeden ailesiyle y\u00fczle\u015fen Delilah, daha yeni tan\u0131\u015ft\u0131\u011f\u0131 akrabalar\u0131 taraf\u0131ndan hi\u00e7 beklemedi\u011fi kadar ho\u015f kar\u015f\u0131lan\u0131nca ait oldu\u011fu k\u00f6kler taraf\u0131ndan kabul edilmeyi umut eder. Ama dedesi, \u00e7ocuklar\u0131yla ayn\u0131 fikirde de\u011fildir. Onun i\u00e7in 25 y\u0131l \u00f6nce verdi\u011fi karar ge\u00e7erlidir, Delilah ailede istenmiyordur. Ancak Delilah\u2019\u0131n halalar\u0131, kendi babalar\u0131na kar\u015f\u0131 gelip ye\u011fenlerini aileye al\u0131r. Fakat Delilah\u2019\u0131n \u00e7ok daha b\u00fcy\u00fck bir problemi vard\u0131r. Yeni ailesine patronu olarak tan\u0131\u015ft\u0131rd\u0131\u011f\u0131 Anthony\u2019nin, hayat\u0131n\u0131n a\u015fk\u0131 oldu\u011funu onlara nas\u0131l anlatacakt\u0131r? Ailesi ve a\u015fk\u0131 aras\u0131nda kalan Delilah, kimli\u011fini ke\u015ffetmeye \u00e7al\u0131\u015f\u0131rken ger\u00e7ek ailenin herhangi bir topra\u011fa ya da kan ba\u011f\u0131na ihtiya\u00e7 duymad\u0131\u011f\u0131n\u0131 fark eder. <\/p>\n","protected":false},"excerpt":{"rendered":"<p>\u00c7ok satan Lacivert serisinin yazar\u0131ndan, g\u00fc\u00e7l\u00fc bir kad\u0131n\u0131n k\u00f6klerini aray\u0131\u015f hik\u00e2yesi\u2026 Ben Delilah Hazel. 25 y\u0131ll\u0131k hayat\u0131m kimlik aray\u0131\u015f\u0131yla ge\u00e7ti. \u015eimdi k\u00f6klerimin bulundu\u011fu topraklarday\u0131m. Burada bana<span class=\"excerpt-hellip\"> [\u2026]<\/span><\/p>\n","protected":false},"featured_media":0,"template":"","meta":{"_monsterinsights_skip_tracking":false,"_monsterinsights_sitenote_active":false,"_monsterinsights_sitenote_note":"","_monsterinsights_sitenote_category":0},"product_brand":[],"product_cat":[12291,12711],"product_tag":[],"class_list":{"0":"post-754517","1":"product","2":"type-product","3":"status-publish","5":"product_cat-edebiyat","6":"product_cat-roman-oyku","7":"pa_cilt-ciltli","8":"pa_tur-kitap","9":"pa_yayinevi-artemis-yayinlari","10":"pa_yazar-t-y-mazer","12":"first","13":"instock","14":"sale","15":"shipping-taxable","16":"purchasable","17":"product-type-simple"},"_links":{"self":[{"href":"https:\/\/roveyayinevi.com.tr\/index.php\/wp-json\/wp\/v2\/product\/754517","targetHints":{"allow":["GET"]}}],"collection":[{"href":"https:\/\/roveyayinevi.com.tr\/index.php\/wp-json\/wp\/v2\/product"}],"about":[{"href":"https:\/\/roveyayinevi.com.tr\/index.php\/wp-json\/wp\/v2\/types\/product"}],"wp:attachment":[{"href":"https:\/\/roveyayinevi.com.tr\/index.php\/wp-json\/wp\/v2\/media?parent=754517"}],"wp:term":[{"taxonomy":"product_brand","embeddable":true,"href":"https:\/\/roveyayinevi.com.tr\/index.php\/wp-json\/wp\/v2\/product_brand?post=754517"},{"taxonomy":"product_cat","embeddable":true,"href":"https:\/\/roveyayinevi.com.tr\/index.php\/wp-json\/wp\/v2\/product_cat?post=754517"},{"taxonomy":"product_tag","embeddable":true,"href":"https:\/\/roveyayinevi.com.tr\/index.php\/wp-json\/wp\/v2\/product_tag?post=754517"}],"curies":[{"name":"wp","href":"https:\/\/api.w.org\/{rel}","templated":true}]}}