{"id":754515,"date":"2025-08-28T06:13:09","date_gmt":"2025-08-28T03:13:09","guid":{"rendered":"https:\/\/roveyayinevi.com.tr\/index.php\/urun\/gercek-tevhidle-yasamak\/"},"modified":"2026-04-16T03:07:51","modified_gmt":"2026-04-16T00:07:51","slug":"gercek-tevhidle-yasamak","status":"publish","type":"product","link":"https:\/\/roveyayinevi.com.tr\/index.php\/urun\/gercek-tevhidle-yasamak\/","title":{"rendered":"Ger\u00e7ek Tevhidle Ya\u015famak"},"content":{"rendered":"<p>Kur\u2019an bize, Allah\u2019a iman\u0131n tevhid \u015fuuruna endeksli oldu\u011funu \u00f6\u011fretir. \u0130slami akidelerle tan\u0131\u015f\u0131k insanlar\u0131n \u00e7o\u011fu, tevhidi, bir beyan olarak d\u00fc\u015f\u00fcn\u00fcr. \u201cAllah birdir. Ortak ve benzeri yoktur, evren O\u2019nundur.\u201d Lakin b\u00f6yle d\u00fc\u015f\u00fcnsek ve bunun do\u011frulu\u011funa inansak da genellikle durum pek de \u00f6yle de\u011filmi\u015f gibi ya\u015far\u0131z. Tevhid ger\u00e7e\u011fine kay\u0131ts\u0131z kal\u0131r\u0131z. Zira bir \u015feyi kabul etmek, ona uygun ya\u015famay\u0131 se\u00e7ece\u011fimiz anlam\u0131na gelmez. Bu sebeple ilahi birli\u011fin tasdiki gibi g\u00f6r\u00fcnen \u015fey, asl\u0131nda \u00fcst\u00fcnk\u00f6r\u00fc, y\u00fczeysel, s\u0131\u011f tevhiddir. Ger\u00e7ek tevhidi ye\u015fertmek i\u00e7in \u00e7\u0131kt\u0131\u011f\u0131m\u0131z uzun yolculukta ilk ad\u0131m olabilir en fazla. Son de\u011fildir, ancak bir ba\u015flang\u0131\u00e7t\u0131r, \u00e7\u00fcnk\u00fc hakiki tevhid bilincinin bir\u00e7ok derecesi vard\u0131r. Tevhid; bildi\u011fimiz, \u00f6\u011frendi\u011fimiz, bir kere s\u00f6yledi\u011fimiz bir \u015fey de\u011fil, ya\u015fan\u0131lan bir h\u00e2ldir. Bilgiyle ba\u015flasa da sadece bir malumat olamaz. \u201cAllah birdir\u201d demek, ilahi birli\u011fin manas\u0131n\u0131n tam olarak ne oldu\u011funu, hayat\u0131m\u0131zda ne gibi sonu\u00e7lar do\u011furmas\u0131 gerektirdi\u011fini kavrad\u0131\u011f\u0131m\u0131z anlam\u0131na gelmez. Ba\u015fka bir deyi\u015fle; hayata bak\u0131\u015f\u0131m\u0131z\u0131 d\u00f6n\u00fc\u015ft\u00fcrmez. Zaten bu kadar kolay olsayd\u0131, neden Kur\u2019an\u2019da b\u00f6yle detayl\u0131 ve vurguyla tevhidin ger\u00e7ek manas\u0131 bize anlat\u0131ls\u0131nd\u0131 ki? Tevhid, Kur\u2019an\u2019\u0131n en merkez\u00ee, en s\u0131k tekrar edilen mesaj\u0131d\u0131r. Buna ra\u011fmen ne s\u0131kl\u0131kla \u00fczerinde kafa yoruyoruz? Bize ne anlatt\u0131\u011f\u0131n\u0131 duyuyor muyuz?   Bu kitap, en derin varolu\u015fsal sorular\u0131m\u0131z\u0131n yan\u0131nda en s\u0131radan umutlar\u0131m\u0131za, korkular\u0131m\u0131za da \u0131\u015f\u0131k tutarken, Bouguenaya; g\u00fcnl\u00fck hayatlar\u0131m\u0131zda tam anlam\u0131yla teslimiyete ula\u015f\u0131p huzur bulmak, \u0130slam\u2019\u0131 ger\u00e7ek manas\u0131yla ya\u015famak i\u00e7in Allah\u2019\u0131n tekli\u011finin i\u015faretlerini g\u00f6rmeye duydu\u011fumuz ihtiyac\u0131 a\u00e7\u0131\u011fa \u00e7\u0131kar\u0131yor. <\/p>\n","protected":false},"excerpt":{"rendered":"<p>Kur\u2019an bize, Allah\u2019a iman\u0131n tevhid \u015fuuruna endeksli oldu\u011funu \u00f6\u011fretir. \u0130slami akidelerle tan\u0131\u015f\u0131k insanlar\u0131n \u00e7o\u011fu, tevhidi, bir beyan olarak d\u00fc\u015f\u00fcn\u00fcr. \u201cAllah birdir. Ortak ve benzeri yoktur, evren<span class=\"excerpt-hellip\"> [\u2026]<\/span><\/p>\n","protected":false},"featured_media":0,"template":"","meta":{"_monsterinsights_skip_tracking":false,"_monsterinsights_sitenote_active":false,"_monsterinsights_sitenote_note":"","_monsterinsights_sitenote_category":0},"product_brand":[],"product_cat":[12718,12719,15238],"product_tag":[],"class_list":{"0":"post-754515","1":"product","2":"type-product","3":"status-publish","5":"product_cat-din","6":"product_cat-islam","7":"product_cat-tasavvuf","8":"pa_cilt-ciltsiz","9":"pa_tur-kitap","10":"pa_yayinevi-hayykitap","11":"pa_yazar-yamina-bouguenaya","13":"first","14":"instock","15":"sale","16":"shipping-taxable","17":"purchasable","18":"product-type-simple"},"_links":{"self":[{"href":"https:\/\/roveyayinevi.com.tr\/index.php\/wp-json\/wp\/v2\/product\/754515","targetHints":{"allow":["GET"]}}],"collection":[{"href":"https:\/\/roveyayinevi.com.tr\/index.php\/wp-json\/wp\/v2\/product"}],"about":[{"href":"https:\/\/roveyayinevi.com.tr\/index.php\/wp-json\/wp\/v2\/types\/product"}],"wp:attachment":[{"href":"https:\/\/roveyayinevi.com.tr\/index.php\/wp-json\/wp\/v2\/media?parent=754515"}],"wp:term":[{"taxonomy":"product_brand","embeddable":true,"href":"https:\/\/roveyayinevi.com.tr\/index.php\/wp-json\/wp\/v2\/product_brand?post=754515"},{"taxonomy":"product_cat","embeddable":true,"href":"https:\/\/roveyayinevi.com.tr\/index.php\/wp-json\/wp\/v2\/product_cat?post=754515"},{"taxonomy":"product_tag","embeddable":true,"href":"https:\/\/roveyayinevi.com.tr\/index.php\/wp-json\/wp\/v2\/product_tag?post=754515"}],"curies":[{"name":"wp","href":"https:\/\/api.w.org\/{rel}","templated":true}]}}