{"id":754513,"date":"2025-08-28T06:13:06","date_gmt":"2025-08-28T03:13:06","guid":{"rendered":"https:\/\/roveyayinevi.com.tr\/index.php\/urun\/tadinda-ekonomi-ac-bir-ekonomistin-gozunden-dunya\/"},"modified":"2026-04-16T03:07:51","modified_gmt":"2026-04-16T00:07:51","slug":"tadinda-ekonomi-ac-bir-ekonomistin-gozunden-dunya","status":"publish","type":"product","link":"https:\/\/roveyayinevi.com.tr\/index.php\/urun\/tadinda-ekonomi-ac-bir-ekonomistin-gozunden-dunya\/","title":{"rendered":"Tad\u0131nda Ekonomi:  A\u00e7 Bir Ekonomistin G\u00f6z\u00fcnden D\u00fcnya"},"content":{"rendered":"<p>Ha-Joon Chang\u2019in mitolojisi bile sar\u0131msakla yo\u011frulmu\u015f G\u00fcney Kore\u2019den \u00e7\u0131k\u0131p \u00fczerinde sar\u0131msa\u011f\u0131n do\u011fmad\u0131\u011f\u0131 Birle\u015fik Krall\u0131k\u2019a geldi\u011fi 1980\u2019ler, \u0130ngiliz mutfa\u011f\u0131n\u0131n o \u015fanl\u0131 yavanl\u0131\u011f\u0131ndan s\u0131yr\u0131larak, farkl\u0131 tatlarla zenginle\u015fmeye \u00e7al\u0131\u015ft\u0131\u011f\u0131 bir d\u00f6nemdi. D\u00fcnya ise ayn\u0131 d\u00f6nemde yavanla\u015fma pahas\u0131na tek bir fikrin h\u00e2kimiyetine ge\u00e7iyordu: serbest piyasa ekonomisi.    \u00dcnl\u00fc ekonomist, yazar ve mutfak tutkunu Ha-Joon Chang\u2019in, ekonomide farkl\u0131 bak\u0131\u015f a\u00e7\u0131lar\u0131na a\u00e7\u0131k olman\u0131n, en az farkl\u0131 mutfaklara a\u00e7\u0131k olmak kadar sa\u011fl\u0131kl\u0131 oldu\u011fu fikrinden yola \u00e7\u0131karak kaleme ald\u0131\u011f\u0131 Tad\u0131nda Ekonomi, zorlu iktisadi fikirleri, d\u00fcnyan\u0131n d\u00f6rt bir yan\u0131ndan yiyeceklerin hik\u00e2yeleriyle ayn\u0131 tabakta servis ederek ekonomik tercihlerimizin ya\u015fad\u0131\u011f\u0131m\u0131z d\u00fcnyay\u0131 nas\u0131l \u015fekillendirdi\u011fini ortaya koyuyor. Masum ba\u011f\u0131ml\u0131l\u0131\u011f\u0131m\u0131z \u00e7ikolatan\u0131n, post-end\u00fcstriyel bilgi ekonomilerine \u2013ve i\u015fsiz bir gelece\u011fe\u2013 dair de bir \u015feyler anlatt\u0131\u011f\u0131n\u0131 ya da G\u00fcney Amerika yemeklerinden gumbo\u2019yu a\u011f\u0131zda eriyecek kadar yumu\u015fac\u0131k yapan bamyan\u0131n, kapitalizm ile \u00f6zg\u00fcrl\u00fckler aras\u0131ndaki karma\u015f\u0131k ili\u015fkiyi de temsil etti\u011fini g\u00f6steriyor. Chang, mutfa\u011f\u0131nda yemek pi\u015firirken eline ald\u0131\u011f\u0131 malzemeler \u00fcst\u00fcnden \u00fccretsiz ev i\u015flerinin gizli maliyetinden iklim krizine, serbest piyasan\u0131n yan\u0131lt\u0131c\u0131 dilinden havu\u00e7lar\u0131n turuncula\u015fma hik\u00e2yesine kadar uzanarak, bizlere cesur fikirlerle dolu ve sindirimi kolay bir ziyafet sunuyor.  Ezber bozan ve esprili anlat\u0131m\u0131yla Tad\u0131nda Ekonomi, ekonomiyi kavraman\u0131n bir yemek tarifi \u00f6\u011frenmeye benzedi\u011fini g\u00f6steriyor: E\u011fer onu iyice anlarsak, de\u011fi\u015ftirebiliriz de.    \u201cChang\u2019in karma\u015f\u0131k fikirleri basit\u00e7e a\u00e7\u0131klayabilmek gibi muhte\u015fem bir yetene\u011fi var&#8230; \u0130ster yemekten ister ekonomiden bahsetsin, Chang harika bir yazar.\u201d \u2013BEE WILSON, SUNDAY TIMES    \u201cAyn\u0131 anda hem beni g\u00fcld\u00fcren hem a\u011fz\u0131m\u0131 suland\u0131ran hem de ekonomiyle ilgili d\u00fc\u015f\u00fcncelerimi yeniden g\u00f6zden ge\u00e7irmemi sa\u011flayan tek kitap. \u00c7ok komik, \u00e7ok dolu ve i\u015ftah a\u00e7\u0131c\u0131.\u201d \u2013BRIAN ENO   <\/p>\n","protected":false},"excerpt":{"rendered":"<p>Ha-Joon Chang\u2019in mitolojisi bile sar\u0131msakla yo\u011frulmu\u015f G\u00fcney Kore\u2019den \u00e7\u0131k\u0131p \u00fczerinde sar\u0131msa\u011f\u0131n do\u011fmad\u0131\u011f\u0131 Birle\u015fik Krall\u0131k\u2019a geldi\u011fi 1980\u2019ler, \u0130ngiliz mutfa\u011f\u0131n\u0131n o \u015fanl\u0131 yavanl\u0131\u011f\u0131ndan s\u0131yr\u0131larak, farkl\u0131 tatlarla zenginle\u015fmeye \u00e7al\u0131\u015ft\u0131\u011f\u0131<span class=\"excerpt-hellip\"> [\u2026]<\/span><\/p>\n","protected":false},"featured_media":0,"template":"","meta":{"_monsterinsights_skip_tracking":false,"_monsterinsights_sitenote_active":false,"_monsterinsights_sitenote_note":"","_monsterinsights_sitenote_category":0},"product_brand":[],"product_cat":[13590,12337],"product_tag":[],"class_list":{"0":"post-754513","1":"product","2":"type-product","3":"status-publish","5":"product_cat-arastirma-inceleme-politika-siyaset","6":"product_cat-politika-siyaset","7":"pa_cilt-ciltsiz","8":"pa_tur-kitap","9":"pa_yayinevi-domingo-yayinevi","10":"pa_yazar-ha-joon-chang","12":"first","13":"instock","14":"sale","15":"shipping-taxable","16":"purchasable","17":"product-type-simple"},"_links":{"self":[{"href":"https:\/\/roveyayinevi.com.tr\/index.php\/wp-json\/wp\/v2\/product\/754513","targetHints":{"allow":["GET"]}}],"collection":[{"href":"https:\/\/roveyayinevi.com.tr\/index.php\/wp-json\/wp\/v2\/product"}],"about":[{"href":"https:\/\/roveyayinevi.com.tr\/index.php\/wp-json\/wp\/v2\/types\/product"}],"wp:attachment":[{"href":"https:\/\/roveyayinevi.com.tr\/index.php\/wp-json\/wp\/v2\/media?parent=754513"}],"wp:term":[{"taxonomy":"product_brand","embeddable":true,"href":"https:\/\/roveyayinevi.com.tr\/index.php\/wp-json\/wp\/v2\/product_brand?post=754513"},{"taxonomy":"product_cat","embeddable":true,"href":"https:\/\/roveyayinevi.com.tr\/index.php\/wp-json\/wp\/v2\/product_cat?post=754513"},{"taxonomy":"product_tag","embeddable":true,"href":"https:\/\/roveyayinevi.com.tr\/index.php\/wp-json\/wp\/v2\/product_tag?post=754513"}],"curies":[{"name":"wp","href":"https:\/\/api.w.org\/{rel}","templated":true}]}}