{"id":754512,"date":"2025-08-28T06:13:04","date_gmt":"2025-08-28T03:13:04","guid":{"rendered":"https:\/\/roveyayinevi.com.tr\/index.php\/urun\/kullanici-bulunamadi\/"},"modified":"2026-04-16T03:07:51","modified_gmt":"2026-04-16T00:07:51","slug":"kullanici-bulunamadi","status":"publish","type":"product","link":"https:\/\/roveyayinevi.com.tr\/index.php\/urun\/kullanici-bulunamadi\/","title":{"rendered":"Kullan\u0131c\u0131 Bulunamad\u0131"},"content":{"rendered":"<p>\u201cSen olmak ne demek?&#8221;Herkesin cevab\u0131 bamba\u015fka olabilir ama \u00d6zg\u00fcrBal, bu soruya \u201cBen olmak d\u00fcnyaya pembeg\u00f6zl\u00fcklerimden bakmak,\u201d dedi.Binlerce ki\u015fi bu yay\u0131n\u0131 izledi. Sadece maskelibir adam, Nam-\u0131 di\u011fer Wind onun yalans\u00f6yledi\u011finin fark\u0131ndayd\u0131. \u00d6zg\u00fcr\u2019\u00fcn renksizolan her \u015feyi pembeye boyad\u0131\u011f\u0131 d\u00fcnyas\u0131na elindesiyah boyalarla s\u0131zd\u0131. O pembe d\u00fcnya, asla gerid\u00f6n\u00fclmeyecek \u015fekilde koyu renklere buland\u0131. <\/p>\n","protected":false},"excerpt":{"rendered":"<p>\u201cSen olmak ne demek?&#8221;Herkesin cevab\u0131 bamba\u015fka olabilir ama \u00d6zg\u00fcrBal, bu soruya \u201cBen olmak d\u00fcnyaya pembeg\u00f6zl\u00fcklerimden bakmak,\u201d dedi.Binlerce ki\u015fi bu yay\u0131n\u0131 izledi. Sadece maskelibir adam, Nam-\u0131 di\u011fer<span class=\"excerpt-hellip\"> [\u2026]<\/span><\/p>\n","protected":false},"featured_media":0,"template":"","meta":{"_monsterinsights_skip_tracking":false,"_monsterinsights_sitenote_active":false,"_monsterinsights_sitenote_note":"","_monsterinsights_sitenote_category":0},"product_brand":[],"product_cat":[12291,12711],"product_tag":[],"class_list":{"0":"post-754512","1":"product","2":"type-product","3":"status-publish","5":"product_cat-edebiyat","6":"product_cat-roman-oyku","7":"pa_cilt-ciltsiz","8":"pa_tur-kitap","9":"pa_yayinevi-epsilon-yayinlari","10":"pa_yazar-emine-can-ozgur-balakar","12":"first","13":"instock","14":"sale","15":"shipping-taxable","16":"purchasable","17":"product-type-simple"},"_links":{"self":[{"href":"https:\/\/roveyayinevi.com.tr\/index.php\/wp-json\/wp\/v2\/product\/754512","targetHints":{"allow":["GET"]}}],"collection":[{"href":"https:\/\/roveyayinevi.com.tr\/index.php\/wp-json\/wp\/v2\/product"}],"about":[{"href":"https:\/\/roveyayinevi.com.tr\/index.php\/wp-json\/wp\/v2\/types\/product"}],"wp:attachment":[{"href":"https:\/\/roveyayinevi.com.tr\/index.php\/wp-json\/wp\/v2\/media?parent=754512"}],"wp:term":[{"taxonomy":"product_brand","embeddable":true,"href":"https:\/\/roveyayinevi.com.tr\/index.php\/wp-json\/wp\/v2\/product_brand?post=754512"},{"taxonomy":"product_cat","embeddable":true,"href":"https:\/\/roveyayinevi.com.tr\/index.php\/wp-json\/wp\/v2\/product_cat?post=754512"},{"taxonomy":"product_tag","embeddable":true,"href":"https:\/\/roveyayinevi.com.tr\/index.php\/wp-json\/wp\/v2\/product_tag?post=754512"}],"curies":[{"name":"wp","href":"https:\/\/api.w.org\/{rel}","templated":true}]}}