{"id":754511,"date":"2025-08-28T06:13:03","date_gmt":"2025-08-28T03:13:03","guid":{"rendered":"https:\/\/roveyayinevi.com.tr\/index.php\/urun\/kendi-isigina-yuru\/"},"modified":"2026-01-22T03:30:28","modified_gmt":"2026-01-22T00:30:28","slug":"kendi-isigina-yuru","status":"publish","type":"product","link":"https:\/\/roveyayinevi.com.tr\/index.php\/urun\/kendi-isigina-yuru\/","title":{"rendered":"Kendi I\u015f\u0131\u011f\u0131na Y\u00fcr\u00fc"},"content":{"rendered":"<p>G\u00fcnlerde ya\u015f\u0131yoruz, g\u00fcnleri mesken tutuyoruz, kimi ac\u0131l\u0131 kimi sevin\u00e7li g\u00fcnlerde.   \u201c\u00c7ok b\u00fcy\u00fck, varolu\u015fsal bir y\u0131k\u0131m ya\u015fayan insanlar, karanl\u0131\u011f\u0131n ortas\u0131nda umut \u0131\u015f\u0131\u011f\u0131n\u0131 bulmalar\u0131na yard\u0131mc\u0131 olacak, onlara uzanacak bir el arar. Zifiri karanl\u0131kta ruha y\u00f6n g\u00f6sterecek bir \u0131\u015f\u0131k \u00e7ak\u0131m\u0131. \u00c7\u00f6l s\u0131ca\u011f\u0131nda bir serinlik. Varolu\u015fsal bir sars\u0131nt\u0131 ruhun \u00fcst\u00fcn\u00fc \u00f6rtt\u00fc\u011f\u00fcnde, bir kum f\u0131rt\u0131nas\u0131nda nas\u0131l g\u00f6z g\u00f6z\u00fc g\u00f6rm\u00fcyorsa i\u015fte hayat\u0131n yollar\u0131 da \u00f6yle g\u00f6r\u00fcnmez olur; bu heng\u00e2menin ortas\u0131nda kalan insanlar bir y\u00f6n, bir \u0131\u015f\u0131k bulmakta zorlan\u0131rlar.   Hayat\u0131n o en zor ge\u00e7itlerinde, karanl\u0131\u011f\u0131 delen bir \u0131\u015f\u0131k mutlaka vard\u0131r. Onunla yolumuzu bulur, onunla ya\u015famaya devam ederiz. Senin i\u00e7inde yanan kandili kimse s\u00f6nd\u00fcremez. Etraf\u0131 zifiri karanl\u0131k kaplad\u0131\u011f\u0131nda sak\u0131n korkma. Kendi \u0131\u015f\u0131\u011f\u0131na y\u00fcr\u00fc.\u201d   Zor g\u00fcnlerin i\u00e7inden selametle \u00e7\u0131kabilmek i\u00e7in kendi \u0131\u015f\u0131\u011f\u0131m\u0131z\u0131 i\u015faret ediyor Kemal Sayar. \u00dcmitle tekrar parlat\u0131lacak bir \u0131\u015f\u0131k. Bir ba\u015f\u0131na de\u011fil ama birlikte; y\u00fcrek hizas\u0131nda bir m\u00fccadele. <\/p>\n","protected":false},"excerpt":{"rendered":"<p>G\u00fcnlerde ya\u015f\u0131yoruz, g\u00fcnleri mesken tutuyoruz, kimi ac\u0131l\u0131 kimi sevin\u00e7li g\u00fcnlerde. \u201c\u00c7ok b\u00fcy\u00fck, varolu\u015fsal bir y\u0131k\u0131m ya\u015fayan insanlar, karanl\u0131\u011f\u0131n ortas\u0131nda umut \u0131\u015f\u0131\u011f\u0131n\u0131 bulmalar\u0131na yard\u0131mc\u0131 olacak, onlara uzanacak<span class=\"excerpt-hellip\"> [\u2026]<\/span><\/p>\n","protected":false},"featured_media":0,"template":"","meta":{"_monsterinsights_skip_tracking":false,"_monsterinsights_sitenote_active":false,"_monsterinsights_sitenote_note":"","_monsterinsights_sitenote_category":0},"product_brand":[],"product_cat":[12357],"product_tag":[],"class_list":{"0":"post-754511","1":"product","2":"type-product","3":"status-publish","5":"product_cat-psikoloji","6":"pa_cilt-ciltsiz","7":"pa_tur-kitap","8":"pa_yayinevi-kapi-yayinlari","9":"pa_yazar-kemal-sayar","11":"first","12":"instock","13":"sale","14":"shipping-taxable","15":"purchasable","16":"product-type-simple"},"_links":{"self":[{"href":"https:\/\/roveyayinevi.com.tr\/index.php\/wp-json\/wp\/v2\/product\/754511","targetHints":{"allow":["GET"]}}],"collection":[{"href":"https:\/\/roveyayinevi.com.tr\/index.php\/wp-json\/wp\/v2\/product"}],"about":[{"href":"https:\/\/roveyayinevi.com.tr\/index.php\/wp-json\/wp\/v2\/types\/product"}],"wp:attachment":[{"href":"https:\/\/roveyayinevi.com.tr\/index.php\/wp-json\/wp\/v2\/media?parent=754511"}],"wp:term":[{"taxonomy":"product_brand","embeddable":true,"href":"https:\/\/roveyayinevi.com.tr\/index.php\/wp-json\/wp\/v2\/product_brand?post=754511"},{"taxonomy":"product_cat","embeddable":true,"href":"https:\/\/roveyayinevi.com.tr\/index.php\/wp-json\/wp\/v2\/product_cat?post=754511"},{"taxonomy":"product_tag","embeddable":true,"href":"https:\/\/roveyayinevi.com.tr\/index.php\/wp-json\/wp\/v2\/product_tag?post=754511"}],"curies":[{"name":"wp","href":"https:\/\/api.w.org\/{rel}","templated":true}]}}