{"id":754509,"date":"2025-08-28T06:12:58","date_gmt":"2025-08-28T03:12:58","guid":{"rendered":"https:\/\/roveyayinevi.com.tr\/index.php\/urun\/yandigin-ates-yoluna-isik-olur\/"},"modified":"2026-03-11T03:30:28","modified_gmt":"2026-03-11T00:30:28","slug":"yandigin-ates-yoluna-isik-olur","status":"publish","type":"product","link":"https:\/\/roveyayinevi.com.tr\/index.php\/urun\/yandigin-ates-yoluna-isik-olur\/","title":{"rendered":"Yand\u0131\u011f\u0131n Ate\u015f Yoluna I\u015f\u0131k Olur"},"content":{"rendered":"<p>Hayat vazge\u00e7meyenleri \u00f6d\u00fcllendirir! \u00d6zg\u00fcrl\u00fck r\u00fczg\u00e2rlar\u0131n\u0131n esti\u011fi Londra sokaklar\u0131ndan, \u0130stanbul\u2019daki bir cezaevi h\u00fccresine; uluslararas\u0131 bir haber merkezinin renkli atmosferinden, mahkemelerin a\u011f\u0131r ve kasvetli salonlar\u0131na; b\u00fcy\u00fck a\u015fklardan, koyu ihanetlere; dipsiz umutsuzluklardan, k\u00fcllerinden yeniden do\u011fu\u015flara \u015fahitlik edece\u011finiz bu kitap etkileyici bir dille kaleme al\u0131nm\u0131\u015f ak\u0131c\u0131, ironik ve birbirinden s\u00fcr\u00fckleyici ya\u015fanm\u0131\u015f hik\u00e2yeler bar\u0131nd\u0131r\u0131yor. Sedef Kaba\u015f\u2019\u0131n e\u015fsiz anlat\u0131m\u0131 ve derin analizleri size ilham vermekle kalmay\u0131p, hayat\u0131n ini\u015fli \u00e7\u0131k\u0131\u015fl\u0131 dans\u0131na ayak uydurman\u0131za yard\u0131mc\u0131 olacak. G\u00fc\u00e7l\u00fcklerden nas\u0131l g\u00fc\u00e7lenerek \u00e7\u0131kabilece\u011finize rehberlik edecek. Ayn\u0131 ya\u015fam\u0131n i\u00e7inde birbirinin z\u0131dd\u0131 olaylar\u0131n kazand\u0131rd\u0131\u011f\u0131 engin tecr\u00fcbenin \u0131\u015f\u0131\u011f\u0131nda farkl\u0131 bak\u0131\u015f a\u00e7\u0131lar\u0131 geli\u015ftirmenize olanak tan\u0131yan bu eser sadece bir kitap de\u011fil, ayn\u0131 zamanda hayat\u0131n zorluklar\u0131na kar\u015f\u0131 bir meydan okuyu\u015f. Bir kad\u0131n\u0131n, bir gazetecinin, bir e\u011fitmenin, bir annenin, kimilerine g\u00f6re art\u0131k bir aktivistin ama en \u00e7ok da ayd\u0131nl\u0131k, \u00f6zg\u00fcr ve adil bir gelecek m\u00fcmk\u00fcn inanc\u0131n\u0131 bar\u0131nd\u0131ran bir m\u00fccadelenin kay\u0131tlar\u0131n\u0131 i\u00e7eren Yand\u0131\u011f\u0131n Ate\u015f Yoluna I\u015f\u0131k Olur her \u015feye ra\u011fmen vazge\u00e7meyenlerin \u00f6zg\u00fcrl\u00fck manifestosu&#8230; <\/p>\n","protected":false},"excerpt":{"rendered":"<p>Hayat vazge\u00e7meyenleri \u00f6d\u00fcllendirir! \u00d6zg\u00fcrl\u00fck r\u00fczg\u00e2rlar\u0131n\u0131n esti\u011fi Londra sokaklar\u0131ndan, \u0130stanbul\u2019daki bir cezaevi h\u00fccresine; uluslararas\u0131 bir haber merkezinin renkli atmosferinden, mahkemelerin a\u011f\u0131r ve kasvetli salonlar\u0131na; b\u00fcy\u00fck a\u015fklardan, koyu<span class=\"excerpt-hellip\"> [\u2026]<\/span><\/p>\n","protected":false},"featured_media":0,"template":"","meta":{"_monsterinsights_skip_tracking":false,"_monsterinsights_sitenote_active":false,"_monsterinsights_sitenote_note":"","_monsterinsights_sitenote_category":0},"product_brand":[],"product_cat":[18545,12291],"product_tag":[],"class_list":{"0":"post-754509","1":"product","2":"type-product","3":"status-publish","5":"product_cat-anlati","6":"product_cat-edebiyat","7":"pa_cilt-ciltsiz","8":"pa_tur-kitap","9":"pa_yayinevi-destek-yayinlari","10":"pa_yazar-sedef-kabas","12":"first","13":"instock","14":"sale","15":"shipping-taxable","16":"purchasable","17":"product-type-simple"},"_links":{"self":[{"href":"https:\/\/roveyayinevi.com.tr\/index.php\/wp-json\/wp\/v2\/product\/754509","targetHints":{"allow":["GET"]}}],"collection":[{"href":"https:\/\/roveyayinevi.com.tr\/index.php\/wp-json\/wp\/v2\/product"}],"about":[{"href":"https:\/\/roveyayinevi.com.tr\/index.php\/wp-json\/wp\/v2\/types\/product"}],"wp:attachment":[{"href":"https:\/\/roveyayinevi.com.tr\/index.php\/wp-json\/wp\/v2\/media?parent=754509"}],"wp:term":[{"taxonomy":"product_brand","embeddable":true,"href":"https:\/\/roveyayinevi.com.tr\/index.php\/wp-json\/wp\/v2\/product_brand?post=754509"},{"taxonomy":"product_cat","embeddable":true,"href":"https:\/\/roveyayinevi.com.tr\/index.php\/wp-json\/wp\/v2\/product_cat?post=754509"},{"taxonomy":"product_tag","embeddable":true,"href":"https:\/\/roveyayinevi.com.tr\/index.php\/wp-json\/wp\/v2\/product_tag?post=754509"}],"curies":[{"name":"wp","href":"https:\/\/api.w.org\/{rel}","templated":true}]}}