{"id":754508,"date":"2025-08-28T06:12:57","date_gmt":"2025-08-28T03:12:57","guid":{"rendered":"https:\/\/roveyayinevi.com.tr\/index.php\/urun\/ada-ve-deniz-oyunlu-bahcede\/"},"modified":"2026-04-16T03:07:51","modified_gmt":"2026-04-16T00:07:51","slug":"ada-ve-deniz-oyunlu-bahcede","status":"publish","type":"product","link":"https:\/\/roveyayinevi.com.tr\/index.php\/urun\/ada-ve-deniz-oyunlu-bahcede\/","title":{"rendered":"Ada ve Deniz Oyunlu Bah\u00e7ede"},"content":{"rendered":"<p>16 PAR\u00c7ALI  7 PUZZLE !   Bu bah\u00e7ede oyun sakl\u0131 !Bir yandan da i\u015fler yap\u0131lmal\u0131.Haz\u0131r m\u0131s\u0131n i\u015f b\u00f6l\u00fcm\u00fc yap\u0131p \u00e7al\u0131\u015fmaya, \u00e7al\u0131\u015f\u0131rken oyun oynamaya? <\/p>\n","protected":false},"excerpt":{"rendered":"<p>16 PAR\u00c7ALI 7 PUZZLE ! Bu bah\u00e7ede oyun sakl\u0131 !Bir yandan da i\u015fler yap\u0131lmal\u0131.Haz\u0131r m\u0131s\u0131n i\u015f b\u00f6l\u00fcm\u00fc yap\u0131p \u00e7al\u0131\u015fmaya, \u00e7al\u0131\u015f\u0131rken oyun oynamaya?<\/p>\n","protected":false},"featured_media":0,"template":"","meta":{"_monsterinsights_skip_tracking":false,"_monsterinsights_sitenote_active":false,"_monsterinsights_sitenote_note":"","_monsterinsights_sitenote_category":0},"product_brand":[],"product_cat":[12274,90558],"product_tag":[],"class_list":{"0":"post-754508","1":"product","2":"type-product","3":"status-publish","5":"product_cat-cocuk-ve-genclik-kitaplari","6":"product_cat-yapboz-kitaplari","7":"pa_cilt-ciltli","8":"pa_tur-kitap","9":"pa_yayinevi-ucan-fil-yayinlari","10":"pa_yazar-serap-armutlu-acar","12":"first","13":"instock","14":"sale","15":"shipping-taxable","16":"purchasable","17":"product-type-simple"},"_links":{"self":[{"href":"https:\/\/roveyayinevi.com.tr\/index.php\/wp-json\/wp\/v2\/product\/754508","targetHints":{"allow":["GET"]}}],"collection":[{"href":"https:\/\/roveyayinevi.com.tr\/index.php\/wp-json\/wp\/v2\/product"}],"about":[{"href":"https:\/\/roveyayinevi.com.tr\/index.php\/wp-json\/wp\/v2\/types\/product"}],"wp:attachment":[{"href":"https:\/\/roveyayinevi.com.tr\/index.php\/wp-json\/wp\/v2\/media?parent=754508"}],"wp:term":[{"taxonomy":"product_brand","embeddable":true,"href":"https:\/\/roveyayinevi.com.tr\/index.php\/wp-json\/wp\/v2\/product_brand?post=754508"},{"taxonomy":"product_cat","embeddable":true,"href":"https:\/\/roveyayinevi.com.tr\/index.php\/wp-json\/wp\/v2\/product_cat?post=754508"},{"taxonomy":"product_tag","embeddable":true,"href":"https:\/\/roveyayinevi.com.tr\/index.php\/wp-json\/wp\/v2\/product_tag?post=754508"}],"curies":[{"name":"wp","href":"https:\/\/api.w.org\/{rel}","templated":true}]}}