{"id":754507,"date":"2025-08-28T06:12:55","date_gmt":"2025-08-28T03:12:55","guid":{"rendered":"https:\/\/roveyayinevi.com.tr\/index.php\/urun\/doga-takvimi-kraft-kapak\/"},"modified":"2026-04-16T03:07:51","modified_gmt":"2026-04-16T00:07:51","slug":"doga-takvimi-kraft-kapak","status":"publish","type":"product","link":"https:\/\/roveyayinevi.com.tr\/index.php\/urun\/doga-takvimi-kraft-kapak\/","title":{"rendered":"Do\u011fa Takvimi (Kraft Kapak)"},"content":{"rendered":"<p>Etraf\u0131m\u0131z beton duvarlar ve asfalt yollarla \u00e7evrilmi\u015f olsa da do\u011fal ya\u015fam onu fark etmemiz i\u00e7in bizi bekliyor. Sadece biraz dikkat ve merak yeterli. Do\u011fa Takvimi tam da bunun i\u00e7in haz\u0131rland\u0131.   Do\u011fa Takvimi, g\u00fcnleri takip ederken ayn\u0131 zamanda bulutlar\u0131n \u00fcst\u00fcnde ve suyun alt\u0131nda neler olup bitti\u011fini bize g\u00f6sterecek. \u0130lkbaharda rengarenk uyanan tabiat\u0131, ekim ve hasat zamanlar\u0131n\u0131, g\u00f6\u00e7 eden hamsileri ve leylekleri, her mevsimde ba\u015fka bir renge b\u00fcr\u00fcnen ormanlar\u0131, Perseid meteor ya\u011fmurunu\u2026 Sayfalar boyunca do\u011fan\u0131n kendine has ya\u015fam d\u00f6ng\u00fcs\u00fcn\u00fc g\u00fcn g\u00fcn izleyece\u011fiz. Fark etmeden yan\u0131ndan ge\u00e7ip gitti\u011finiz sedir a\u011fac\u0131n\u0131, geceleyin \u015fark\u0131lar\u0131n\u0131 dinledimiz b\u00fclb\u00fclleri, sokakta g\u00f6rd\u00fc\u011f\u00fcm\u00fcz kedileri ya da ormanda denk gelince hayranl\u0131kla izledi\u011fimiz alageyikleri yak\u0131ndan tan\u0131yaca\u011f\u0131z. Ayr\u0131ca \u00f6\u011frenmekle yetinmeyenler i\u00e7in tasarlanm\u0131\u015f birbirinden e\u011flenceli hedefler sayesinde do\u011fayla kurdu\u011fumuz ba\u011f g\u00fc\u00e7lenecek.   \u0130stanbul \u00dcniversitesi Biyoloji B\u00f6l\u00fcm\u00fc \u00f6\u011fretim \u00fcyesi Dr. Fatih Dikmen\u2019in kaleme ald\u0131\u011f\u0131, Rukiye Ulusan\u2019\u0131n reng\u00e2renk \u00e7izimleriyle s\u00fcsledi\u011fi Do\u011fa Takvimi; her ya\u015ftan okuru etraf\u0131na yeniden bakmaya davet ediyor. <\/p>\n","protected":false},"excerpt":{"rendered":"<p>Etraf\u0131m\u0131z beton duvarlar ve asfalt yollarla \u00e7evrilmi\u015f olsa da do\u011fal ya\u015fam onu fark etmemiz i\u00e7in bizi bekliyor. Sadece biraz dikkat ve merak yeterli. Do\u011fa Takvimi tam<span class=\"excerpt-hellip\"> [\u2026]<\/span><\/p>\n","protected":false},"featured_media":0,"template":"","meta":{"_monsterinsights_skip_tracking":false,"_monsterinsights_sitenote_active":false,"_monsterinsights_sitenote_note":"","_monsterinsights_sitenote_category":0},"product_brand":[],"product_cat":[12274],"product_tag":[],"class_list":{"0":"post-754507","1":"product","2":"type-product","3":"status-publish","5":"product_cat-cocuk-ve-genclik-kitaplari","6":"pa_cilt-ciltsiz","7":"pa_tur-kitap","8":"pa_yayinevi-taze-kitap","9":"pa_yazar-fatih-dikmen","11":"first","12":"instock","13":"sale","14":"shipping-taxable","15":"purchasable","16":"product-type-simple"},"_links":{"self":[{"href":"https:\/\/roveyayinevi.com.tr\/index.php\/wp-json\/wp\/v2\/product\/754507","targetHints":{"allow":["GET"]}}],"collection":[{"href":"https:\/\/roveyayinevi.com.tr\/index.php\/wp-json\/wp\/v2\/product"}],"about":[{"href":"https:\/\/roveyayinevi.com.tr\/index.php\/wp-json\/wp\/v2\/types\/product"}],"wp:attachment":[{"href":"https:\/\/roveyayinevi.com.tr\/index.php\/wp-json\/wp\/v2\/media?parent=754507"}],"wp:term":[{"taxonomy":"product_brand","embeddable":true,"href":"https:\/\/roveyayinevi.com.tr\/index.php\/wp-json\/wp\/v2\/product_brand?post=754507"},{"taxonomy":"product_cat","embeddable":true,"href":"https:\/\/roveyayinevi.com.tr\/index.php\/wp-json\/wp\/v2\/product_cat?post=754507"},{"taxonomy":"product_tag","embeddable":true,"href":"https:\/\/roveyayinevi.com.tr\/index.php\/wp-json\/wp\/v2\/product_tag?post=754507"}],"curies":[{"name":"wp","href":"https:\/\/api.w.org\/{rel}","templated":true}]}}