{"id":754504,"date":"2025-08-28T06:12:51","date_gmt":"2025-08-28T03:12:51","guid":{"rendered":"https:\/\/roveyayinevi.com.tr\/index.php\/urun\/bay-kukulenin-cantasi-ciltli\/"},"modified":"2026-04-16T03:07:51","modified_gmt":"2026-04-16T00:07:51","slug":"bay-kukulenin-cantasi-ciltli","status":"publish","type":"product","link":"https:\/\/roveyayinevi.com.tr\/index.php\/urun\/bay-kukulenin-cantasi-ciltli\/","title":{"rendered":"Bay Kukule\u2019nin \u00c7antas\u0131 (Ciltli)"},"content":{"rendered":"<p>Tav\u015fan Bay Kukule ko\u015farak yola \u00e7\u0131kt\u0131.Yan\u0131nda kocaman k\u0131rm\u0131z\u0131 \u00e7antas\u0131.Bisiklet, otob\u00fcs, gemi\u2026Balon, tren ve trakt\u00f6re bindi.Peki, bu kadar \u00e7ok ara\u00e7la nereye gitti?Hadi acele et, Kukule\u2019ye yeti\u015f.\u00c7antas\u0131ndaki s\u00fcrprizler kimler i\u00e7in ke\u015ffet!<\/p>\n","protected":false},"excerpt":{"rendered":"<p>Tav\u015fan Bay Kukule ko\u015farak yola \u00e7\u0131kt\u0131.Yan\u0131nda kocaman k\u0131rm\u0131z\u0131 \u00e7antas\u0131.Bisiklet, otob\u00fcs, gemi\u2026Balon, tren ve trakt\u00f6re bindi.Peki, bu kadar \u00e7ok ara\u00e7la nereye gitti?Hadi acele et, Kukule\u2019ye yeti\u015f.\u00c7antas\u0131ndaki s\u00fcrprizler<span class=\"excerpt-hellip\"> [\u2026]<\/span><\/p>\n","protected":false},"featured_media":0,"template":"","meta":{"_monsterinsights_skip_tracking":false,"_monsterinsights_sitenote_active":false,"_monsterinsights_sitenote_note":"","_monsterinsights_sitenote_category":0},"product_brand":[],"product_cat":[12274,12284],"product_tag":[],"class_list":{"0":"post-754504","1":"product","2":"type-product","3":"status-publish","5":"product_cat-cocuk-ve-genclik-kitaplari","6":"product_cat-hikayeler","7":"pa_cilt-ciltli","8":"pa_tur-kitap","9":"pa_yayinevi-ucan-fil-yayinlari","10":"pa_yazar-ozlem-fedai-korcak","12":"first","13":"instock","14":"sale","15":"shipping-taxable","16":"purchasable","17":"product-type-simple"},"_links":{"self":[{"href":"https:\/\/roveyayinevi.com.tr\/index.php\/wp-json\/wp\/v2\/product\/754504","targetHints":{"allow":["GET"]}}],"collection":[{"href":"https:\/\/roveyayinevi.com.tr\/index.php\/wp-json\/wp\/v2\/product"}],"about":[{"href":"https:\/\/roveyayinevi.com.tr\/index.php\/wp-json\/wp\/v2\/types\/product"}],"wp:attachment":[{"href":"https:\/\/roveyayinevi.com.tr\/index.php\/wp-json\/wp\/v2\/media?parent=754504"}],"wp:term":[{"taxonomy":"product_brand","embeddable":true,"href":"https:\/\/roveyayinevi.com.tr\/index.php\/wp-json\/wp\/v2\/product_brand?post=754504"},{"taxonomy":"product_cat","embeddable":true,"href":"https:\/\/roveyayinevi.com.tr\/index.php\/wp-json\/wp\/v2\/product_cat?post=754504"},{"taxonomy":"product_tag","embeddable":true,"href":"https:\/\/roveyayinevi.com.tr\/index.php\/wp-json\/wp\/v2\/product_tag?post=754504"}],"curies":[{"name":"wp","href":"https:\/\/api.w.org\/{rel}","templated":true}]}}