{"id":754503,"date":"2025-08-28T06:12:49","date_gmt":"2025-08-28T03:12:49","guid":{"rendered":"https:\/\/roveyayinevi.com.tr\/index.php\/urun\/istanbul-buradaydi\/"},"modified":"2026-04-16T03:07:51","modified_gmt":"2026-04-16T00:07:51","slug":"istanbul-buradaydi","status":"publish","type":"product","link":"https:\/\/roveyayinevi.com.tr\/index.php\/urun\/istanbul-buradaydi\/","title":{"rendered":"\u0130stanbul Buradayd\u0131"},"content":{"rendered":"<p>\u201cBen mi tablonun i\u00e7ine girmi\u015ftim yoksa o mu kendi d\u0131\u015f\u0131na ta\u015f\u0131p beni kapsam\u0131\u015ft\u0131? Hangisi olmu\u015ftu, \u015fimdi de bilmiyorum; sadece kompozisyonun \u00e7evremdeki her \u015feye, pazara, pazarc\u0131lara, meyve, turp ve \u0131stakozlara, g\u00f6z\u00fcm\u00fcn de\u011fdi\u011fi her \u015feye tamam\u0131yla h\u00e2kim oldu\u011funun ve bu h\u00e2kimiyetin, do\u011frudan sanat\u0131n g\u00fcc\u00fc anlam\u0131na geldi\u011finin fark\u0131ndayd\u0131m.\u201d   Ele ald\u0131\u011f\u0131 eserleri okuyup binbir emekle inceleyerek \u201cger\u00e7ekten\u201d ele\u015ftiren, bu y\u00fczden de edebiyat \u00e7evrelerince pek sevilmeyen ele\u015ftirmen \u0130skender, bir sabah uyand\u0131\u011f\u0131nda baz\u0131 \u015feylerin farkl\u0131la\u015ft\u0131\u011f\u0131n\u0131 g\u00f6r\u00fcr. Hava farkl\u0131d\u0131r mesela; ezici a\u011f\u0131rl\u0131\u011f\u0131 ve tuhaf kokusuyla can\u0131na kast eder gibi bir h\u00e2li vard\u0131r ki bu rahats\u0131zl\u0131\u011fa sahip olan tek ki\u015fi de kendisi gibi  g\u00f6r\u00fcnmektedir. Ezbere bildi\u011fi caddelerde kaybolur, e\u015fi ve o\u011flu da dahil olmak \u00fczere etraf\u0131ndaki herkese yabanc\u0131 hissetmeye ba\u015flar kendini. Hayat\u0131nda \u201ckat\u0131 olan her \u015fey yava\u015f\u00e7a buharla\u015f\u0131rken\u201d h\u00e2l\u00e2 var oldu\u011funu ispat etmek istercesine bir tabloya tutunur; Sicilya\u2019da bir enginar tezg\u00e2h\u0131ndan ald\u0131\u011f\u0131 bu resim, hayat\u0131n\u0131n en \u00f6nemli meselesi h\u00e2line gelir. Tabii, salonun orta yerinde \u00f6ylece duran, kapkaranl\u0131k yabanc\u0131n\u0131n kim ya da ne oldu\u011funu anlayabilmekse bamba\u015fka bir meseledir&#8230; Ersan \u00dcldes\u2019in uzun bir aradan sonra kaleme ald\u0131\u011f\u0131 bu roman, Gogolvari bir mizah ve karanl\u0131k kahkahalarla \u00f6r\u00fcl\u00fc, unutulmas\u0131 olduk\u00e7a zor bir eser. <\/p>\n","protected":false},"excerpt":{"rendered":"<p>\u201cBen mi tablonun i\u00e7ine girmi\u015ftim yoksa o mu kendi d\u0131\u015f\u0131na ta\u015f\u0131p beni kapsam\u0131\u015ft\u0131? Hangisi olmu\u015ftu, \u015fimdi de bilmiyorum; sadece kompozisyonun \u00e7evremdeki her \u015feye, pazara, pazarc\u0131lara, meyve,<span class=\"excerpt-hellip\"> [\u2026]<\/span><\/p>\n","protected":false},"featured_media":0,"template":"","meta":{"_monsterinsights_skip_tracking":false,"_monsterinsights_sitenote_active":false,"_monsterinsights_sitenote_note":"","_monsterinsights_sitenote_category":0},"product_brand":[],"product_cat":[12291,12711],"product_tag":[],"class_list":{"0":"post-754503","1":"product","2":"type-product","3":"status-publish","5":"product_cat-edebiyat","6":"product_cat-roman-oyku","7":"pa_cilt-ciltsiz","8":"pa_tur-kitap","9":"pa_yayinevi-kafka-yayinevi","10":"pa_yazar-ersan-uldes","12":"first","13":"instock","14":"sale","15":"shipping-taxable","16":"purchasable","17":"product-type-simple"},"_links":{"self":[{"href":"https:\/\/roveyayinevi.com.tr\/index.php\/wp-json\/wp\/v2\/product\/754503","targetHints":{"allow":["GET"]}}],"collection":[{"href":"https:\/\/roveyayinevi.com.tr\/index.php\/wp-json\/wp\/v2\/product"}],"about":[{"href":"https:\/\/roveyayinevi.com.tr\/index.php\/wp-json\/wp\/v2\/types\/product"}],"wp:attachment":[{"href":"https:\/\/roveyayinevi.com.tr\/index.php\/wp-json\/wp\/v2\/media?parent=754503"}],"wp:term":[{"taxonomy":"product_brand","embeddable":true,"href":"https:\/\/roveyayinevi.com.tr\/index.php\/wp-json\/wp\/v2\/product_brand?post=754503"},{"taxonomy":"product_cat","embeddable":true,"href":"https:\/\/roveyayinevi.com.tr\/index.php\/wp-json\/wp\/v2\/product_cat?post=754503"},{"taxonomy":"product_tag","embeddable":true,"href":"https:\/\/roveyayinevi.com.tr\/index.php\/wp-json\/wp\/v2\/product_tag?post=754503"}],"curies":[{"name":"wp","href":"https:\/\/api.w.org\/{rel}","templated":true}]}}