{"id":754502,"date":"2025-08-28T06:12:47","date_gmt":"2025-08-28T03:12:47","guid":{"rendered":"https:\/\/roveyayinevi.com.tr\/index.php\/urun\/hikayene-hos-geldin\/"},"modified":"2026-04-08T03:15:18","modified_gmt":"2026-04-08T00:15:18","slug":"hikayene-hos-geldin","status":"publish","type":"product","link":"https:\/\/roveyayinevi.com.tr\/index.php\/urun\/hikayene-hos-geldin\/","title":{"rendered":"Hikayene Ho\u015f Geldin"},"content":{"rendered":"<p>\u201cBU K\u0130TAP SEN\u0130N SANA YOLCULU\u011eUNUN H\u0130K\u00c2YES\u0130D\u0130R\u2026\u201d   Bu kitap senin kitab\u0131n. Bu sat\u0131rlar\u0131 okurken kalbinin sesini dinle\u2026 Yorgunsun biliyorum, yeni bir \u015fey \u00f6\u011frenmek bile o kadar zor geliyor ki onu da biliyorum. Sana g\u00fczel bir haberim var; bu kitap sana bir \u015fey \u00f6\u011fretmeyecek, sadece unuttuklar\u0131n\u0131 hat\u0131rlatacak. G\u00f6zlerini kapat ve kitab\u0131n enerjisini hisset. Hislerine g\u00fcven. Ve ho\u015f geldin kendine. Sakin ol, SEVG\u0130L\u0130 SEN, SEVG\u0130L\u0130 BEN, SEVG\u0130L\u0130 B\u0130Z\u2026 Her \u015fey yolunda, her \u015fey olmas\u0131 gerekti\u011fi gibi\u2026 * * *   Elinizde tuttu\u011funuz bu kitap, kendi hik\u00e2yesine yolculuk yapmak isteyen herkes i\u00e7in Se\u00e7kin Zenginler taraf\u0131ndan kaleme al\u0131nd\u0131.<\/p>\n","protected":false},"excerpt":{"rendered":"<p>\u201cBU K\u0130TAP SEN\u0130N SANA YOLCULU\u011eUNUN H\u0130K\u00c2YES\u0130D\u0130R\u2026\u201d Bu kitap senin kitab\u0131n. Bu sat\u0131rlar\u0131 okurken kalbinin sesini dinle\u2026 Yorgunsun biliyorum, yeni bir \u015fey \u00f6\u011frenmek bile o kadar zor<span class=\"excerpt-hellip\"> [\u2026]<\/span><\/p>\n","protected":false},"featured_media":0,"template":"","meta":{"_monsterinsights_skip_tracking":false,"_monsterinsights_sitenote_active":false,"_monsterinsights_sitenote_note":"","_monsterinsights_sitenote_category":0},"product_brand":[],"product_cat":[12364,12376],"product_tag":[],"class_list":{"0":"post-754502","1":"product","2":"type-product","3":"status-publish","5":"product_cat-genel-konular","6":"product_cat-kisisel-gelisim","7":"pa_cilt-ciltsiz","8":"pa_tur-kitap","9":"pa_yayinevi-hayat-yayinlari","10":"pa_yazar-seckin-zenginler","12":"first","13":"instock","14":"sale","15":"shipping-taxable","16":"purchasable","17":"product-type-simple"},"_links":{"self":[{"href":"https:\/\/roveyayinevi.com.tr\/index.php\/wp-json\/wp\/v2\/product\/754502","targetHints":{"allow":["GET"]}}],"collection":[{"href":"https:\/\/roveyayinevi.com.tr\/index.php\/wp-json\/wp\/v2\/product"}],"about":[{"href":"https:\/\/roveyayinevi.com.tr\/index.php\/wp-json\/wp\/v2\/types\/product"}],"wp:attachment":[{"href":"https:\/\/roveyayinevi.com.tr\/index.php\/wp-json\/wp\/v2\/media?parent=754502"}],"wp:term":[{"taxonomy":"product_brand","embeddable":true,"href":"https:\/\/roveyayinevi.com.tr\/index.php\/wp-json\/wp\/v2\/product_brand?post=754502"},{"taxonomy":"product_cat","embeddable":true,"href":"https:\/\/roveyayinevi.com.tr\/index.php\/wp-json\/wp\/v2\/product_cat?post=754502"},{"taxonomy":"product_tag","embeddable":true,"href":"https:\/\/roveyayinevi.com.tr\/index.php\/wp-json\/wp\/v2\/product_tag?post=754502"}],"curies":[{"name":"wp","href":"https:\/\/api.w.org\/{rel}","templated":true}]}}