{"id":754498,"date":"2025-08-28T06:12:39","date_gmt":"2025-08-28T03:12:39","guid":{"rendered":"https:\/\/roveyayinevi.com.tr\/index.php\/urun\/canavarlar-da-kibardir\/"},"modified":"2026-04-13T03:13:57","modified_gmt":"2026-04-13T00:13:57","slug":"canavarlar-da-kibardir","status":"publish","type":"product","link":"https:\/\/roveyayinevi.com.tr\/index.php\/urun\/canavarlar-da-kibardir\/","title":{"rendered":"Canavarlar da Kibard\u0131r!"},"content":{"rendered":"<p>Evet, yine biz! Ve yine protesto ediyoruz! \u00c7\u00fcnk\u00fc g\u00f6r\u00fcn\u00fc\u015f\u00fcm\u00fczden ve(biraz da kokumuzdan) dolay\u0131 herkes bizi kaba san\u0131yor.Oysa biz \u00e7ok kibar\u0131z, \u00e7ok arkada\u015f canl\u0131s\u0131y\u0131z. L\u00fctfen demeyi,\u00f6z\u00fcr dilemeyi ve te\u015fekk\u00fcr etmeyi hi\u00e7 unutmay\u0131z.O y\u00fczden rica ediyoruz (bak\u0131n rica etmeyi de unutmad\u0131k), siz de bize kar\u015f\u0131 kibar olun, bizi g\u00f6r\u00fcnce \u201cKaba canavarlar!\u201d diye ba\u011f\u0131rmay\u0131n. Hadi gelin bizden \u00f6z\u00fcr dileyin, sonra da sar\u0131lal\u0131m!<\/p>\n","protected":false},"excerpt":{"rendered":"<p>Evet, yine biz! Ve yine protesto ediyoruz! \u00c7\u00fcnk\u00fc g\u00f6r\u00fcn\u00fc\u015f\u00fcm\u00fczden ve(biraz da kokumuzdan) dolay\u0131 herkes bizi kaba san\u0131yor.Oysa biz \u00e7ok kibar\u0131z, \u00e7ok arkada\u015f canl\u0131s\u0131y\u0131z. L\u00fctfen demeyi,\u00f6z\u00fcr dilemeyi<span class=\"excerpt-hellip\"> [\u2026]<\/span><\/p>\n","protected":false},"featured_media":0,"template":"","meta":{"_monsterinsights_skip_tracking":false,"_monsterinsights_sitenote_active":false,"_monsterinsights_sitenote_note":"","_monsterinsights_sitenote_category":0},"product_brand":[],"product_cat":[12274,12284],"product_tag":[],"class_list":{"0":"post-754498","1":"product","2":"type-product","3":"status-publish","5":"product_cat-cocuk-ve-genclik-kitaplari","6":"product_cat-hikayeler","7":"pa_cilt-ciltsiz","8":"pa_tur-kitap","9":"pa_yayinevi-masalperest-ozel-urun","10":"pa_yazar-ozlem-fedai-korcak","12":"first","13":"instock","14":"sale","15":"shipping-taxable","16":"purchasable","17":"product-type-simple"},"_links":{"self":[{"href":"https:\/\/roveyayinevi.com.tr\/index.php\/wp-json\/wp\/v2\/product\/754498","targetHints":{"allow":["GET"]}}],"collection":[{"href":"https:\/\/roveyayinevi.com.tr\/index.php\/wp-json\/wp\/v2\/product"}],"about":[{"href":"https:\/\/roveyayinevi.com.tr\/index.php\/wp-json\/wp\/v2\/types\/product"}],"wp:attachment":[{"href":"https:\/\/roveyayinevi.com.tr\/index.php\/wp-json\/wp\/v2\/media?parent=754498"}],"wp:term":[{"taxonomy":"product_brand","embeddable":true,"href":"https:\/\/roveyayinevi.com.tr\/index.php\/wp-json\/wp\/v2\/product_brand?post=754498"},{"taxonomy":"product_cat","embeddable":true,"href":"https:\/\/roveyayinevi.com.tr\/index.php\/wp-json\/wp\/v2\/product_cat?post=754498"},{"taxonomy":"product_tag","embeddable":true,"href":"https:\/\/roveyayinevi.com.tr\/index.php\/wp-json\/wp\/v2\/product_tag?post=754498"}],"curies":[{"name":"wp","href":"https:\/\/api.w.org\/{rel}","templated":true}]}}