{"id":754496,"date":"2025-08-28T06:12:37","date_gmt":"2025-08-28T03:12:37","guid":{"rendered":"https:\/\/roveyayinevi.com.tr\/index.php\/urun\/ataturkun-ozel-sifre-hatti\/"},"modified":"2026-04-16T03:07:51","modified_gmt":"2026-04-16T00:07:51","slug":"ataturkun-ozel-sifre-hatti","status":"publish","type":"product","link":"https:\/\/roveyayinevi.com.tr\/index.php\/urun\/ataturkun-ozel-sifre-hatti\/","title":{"rendered":"Atat\u00fcrk\u2019\u00fcn \u00d6zel \u015eifre Hatt\u0131"},"content":{"rendered":"<p>Do\u00e7. Dr. Halil \u00d6zcan, 2019 Sedat Simavi Sosyal Bilimler \u00d6d\u00fcl\u00fc\u2019ne de de\u011fer g\u00f6r\u00fclen, \u201cAtat\u00fcrk\u2019\u00fcn \u00d6zel \u015eifre Hatt\u0131 PR Gizli Telgraf Merkezi\u201d adl\u0131 bu eserinde, T\u00fcrk bas\u0131n\u0131nda y\u00fcz y\u0131ld\u0131r gizemini koruyan PR Gizli Telgraf Merkezi ve faaliyetlerinin ger\u00e7ekli\u011fini belgeleriyle g\u00fcn y\u00fcz\u00fcne \u00e7\u0131kart\u0131yor. \u201c\u0130stanbul\u2019un ve merkez telgrafhanesinin i\u015fgaliyle \u0130stanbul\u2019daki mill\u00ee gruplar ile umudun \u015fehri Ankara\u2019n\u0131n ve umudun lideri Mustafa Kemal Pa\u015fa\u2019n\u0131n haberle\u015fmesi kesildi. \u0130stanbul\u2019un Ankara\u2019ya ve Mill\u00ee M\u00fccadele\u2019ye deste\u011fi telgraf haberle\u015fmesine ba\u011fl\u0131yd\u0131. \u0130\u015fgal d\u00f6neminde \u0130stanbul Telgraf M\u00fcd\u00fcr\u00fc \u0130hsan (Pere) Bey, \u0130stanbul ile Ankara aras\u0131ndaki haberle\u015fme sorununu \u00e7\u00f6zmek i\u00e7in hayat\u0131 pahas\u0131na bir kahramanl\u0131k ve fedak\u00e2rl\u0131k \u00f6rne\u011fi g\u00f6sterdi. \u0130stanbul\u2019un i\u015fgalinden \u015fehrin yeniden teslim al\u0131nmas\u0131na kadar faaliyet g\u00f6steren PR Gizli Telgraf Merkezini kurdu. Telgraf\u0131 Mill\u00ee M\u00fccadele s\u00fcresince stratejik bir ara\u00e7 olarak kullanan Atat\u00fcrk\u2019\u00fcn, zaferden \u00f6nce; \u2018Bizim elimizde tek kuvvet vard\u0131: Telgraf Direkleri\u2026\u2019 ve zaferden sonra ise, sava\u015f\u0131 \u2018telgraf telleriyle\u2019 kazand\u0131k s\u00f6zlerinin anlam\u0131, PR Gizli Telgraf Merkezinin faaliyetlerinin incelenmesinden sonra daha iyi anla\u015f\u0131lmaktad\u0131r.\u201d \u201cEfendiler, s\u0131ras\u0131 gelmi\u015fken arz edeyim. B\u00fct\u00fcn telgraf\u00e7\u0131lar\u0131m\u0131z\u0131n te\u015febb\u00fcslerimiz ve Mill\u00ee M\u00fccadelemiz i\u00e7in yapt\u0131klar\u0131 fedak\u00e2rca hizmetlerinin mill\u00ee tarihimizde \u00f6nemli bir yeri vard\u0131r. Kendilerine bug\u00fcn a\u00e7\u0131k\u00e7a te\u015fekk\u00fcr etmeyi bir bor\u00e7 sayar\u0131m.\u201d -Mustafa Kemal Atat\u00fcrk- <\/p>\n","protected":false},"excerpt":{"rendered":"<p>Do\u00e7. Dr. Halil \u00d6zcan, 2019 Sedat Simavi Sosyal Bilimler \u00d6d\u00fcl\u00fc\u2019ne de de\u011fer g\u00f6r\u00fclen, \u201cAtat\u00fcrk\u2019\u00fcn \u00d6zel \u015eifre Hatt\u0131 PR Gizli Telgraf Merkezi\u201d adl\u0131 bu eserinde, T\u00fcrk bas\u0131n\u0131nda<span class=\"excerpt-hellip\"> [\u2026]<\/span><\/p>\n","protected":false},"featured_media":0,"template":"","meta":{"_monsterinsights_skip_tracking":false,"_monsterinsights_sitenote_active":false,"_monsterinsights_sitenote_note":"","_monsterinsights_sitenote_category":0},"product_brand":[],"product_cat":[12304],"product_tag":[],"class_list":{"0":"post-754496","1":"product","2":"type-product","3":"status-publish","5":"product_cat-tarih","6":"pa_cilt-ciltsiz","7":"pa_tur-kitap","8":"pa_yayinevi-telgrafhane-yayinlari","9":"pa_yazar-halil-ozcan","11":"first","12":"instock","13":"sale","14":"shipping-taxable","15":"purchasable","16":"product-type-simple"},"_links":{"self":[{"href":"https:\/\/roveyayinevi.com.tr\/index.php\/wp-json\/wp\/v2\/product\/754496","targetHints":{"allow":["GET"]}}],"collection":[{"href":"https:\/\/roveyayinevi.com.tr\/index.php\/wp-json\/wp\/v2\/product"}],"about":[{"href":"https:\/\/roveyayinevi.com.tr\/index.php\/wp-json\/wp\/v2\/types\/product"}],"wp:attachment":[{"href":"https:\/\/roveyayinevi.com.tr\/index.php\/wp-json\/wp\/v2\/media?parent=754496"}],"wp:term":[{"taxonomy":"product_brand","embeddable":true,"href":"https:\/\/roveyayinevi.com.tr\/index.php\/wp-json\/wp\/v2\/product_brand?post=754496"},{"taxonomy":"product_cat","embeddable":true,"href":"https:\/\/roveyayinevi.com.tr\/index.php\/wp-json\/wp\/v2\/product_cat?post=754496"},{"taxonomy":"product_tag","embeddable":true,"href":"https:\/\/roveyayinevi.com.tr\/index.php\/wp-json\/wp\/v2\/product_tag?post=754496"}],"curies":[{"name":"wp","href":"https:\/\/api.w.org\/{rel}","templated":true}]}}