{"id":754495,"date":"2025-08-28T06:12:35","date_gmt":"2025-08-28T03:12:35","guid":{"rendered":"https:\/\/roveyayinevi.com.tr\/index.php\/urun\/kurtulus-savasi-kadinlari\/"},"modified":"2026-04-16T03:07:51","modified_gmt":"2026-04-16T00:07:51","slug":"kurtulus-savasi-kadinlari","status":"publish","type":"product","link":"https:\/\/roveyayinevi.com.tr\/index.php\/urun\/kurtulus-savasi-kadinlari\/","title":{"rendered":"Kurtulu\u015f Sava\u015f\u0131 Kad\u0131nlar\u0131"},"content":{"rendered":"<p>\u201cMilli haklar\u0131m\u0131z\u0131 ve ismetimizi muhafaza edecek h\u00fck\u00fcmet ve erkek yoksa, biz var\u0131z!\u201d Halide Edib\u2019in deyimiyle \u201cT\u00fcrk\u2019\u00fcn Ate\u015fle \u0130mtihan\u0131\u201d, Nezihe Muhiddin&#8217;in deyi\u015fiyle \u201cAnadolu K\u0131yam\u0131\u201d olarak adland\u0131r\u0131lan Kurtulu\u015f Sava\u015f\u0131m\u0131z, ezilmi\u015f bir \u00fclkenin emperyalizme kar\u015f\u0131 ba\u015far\u0131yla sonu\u00e7land\u0131r\u0131lm\u0131\u015f ilk ba\u015fkald\u0131r\u0131s\u0131d\u0131r. Bu ba\u015fkald\u0131r\u0131n\u0131n zaferle sonu\u00e7land\u0131r\u0131lmas\u0131nda kad\u0131nlar\u0131m\u0131z b\u00fcy\u00fck g\u00f6revler \u00fcstlendiler. Kimi \u00e7evrelerin ifade etti\u011fi gibi, Cumhuriyet devrimlerinin kad\u0131nlara sa\u011flad\u0131\u011f\u0131 kazan\u0131mlar, bir l\u00fctuf de\u011fildir. D\u00fc\u015fmandan temizlenmi\u015f her kar\u0131\u015f toprakta onlar\u0131n eme\u011fi, kan ve g\u00f6zya\u015f\u0131 bulunuyor. Kurtulu\u015f Sava\u015f\u0131 Kad\u0131nlar\u0131 kitab\u0131, bu ger\u00e7e\u011fi somut belgelerle g\u00fcn \u0131\u015f\u0131\u011f\u0131na \u00e7\u0131kar\u0131yor. -\u015eenal Sar\u0131han- <\/p>\n","protected":false},"excerpt":{"rendered":"<p>\u201cMilli haklar\u0131m\u0131z\u0131 ve ismetimizi muhafaza edecek h\u00fck\u00fcmet ve erkek yoksa, biz var\u0131z!\u201d Halide Edib\u2019in deyimiyle \u201cT\u00fcrk\u2019\u00fcn Ate\u015fle \u0130mtihan\u0131\u201d, Nezihe Muhiddin&#8217;in deyi\u015fiyle \u201cAnadolu K\u0131yam\u0131\u201d olarak adland\u0131r\u0131lan Kurtulu\u015f<span class=\"excerpt-hellip\"> [\u2026]<\/span><\/p>\n","protected":false},"featured_media":0,"template":"","meta":{"_monsterinsights_skip_tracking":false,"_monsterinsights_sitenote_active":false,"_monsterinsights_sitenote_note":"","_monsterinsights_sitenote_category":0},"product_brand":[],"product_cat":[12304],"product_tag":[],"class_list":{"0":"post-754495","1":"product","2":"type-product","3":"status-publish","5":"product_cat-tarih","6":"pa_cilt-ciltsiz","7":"pa_tur-kitap","8":"pa_yayinevi-telgrafhane-yayinlari","9":"pa_yazar-zeki-sarihan","11":"first","12":"instock","13":"sale","14":"shipping-taxable","15":"purchasable","16":"product-type-simple"},"_links":{"self":[{"href":"https:\/\/roveyayinevi.com.tr\/index.php\/wp-json\/wp\/v2\/product\/754495","targetHints":{"allow":["GET"]}}],"collection":[{"href":"https:\/\/roveyayinevi.com.tr\/index.php\/wp-json\/wp\/v2\/product"}],"about":[{"href":"https:\/\/roveyayinevi.com.tr\/index.php\/wp-json\/wp\/v2\/types\/product"}],"wp:attachment":[{"href":"https:\/\/roveyayinevi.com.tr\/index.php\/wp-json\/wp\/v2\/media?parent=754495"}],"wp:term":[{"taxonomy":"product_brand","embeddable":true,"href":"https:\/\/roveyayinevi.com.tr\/index.php\/wp-json\/wp\/v2\/product_brand?post=754495"},{"taxonomy":"product_cat","embeddable":true,"href":"https:\/\/roveyayinevi.com.tr\/index.php\/wp-json\/wp\/v2\/product_cat?post=754495"},{"taxonomy":"product_tag","embeddable":true,"href":"https:\/\/roveyayinevi.com.tr\/index.php\/wp-json\/wp\/v2\/product_tag?post=754495"}],"curies":[{"name":"wp","href":"https:\/\/api.w.org\/{rel}","templated":true}]}}