{"id":754490,"date":"2025-08-28T06:12:28","date_gmt":"2025-08-28T03:12:28","guid":{"rendered":"https:\/\/roveyayinevi.com.tr\/index.php\/urun\/curveball\/"},"modified":"2026-04-16T03:07:51","modified_gmt":"2026-04-16T00:07:51","slug":"curveball","status":"publish","type":"product","link":"https:\/\/roveyayinevi.com.tr\/index.php\/urun\/curveball\/","title":{"rendered":"Curveball"},"content":{"rendered":"<p>\u201cThere are 6 short stories in \u2018Curve Ball\u2019. Each of them have different grammar and vocabulary focus points. First three short stories are B1 Level and the other three are B2 Level. All six stories are suspended in order to foster creative writing of the learners. Grammar teaching and exercises are added. The book is 80 pages. (Kitap i\u00e7inde al\u0131\u015ft\u0131rmalar\u0131, s\u00f6zl\u00fc\u011f\u00fc ve Kitab\u0131 dinleyebilece\u011finiz karekod bulunmaktad\u0131r.) <\/p>\n","protected":false},"excerpt":{"rendered":"<p>\u201cThere are 6 short stories in \u2018Curve Ball\u2019. Each of them have different grammar and vocabulary focus points. First three short stories are B1 Level and<span class=\"excerpt-hellip\"> [\u2026]<\/span><\/p>\n","protected":false},"featured_media":0,"template":"","meta":{"_monsterinsights_skip_tracking":false,"_monsterinsights_sitenote_active":false,"_monsterinsights_sitenote_note":"","_monsterinsights_sitenote_category":0},"product_brand":[],"product_cat":[12274,12284],"product_tag":[],"class_list":{"0":"post-754490","1":"product","2":"type-product","3":"status-publish","5":"product_cat-cocuk-ve-genclik-kitaplari","6":"product_cat-hikayeler","7":"pa_cilt-ciltsiz","8":"pa_tur-kitap","9":"pa_yayinevi-gaga-yayinlari","10":"pa_yazar-mahmut-ozlu","12":"first","13":"instock","14":"sale","15":"shipping-taxable","16":"purchasable","17":"product-type-simple"},"_links":{"self":[{"href":"https:\/\/roveyayinevi.com.tr\/index.php\/wp-json\/wp\/v2\/product\/754490","targetHints":{"allow":["GET"]}}],"collection":[{"href":"https:\/\/roveyayinevi.com.tr\/index.php\/wp-json\/wp\/v2\/product"}],"about":[{"href":"https:\/\/roveyayinevi.com.tr\/index.php\/wp-json\/wp\/v2\/types\/product"}],"wp:attachment":[{"href":"https:\/\/roveyayinevi.com.tr\/index.php\/wp-json\/wp\/v2\/media?parent=754490"}],"wp:term":[{"taxonomy":"product_brand","embeddable":true,"href":"https:\/\/roveyayinevi.com.tr\/index.php\/wp-json\/wp\/v2\/product_brand?post=754490"},{"taxonomy":"product_cat","embeddable":true,"href":"https:\/\/roveyayinevi.com.tr\/index.php\/wp-json\/wp\/v2\/product_cat?post=754490"},{"taxonomy":"product_tag","embeddable":true,"href":"https:\/\/roveyayinevi.com.tr\/index.php\/wp-json\/wp\/v2\/product_tag?post=754490"}],"curies":[{"name":"wp","href":"https:\/\/api.w.org\/{rel}","templated":true}]}}