{"id":754483,"date":"2025-08-28T06:12:15","date_gmt":"2025-08-28T03:12:15","guid":{"rendered":"https:\/\/roveyayinevi.com.tr\/index.php\/urun\/fatiha-suresi\/"},"modified":"2026-04-16T03:07:51","modified_gmt":"2026-04-16T00:07:51","slug":"fatiha-suresi","status":"publish","type":"product","link":"https:\/\/roveyayinevi.com.tr\/index.php\/urun\/fatiha-suresi\/","title":{"rendered":"Fatiha Suresi"},"content":{"rendered":"<p>B\u00fct\u00fcn Kur\u2019an, F\u00e2tiha S\u00fbresi\u2019nin \u00e2yetlerinin a\u00e7\u0131klamas\u0131d\u0131r. Yani Kur\u2019an, F\u00e2tiha\u2019dan do\u011fmu\u015ftur. F\u00e2tiha\u2019n\u0131n, varl\u0131k kitab\u0131n\u0131 a\u00e7an bir anahtar olmas\u0131n\u0131n sebebi \u015fudur; F\u00e2tiha anla\u015f\u0131ld\u0131\u011f\u0131 zaman Kur\u2019an da anla\u015f\u0131lmaya ba\u015flar. Allah\u2019\u0131n ib\u00e2dette okunmas\u0131n\u0131 farz k\u0131ld\u0131\u011f\u0131 s\u00fbre olan F\u00e2tiha\u2019da Allah, \u00f6nce Kendisi kuluna hitap ederken sonra kulunun a\u011fz\u0131ndan Kendine hitap ediyor. Allah\u2019\u0131n e\u015fyada tecell\u00ee etti\u011fine dair bundan daha g\u00fczel bir anlat\u0131m olabilir mi? Ne \u0130ncil\u2019de ne Tevrat\u2019ta ne de ba\u015fka bir kutsal kitapta b\u00f6yle bir bak\u0131\u015f a\u00e7\u0131s\u0131 bulunmaz. Allah \u00f6nce Kendi a\u011fz\u0131ndan konu\u015fup, sonra kulunun a\u011fz\u0131ndan da yine Kendi cevap vererek asl\u0131nda \u201cHepsi Benim, Benden ba\u015fkas\u0131 yok.\u201d diyor. Ama kula da h\u00fcrmet ediyor, onun a\u011fz\u0131ndan Kendine verilecek cevab\u0131 \u00f6\u011fretiyor. \u201cHamd\u201d\u0131n m\u00e2n\u00e2s\u0131, her \u015feyi g\u00fczel g\u00f6rmek; iyiyi, k\u00f6t\u00fcy\u00fc, \u00e7irkini, abesi birlemek demek oldu\u011funa g\u00f6re, \u201cHamd Allah\u2019a \u00e2ittir.\u201d (F\u00e2tiha, 1\/2) demek, \u201chamd\u0131 sen yapamazs\u0131n, Allah yapar\u201d, Allah kulundan tecelli edip Kendinden Kendine hamdeder demektir. \u0130\u015fte bu h\u00e2le \u201cisti\u011frak\u201d diyoruz. Yani o kadar yok olaca\u011f\u0131z ki ayn\u0131 bal\u0131n i\u00e7ine batm\u0131\u015f ar\u0131 gibi\u2026 Bala batt\u0131\u011f\u0131 zaman ar\u0131n\u0131n kendi hareketi olmaz, art\u0131k bal\u0131n hareketine \u201car\u0131n\u0131n hareketi\u201d denir. \u00d6yle ki \u201c\u2026Att\u0131\u011f\u0131nda sen atmad\u0131n fakat Allah att\u0131.\u201d (Enf\u00e2l 8\/75) \u00e2yeti bizde tecelli edecek. O zaman anlayaca\u011f\u0131z ki bizim iyiye de k\u00f6t\u00fcye de sevinmemiz, iyiyi de k\u00f6t\u00fcy\u00fc de sevebilmemiz Allah\u2019\u0131n l\u00fctfudur.<\/p>\n","protected":false},"excerpt":{"rendered":"<p>B\u00fct\u00fcn Kur\u2019an, F\u00e2tiha S\u00fbresi\u2019nin \u00e2yetlerinin a\u00e7\u0131klamas\u0131d\u0131r. Yani Kur\u2019an, F\u00e2tiha\u2019dan do\u011fmu\u015ftur. F\u00e2tiha\u2019n\u0131n, varl\u0131k kitab\u0131n\u0131 a\u00e7an bir anahtar olmas\u0131n\u0131n sebebi \u015fudur; F\u00e2tiha anla\u015f\u0131ld\u0131\u011f\u0131 zaman Kur\u2019an da anla\u015f\u0131lmaya ba\u015flar.<span class=\"excerpt-hellip\"> [\u2026]<\/span><\/p>\n","protected":false},"featured_media":0,"template":"","meta":{"_monsterinsights_skip_tracking":false,"_monsterinsights_sitenote_active":false,"_monsterinsights_sitenote_note":"","_monsterinsights_sitenote_category":0},"product_brand":[],"product_cat":[12718,12719,15238],"product_tag":[],"class_list":{"0":"post-754483","1":"product","2":"type-product","3":"status-publish","5":"product_cat-din","6":"product_cat-islam","7":"product_cat-tasavvuf","8":"pa_cilt-ciltsiz","9":"pa_tur-kitap","10":"pa_yayinevi-nefes-yayincilik","11":"pa_yazar-cemalnur-sargut","13":"first","14":"instock","15":"sale","16":"shipping-taxable","17":"purchasable","18":"product-type-simple"},"_links":{"self":[{"href":"https:\/\/roveyayinevi.com.tr\/index.php\/wp-json\/wp\/v2\/product\/754483","targetHints":{"allow":["GET"]}}],"collection":[{"href":"https:\/\/roveyayinevi.com.tr\/index.php\/wp-json\/wp\/v2\/product"}],"about":[{"href":"https:\/\/roveyayinevi.com.tr\/index.php\/wp-json\/wp\/v2\/types\/product"}],"wp:attachment":[{"href":"https:\/\/roveyayinevi.com.tr\/index.php\/wp-json\/wp\/v2\/media?parent=754483"}],"wp:term":[{"taxonomy":"product_brand","embeddable":true,"href":"https:\/\/roveyayinevi.com.tr\/index.php\/wp-json\/wp\/v2\/product_brand?post=754483"},{"taxonomy":"product_cat","embeddable":true,"href":"https:\/\/roveyayinevi.com.tr\/index.php\/wp-json\/wp\/v2\/product_cat?post=754483"},{"taxonomy":"product_tag","embeddable":true,"href":"https:\/\/roveyayinevi.com.tr\/index.php\/wp-json\/wp\/v2\/product_tag?post=754483"}],"curies":[{"name":"wp","href":"https:\/\/api.w.org\/{rel}","templated":true}]}}