{"id":754482,"date":"2025-08-28T06:12:13","date_gmt":"2025-08-28T03:12:13","guid":{"rendered":"https:\/\/roveyayinevi.com.tr\/index.php\/urun\/evlilik-portresi\/"},"modified":"2026-04-16T03:07:51","modified_gmt":"2026-04-16T00:07:51","slug":"evlilik-portresi","status":"publish","type":"product","link":"https:\/\/roveyayinevi.com.tr\/index.php\/urun\/evlilik-portresi\/","title":{"rendered":"Evlilik Portresi"},"content":{"rendered":"<p>Women\u2019s Prize for Fiction Finalisti   1550\u2019ler Floransa\u2019s\u0131\u2026 Grand\u00fck Cosimo de\u2019 Medici\u2019nin \u00fc\u00e7\u00fcnc\u00fc k\u0131z\u0131 Lucrezia, \u00e7izim konusunda e\u015fsiz yetene\u011fe sahip, hayal g\u00fcc\u00fc s\u0131n\u0131r tan\u0131mayan bir \u00e7ocuk; g\u00f6steri\u015fli palazzo\u2019daki g\u00f6steri\u015fsiz, unutulmu\u015f konumundan fazlas\u0131yla ho\u015fnut. Ablas\u0131n\u0131n beklenmedik \u00f6l\u00fcm\u00fcyle Lucrezia ilk kez kendini ilginin merkezinde buluyor. Ablas\u0131 yerine, Ferrara D\u00fck\u00fc Alfonso\u2019yla evlenmek zorunda.   Lucrezia, hen\u00fcz on be\u015finde ve kafas\u0131 karmakar\u0131\u015f\u0131k bir \u015fekilde, pek de ho\u015f kar\u015f\u0131lanmad\u0131\u011f\u0131 muammalarla dolu bir sarayda buluyor kendini. Muammalar\u0131n en b\u00fcy\u00fc\u011f\u00fc ise kocas\u0131. Hangisi ger\u00e7ek? D\u00fc\u011f\u00fcn zaman\u0131 muziplikleriyle ve ne\u015fesiyle onu kendine \u00e7eken adam m\u0131, yoksa kendi k\u0131z karde\u015flerinin bile kar\u015f\u0131s\u0131nda titremesine neden olan despot y\u00f6netici mi? Bir tek \u015fey ayan beyan ortada: Lucrezia\u2019n\u0131n sarayda var olabilmesi, ailenin iktidar\u0131n\u0131 devam ettirecek bir v\u00e2ris do\u011furmas\u0131na ba\u011fl\u0131.    Maggie O\u2019Farrell \u00f6d\u00fcll\u00fc kitab\u0131 Hamnet\u2019tan sonra bu kez R\u00f6nesans \u0130talya\u2019s\u0131nda bir kad\u0131n\u0131n kaderine kar\u015f\u0131 ayakta \u2013ve hayatta\u2013 kalma m\u00fccadelesini anlat\u0131yor. Tarihin donuklu\u011funu kelimeleriyle canland\u0131rarak okura bir R\u00f6nesans tablosu kadar \u00e7arp\u0131c\u0131 bir hik\u00e2ye sunuyor.  \u201cO\u2019Farrell, en basit tarifiyle, benzersiz.\u201d \u2013Guardian<\/p>\n","protected":false},"excerpt":{"rendered":"<p>Women\u2019s Prize for Fiction Finalisti 1550\u2019ler Floransa\u2019s\u0131\u2026 Grand\u00fck Cosimo de\u2019 Medici\u2019nin \u00fc\u00e7\u00fcnc\u00fc k\u0131z\u0131 Lucrezia, \u00e7izim konusunda e\u015fsiz yetene\u011fe sahip, hayal g\u00fcc\u00fc s\u0131n\u0131r tan\u0131mayan bir \u00e7ocuk; g\u00f6steri\u015fli<span class=\"excerpt-hellip\"> [\u2026]<\/span><\/p>\n","protected":false},"featured_media":0,"template":"","meta":{"_monsterinsights_skip_tracking":false,"_monsterinsights_sitenote_active":false,"_monsterinsights_sitenote_note":"","_monsterinsights_sitenote_category":0},"product_brand":[],"product_cat":[12291,12711],"product_tag":[],"class_list":{"0":"post-754482","1":"product","2":"type-product","3":"status-publish","5":"product_cat-edebiyat","6":"product_cat-roman-oyku","7":"pa_cilt-ciltsiz","8":"pa_tur-kitap","9":"pa_yayinevi-domingo-yayinevi","10":"pa_yazar-maggie-ofarrell","12":"first","13":"instock","14":"sale","15":"shipping-taxable","16":"purchasable","17":"product-type-simple"},"_links":{"self":[{"href":"https:\/\/roveyayinevi.com.tr\/index.php\/wp-json\/wp\/v2\/product\/754482","targetHints":{"allow":["GET"]}}],"collection":[{"href":"https:\/\/roveyayinevi.com.tr\/index.php\/wp-json\/wp\/v2\/product"}],"about":[{"href":"https:\/\/roveyayinevi.com.tr\/index.php\/wp-json\/wp\/v2\/types\/product"}],"wp:attachment":[{"href":"https:\/\/roveyayinevi.com.tr\/index.php\/wp-json\/wp\/v2\/media?parent=754482"}],"wp:term":[{"taxonomy":"product_brand","embeddable":true,"href":"https:\/\/roveyayinevi.com.tr\/index.php\/wp-json\/wp\/v2\/product_brand?post=754482"},{"taxonomy":"product_cat","embeddable":true,"href":"https:\/\/roveyayinevi.com.tr\/index.php\/wp-json\/wp\/v2\/product_cat?post=754482"},{"taxonomy":"product_tag","embeddable":true,"href":"https:\/\/roveyayinevi.com.tr\/index.php\/wp-json\/wp\/v2\/product_tag?post=754482"}],"curies":[{"name":"wp","href":"https:\/\/api.w.org\/{rel}","templated":true}]}}