{"id":754480,"date":"2025-08-28T06:12:11","date_gmt":"2025-08-28T03:12:11","guid":{"rendered":"https:\/\/roveyayinevi.com.tr\/index.php\/urun\/30-sahane-kelime-fleksi-kapak\/"},"modified":"2026-04-16T03:07:51","modified_gmt":"2026-04-16T00:07:51","slug":"30-sahane-kelime-fleksi-kapak","status":"publish","type":"product","link":"https:\/\/roveyayinevi.com.tr\/index.php\/urun\/30-sahane-kelime-fleksi-kapak\/","title":{"rendered":"30 \u015eahane Kelime (Fleksi Kapak)"},"content":{"rendered":"<p>BAB\u0130L KULES\u0130 K\u0130TABI\u2019NIN YAZARI MAH\u0130R \u00dcNSAL ER\u0130\u015e, KEL\u0130MELER\u0130N AKILALMAZ \u00d6YK\u00dcS\u00dcN\u00dc BU KEZ \u00c7OCUKLAR VE GEN\u00c7LER \u0130\u00c7\u0130N ANLATIYOR!   Kelimeler, binlerce y\u0131ld\u0131r dur durak bilmeden d\u00fcnyay\u0131 dola\u015f\u0131rlar. Bazen yollar\u0131na devam eder, bazen de gitti\u011fi yerin kurallar\u0131na uyum sa\u011flayarak orada kal\u0131rlar. Ne var ki \u00f6zlerini asla kaybetmezler, sadece ba\u015fka bir dilin par\u00e7as\u0131 olurlar. \u0130\u015fte,tam da bu maceray\u0131 ya\u015fam\u0131\u015f 30 \u015fahane kelime, Mahir \u00dcnsalEri\u015f\u2019in benzersiz anlat\u0131m\u0131 ve G\u00f6zde Eyce\u2019nin m\u00fcthi\u015f \u00e7izimleriyle kar\u015f\u0131n\u0131zda! Eri\u015f, gen\u00e7 okurlar\u0131 i\u00e7in kaleme ald\u0131\u011f\u0131 30 \u015eahane Kelime\u2019dedillerin i\u00e7indeki gizli hik\u00e2yeleri ve k\u00fclt\u00fcrel zenginlikleri birdedektif gibi ara\u015ft\u0131r\u0131p ortaya d\u00f6kerken sizleri muhte\u015fem bir ser\u00fcvene davet ediyor.   Okurlar\u0131m\u0131z i\u00e7in k\u00fc\u00e7\u00fck bir ipucu: G\u00fcnl\u00fck hayat\u0131m\u0131zda s\u00fcrekli kulland\u0131\u011f\u0131m\u0131z s\u00f6zc\u00fcklerin asl\u0131n\u0131n ne oldu\u011funu ve nerelerden geldiklerini \u00f6\u011frenince \u00e7ok \u015fa\u015f\u0131racaks\u0131n\u0131z, bizden s\u00f6ylemesi&#8230;<\/p>\n","protected":false},"excerpt":{"rendered":"<p>BAB\u0130L KULES\u0130 K\u0130TABI\u2019NIN YAZARI MAH\u0130R \u00dcNSAL ER\u0130\u015e, KEL\u0130MELER\u0130N AKILALMAZ \u00d6YK\u00dcS\u00dcN\u00dc BU KEZ \u00c7OCUKLAR VE GEN\u00c7LER \u0130\u00c7\u0130N ANLATIYOR! Kelimeler, binlerce y\u0131ld\u0131r dur durak bilmeden d\u00fcnyay\u0131 dola\u015f\u0131rlar. Bazen<span class=\"excerpt-hellip\"> [\u2026]<\/span><\/p>\n","protected":false},"featured_media":0,"template":"","meta":{"_monsterinsights_skip_tracking":false,"_monsterinsights_sitenote_active":false,"_monsterinsights_sitenote_note":"","_monsterinsights_sitenote_category":0},"product_brand":[],"product_cat":[12274,12284],"product_tag":[],"class_list":{"0":"post-754480","1":"product","2":"type-product","3":"status-publish","5":"product_cat-cocuk-ve-genclik-kitaplari","6":"product_cat-hikayeler","7":"pa_cilt-ciltsiz","8":"pa_tur-kitap","9":"pa_yayinevi-epsilon-yayinlari","10":"pa_yazar-mahir-unsal-eris","12":"first","13":"instock","14":"sale","15":"shipping-taxable","16":"purchasable","17":"product-type-simple"},"_links":{"self":[{"href":"https:\/\/roveyayinevi.com.tr\/index.php\/wp-json\/wp\/v2\/product\/754480","targetHints":{"allow":["GET"]}}],"collection":[{"href":"https:\/\/roveyayinevi.com.tr\/index.php\/wp-json\/wp\/v2\/product"}],"about":[{"href":"https:\/\/roveyayinevi.com.tr\/index.php\/wp-json\/wp\/v2\/types\/product"}],"wp:attachment":[{"href":"https:\/\/roveyayinevi.com.tr\/index.php\/wp-json\/wp\/v2\/media?parent=754480"}],"wp:term":[{"taxonomy":"product_brand","embeddable":true,"href":"https:\/\/roveyayinevi.com.tr\/index.php\/wp-json\/wp\/v2\/product_brand?post=754480"},{"taxonomy":"product_cat","embeddable":true,"href":"https:\/\/roveyayinevi.com.tr\/index.php\/wp-json\/wp\/v2\/product_cat?post=754480"},{"taxonomy":"product_tag","embeddable":true,"href":"https:\/\/roveyayinevi.com.tr\/index.php\/wp-json\/wp\/v2\/product_tag?post=754480"}],"curies":[{"name":"wp","href":"https:\/\/api.w.org\/{rel}","templated":true}]}}