{"id":754477,"date":"2025-08-28T06:12:07","date_gmt":"2025-08-28T03:12:07","guid":{"rendered":"https:\/\/roveyayinevi.com.tr\/index.php\/urun\/iktisat-ve-toplum-dergisi-156-sayi\/"},"modified":"2026-04-16T03:07:50","modified_gmt":"2026-04-16T00:07:50","slug":"iktisat-ve-toplum-dergisi-156-sayi","status":"publish","type":"product","link":"https:\/\/roveyayinevi.com.tr\/index.php\/urun\/iktisat-ve-toplum-dergisi-156-sayi\/","title":{"rendered":"\u0130ktisat ve Toplum Dergisi 156. Say\u0131"},"content":{"rendered":"<p>Bu say\u0131da:   Y\u00fcz\u00fcnc\u00fc Y\u0131l\u0131nda T\u00fcrkiye Cumhuriyeti Ekonomisi &#8211; Mahfi E\u011filmez                Cumhuriyet\u2019in Kurulu\u015f D\u00f6neminin Ekonomi Politi\u011fi &#8211; \u00d6mer Faruk \u00c7olak               Cumhuriyet\u2019in 100. Y\u0131l\u0131ndan Kurulu\u015f Y\u0131llar\u0131na Bak\u0131\u015f: Kalk\u0131nma S\u00fcreci Nas\u0131l Ba\u015flad\u0131? &#8211; Burcu T\u00fcrkcan               Sosyal Bilimciler Konu\u015fuyor: Ege Yazgan              Cumhuriyet\u2019in 100. Y\u0131l\u0131nda Savunma Sanayi ile Bilim, Teknoloji ve Yenilik Politikalar\u0131 &#8211; Erkan Erdil          Cumhuriyet\u2019in Kurulu\u015f D\u00f6neminde Kurumsalla\u015fma ve \u0130ktisadi B\u00fcy\u00fcme \u00dczerine &#8211; Yasin K\u00fct\u00fck           Atat\u00fcrk\u2019\u00fcn Hukuk ve Adalet Anlay\u0131\u015f\u0131 &#8211; Av. Sema Aksoy              \u201cHerkes \u0130\u00e7in S\u00fcrd\u00fcr\u00fclebilir Kalk\u0131nma Ama\u00e7lar\u0131\u201d Dev Bir S\u0131\u00e7rama Gerekli! &#8211; R. Funda Barbaros           T\u00fcrkiye\u2019de \u0130ktisat ve Hukuk E\u011fitiminin De\u011ferlendirilmesi \u00dczerine Yaz\u0131lm\u0131\u015f \u0130lk Kapsaml\u0131 \u00c7al\u0131\u015fma: T\u00fcrk \u00dcniversitelerinde \u0130ktisat ve Hukuk Alan\u0131n\u0131n Geli\u015ftirilmesi &#8211; Friedrich Hoffmann           Weimar Cumhuriyeti\u2019nde Hiperenflasyon: Almanlar\u0131n Enflasyon Travmas\u0131n\u0131n 100. Y\u0131l\u0131 &#8211; Y\u0131lmaz Ayd\u0131n          \u00dczerine M\u00fccadelesi Bitmeyen Bir Kavram: E\u015fitsizlik &#8211; Arda Tunca               Gelecekte \u00d6\u011frenme ve E\u011fitim: Yapay Zek\u00e2 Uygulamalar\u0131 &#8211; Tarkan G\u00fcrb\u00fcz             Beyin G\u00f6\u00e7\u00fc ve Teknolojik Yeti\u015fme &#8211; Mehmet Can Alt\u0131n              Mezuniyetlerinin Yirminci Y\u0131l\u0131nda Hacettepeli \u0130ktisat\u00e7\u0131lar &#8211; M. Aykut Attar            Kriz \u00c7a\u011f\u0131\u2019nda Ekonomi-Siyaset \u0130li\u015fkisi: Saad-Filho\u2019nun \u201cKriz \u00c7a\u011f\u0131\u201d Kitab\u0131 \u00dczerine Notlar &#8211; Kaan Ero\u011fuz                 T\u00fcrkiye\u2019nin \u0130hracata Dayal\u0131 B\u00fcy\u00fcme De\u011ferlendirmesi &#8211; Mert Can Duman              Osmanl\u0131\u2019dan Cumhuriyet\u2019e Ge\u00e7i\u015fte M\u00fczik Politikalar\u0131: S\u00fcreklilik mi? Kopu\u015f mu? &#8211; G\u00fcl\u00e7in Elif Y\u00fccel <\/p>\n","protected":false},"excerpt":{"rendered":"<p>Bu say\u0131da: Y\u00fcz\u00fcnc\u00fc Y\u0131l\u0131nda T\u00fcrkiye Cumhuriyeti Ekonomisi &#8211; Mahfi E\u011filmez Cumhuriyet\u2019in Kurulu\u015f D\u00f6neminin Ekonomi Politi\u011fi &#8211; \u00d6mer Faruk \u00c7olak Cumhuriyet\u2019in 100. Y\u0131l\u0131ndan Kurulu\u015f Y\u0131llar\u0131na Bak\u0131\u015f: Kalk\u0131nma<span class=\"excerpt-hellip\"> [\u2026]<\/span><\/p>\n","protected":false},"featured_media":0,"template":"","meta":{"_monsterinsights_skip_tracking":false,"_monsterinsights_sitenote_active":false,"_monsterinsights_sitenote_note":"","_monsterinsights_sitenote_category":0},"product_brand":[],"product_cat":[13527],"product_tag":[],"class_list":{"0":"post-754477","1":"product","2":"type-product","3":"status-publish","5":"product_cat-sureli-yayinlar","6":"pa_cilt-ciltsiz","7":"pa_tur-dergi","8":"pa_yayinevi-efil-yayinevi-dergi","9":"pa_yazar-kolektif","11":"first","12":"instock","13":"sale","14":"shipping-taxable","15":"purchasable","16":"product-type-simple"},"_links":{"self":[{"href":"https:\/\/roveyayinevi.com.tr\/index.php\/wp-json\/wp\/v2\/product\/754477","targetHints":{"allow":["GET"]}}],"collection":[{"href":"https:\/\/roveyayinevi.com.tr\/index.php\/wp-json\/wp\/v2\/product"}],"about":[{"href":"https:\/\/roveyayinevi.com.tr\/index.php\/wp-json\/wp\/v2\/types\/product"}],"wp:attachment":[{"href":"https:\/\/roveyayinevi.com.tr\/index.php\/wp-json\/wp\/v2\/media?parent=754477"}],"wp:term":[{"taxonomy":"product_brand","embeddable":true,"href":"https:\/\/roveyayinevi.com.tr\/index.php\/wp-json\/wp\/v2\/product_brand?post=754477"},{"taxonomy":"product_cat","embeddable":true,"href":"https:\/\/roveyayinevi.com.tr\/index.php\/wp-json\/wp\/v2\/product_cat?post=754477"},{"taxonomy":"product_tag","embeddable":true,"href":"https:\/\/roveyayinevi.com.tr\/index.php\/wp-json\/wp\/v2\/product_tag?post=754477"}],"curies":[{"name":"wp","href":"https:\/\/api.w.org\/{rel}","templated":true}]}}