{"id":754467,"date":"2025-08-28T06:11:51","date_gmt":"2025-08-28T03:11:51","guid":{"rendered":"https:\/\/roveyayinevi.com.tr\/index.php\/urun\/mutlu-empat\/"},"modified":"2026-04-13T03:13:56","modified_gmt":"2026-04-13T00:13:56","slug":"mutlu-empat","status":"publish","type":"product","link":"https:\/\/roveyayinevi.com.tr\/index.php\/urun\/mutlu-empat\/","title":{"rendered":"Mutlu Empat"},"content":{"rendered":"<p>A\u011f\u0131r duygular\u0131 ta\u015f\u0131maktan kurtulun, varl\u0131\u011f\u0131n\u0131z\u0131 onurland\u0131r\u0131n ve empat olman\u0131n arma\u011fanlar\u0131n\u0131 kucaklay\u0131n!   Otob\u00fcste, toplant\u0131da, i\u015f yeme\u011finde ya da b\u00fcy\u00fck aile bulu\u015fmalar\u0131nda, nerede olursan\u0131z olun insanlarla bir araya geldikten sonra kendinizi yorgun hissediyor olabilirsiniz. Ba\u015fkalar\u0131n\u0131n duygusal ge\u00e7i\u015flerini alg\u0131l\u0131yor ve bundan bunal\u0131yor olabilirsiniz. Ne yaz\u0131k ki kendilerinin ve ba\u015fkalar\u0131n\u0131n duygular\u0131yla dans etme becerisinden yoksun bir\u00e7ok empat, derin hassasiyetlerini bir arma\u011fan de\u011fil bir lanet olarak deneyimler. \u0130yi haber: Kendinizi eve kapatmak ve kaderinize k\u00fcsmek zorunda de\u011filsiniz. Mutlu Empat size empatik hassasiyetlerinizi anlama ve y\u00f6netme konusunda i\u015finizi kolayla\u015ft\u0131racak \u00f6neriler sunuyor.   Y\u00fcksek duyarl\u0131l\u0131k ve hassasl\u0131k, de\u011ferli bir arma\u011fan olabilir ancak bu arma\u011fan\u0131 nas\u0131l kullanabilece\u011finizi \u00f6\u011frenmek \u00f6nemlidir. Bu kitap, stresi ve dikkat da\u011f\u0131n\u0131kl\u0131\u011f\u0131n\u0131 azalt\u0131rken bir empat olarak becerilerinizi kullanman\u0131za ve g\u00fc\u00e7lendirmenize yard\u0131mc\u0131 olacak. <\/p>\n","protected":false},"excerpt":{"rendered":"<p>A\u011f\u0131r duygular\u0131 ta\u015f\u0131maktan kurtulun, varl\u0131\u011f\u0131n\u0131z\u0131 onurland\u0131r\u0131n ve empat olman\u0131n arma\u011fanlar\u0131n\u0131 kucaklay\u0131n! Otob\u00fcste, toplant\u0131da, i\u015f yeme\u011finde ya da b\u00fcy\u00fck aile bulu\u015fmalar\u0131nda, nerede olursan\u0131z olun insanlarla bir araya<span class=\"excerpt-hellip\"> [\u2026]<\/span><\/p>\n","protected":false},"featured_media":0,"template":"","meta":{"_monsterinsights_skip_tracking":false,"_monsterinsights_sitenote_active":false,"_monsterinsights_sitenote_note":"","_monsterinsights_sitenote_category":0},"product_brand":[],"product_cat":[12364,12376],"product_tag":[],"class_list":{"0":"post-754467","1":"product","2":"type-product","3":"status-publish","5":"product_cat-genel-konular","6":"product_cat-kisisel-gelisim","7":"pa_cilt-ciltsiz","8":"pa_tur-kitap","9":"pa_yayinevi-omega","10":"pa_yazar-christine-rose-elle","12":"first","13":"instock","14":"sale","15":"shipping-taxable","16":"purchasable","17":"product-type-simple"},"_links":{"self":[{"href":"https:\/\/roveyayinevi.com.tr\/index.php\/wp-json\/wp\/v2\/product\/754467","targetHints":{"allow":["GET"]}}],"collection":[{"href":"https:\/\/roveyayinevi.com.tr\/index.php\/wp-json\/wp\/v2\/product"}],"about":[{"href":"https:\/\/roveyayinevi.com.tr\/index.php\/wp-json\/wp\/v2\/types\/product"}],"wp:attachment":[{"href":"https:\/\/roveyayinevi.com.tr\/index.php\/wp-json\/wp\/v2\/media?parent=754467"}],"wp:term":[{"taxonomy":"product_brand","embeddable":true,"href":"https:\/\/roveyayinevi.com.tr\/index.php\/wp-json\/wp\/v2\/product_brand?post=754467"},{"taxonomy":"product_cat","embeddable":true,"href":"https:\/\/roveyayinevi.com.tr\/index.php\/wp-json\/wp\/v2\/product_cat?post=754467"},{"taxonomy":"product_tag","embeddable":true,"href":"https:\/\/roveyayinevi.com.tr\/index.php\/wp-json\/wp\/v2\/product_tag?post=754467"}],"curies":[{"name":"wp","href":"https:\/\/api.w.org\/{rel}","templated":true}]}}