{"id":754466,"date":"2025-08-28T06:11:50","date_gmt":"2025-08-28T03:11:50","guid":{"rendered":"https:\/\/roveyayinevi.com.tr\/index.php\/urun\/kedilerin-dunya-tarihi\/"},"modified":"2026-04-16T03:07:50","modified_gmt":"2026-04-16T00:07:50","slug":"kedilerin-dunya-tarihi","status":"publish","type":"product","link":"https:\/\/roveyayinevi.com.tr\/index.php\/urun\/kedilerin-dunya-tarihi\/","title":{"rendered":"Kedilerin Du\u0308nya Tarihi"},"content":{"rendered":"<p>Medeniyetin do\u011fu\u015fundan bu yana aram\u0131zdalar. Ve g\u00fcn\u00fcm\u00fczde kimileri i\u00e7in sadece e\u011flenceli evcil hayvanlar olarak g\u00f6r\u00fcnseler de ge\u00e7mi\u015fleri kahramanl\u0131k, a\u015fk, trajedi, fedak\u00e2rl\u0131k \u00f6yk\u00fcleriyle dolu. \u0130kna olmad\u0131ysan\u0131z Kedi Baba, bilgili bir tekir olarak pagan tanr\u0131lar\u0131n kuca\u011f\u0131ndan g\u00fcn\u00fcm\u00fcze, kedigillerin tarihini g\u00f6zler \u00f6n\u00fcne sermek i\u00e7in burada. Baba, neredeyse her k\u0131tay\u0131 ve binlerce y\u0131l\u0131 kapsayan bu hayatta kalma hik\u00e2yesiyle okuyuculara; tarih \u00f6ncesi M\u0131s\u0131r\u2019daki Kedi Tanr\u0131\u00e7as\u0131 Bastet\u2019ten, cesur okyanus k\u00e2\u015fiflerine, D\u00fcnya Sava\u015f\u0131 kahramanlar\u0131ndan k\u00f6t\u00fc \u015f\u00f6hretli Amerikan tekirlerine kadar unutulmu\u015f kahramanlar\u0131 hat\u0131rlat\u0131yor. Ayn\u0131 zamanda yetenekli bir model olarak kost\u00fcml\u00fc portreleriyle onlara hayat veriyor. Kedilerin D\u00fcnya Tarihi ge\u00e7mi\u015fin farkl\u0131 y\u00f6nlerine uzanan ve yeniden d\u00fc\u015f\u00fcnmemizi sa\u011flayan ama bu kez patilerle yap\u0131lan bir yolculuk. <\/p>\n","protected":false},"excerpt":{"rendered":"<p>Medeniyetin do\u011fu\u015fundan bu yana aram\u0131zdalar. Ve g\u00fcn\u00fcm\u00fczde kimileri i\u00e7in sadece e\u011flenceli evcil hayvanlar olarak g\u00f6r\u00fcnseler de ge\u00e7mi\u015fleri kahramanl\u0131k, a\u015fk, trajedi, fedak\u00e2rl\u0131k \u00f6yk\u00fcleriyle dolu. \u0130kna olmad\u0131ysan\u0131z Kedi<span class=\"excerpt-hellip\"> [\u2026]<\/span><\/p>\n","protected":false},"featured_media":0,"template":"","meta":{"_monsterinsights_skip_tracking":false,"_monsterinsights_sitenote_active":false,"_monsterinsights_sitenote_note":"","_monsterinsights_sitenote_category":0},"product_brand":[],"product_cat":[12304],"product_tag":[],"class_list":{"0":"post-754466","1":"product","2":"type-product","3":"status-publish","5":"product_cat-tarih","6":"pa_cilt-ciltsiz","7":"pa_tur-kitap","8":"pa_yayinevi-say-yayinlari","9":"pa_yazar-paul-koudounaris","11":"first","12":"instock","13":"sale","14":"shipping-taxable","15":"purchasable","16":"product-type-simple"},"_links":{"self":[{"href":"https:\/\/roveyayinevi.com.tr\/index.php\/wp-json\/wp\/v2\/product\/754466","targetHints":{"allow":["GET"]}}],"collection":[{"href":"https:\/\/roveyayinevi.com.tr\/index.php\/wp-json\/wp\/v2\/product"}],"about":[{"href":"https:\/\/roveyayinevi.com.tr\/index.php\/wp-json\/wp\/v2\/types\/product"}],"wp:attachment":[{"href":"https:\/\/roveyayinevi.com.tr\/index.php\/wp-json\/wp\/v2\/media?parent=754466"}],"wp:term":[{"taxonomy":"product_brand","embeddable":true,"href":"https:\/\/roveyayinevi.com.tr\/index.php\/wp-json\/wp\/v2\/product_brand?post=754466"},{"taxonomy":"product_cat","embeddable":true,"href":"https:\/\/roveyayinevi.com.tr\/index.php\/wp-json\/wp\/v2\/product_cat?post=754466"},{"taxonomy":"product_tag","embeddable":true,"href":"https:\/\/roveyayinevi.com.tr\/index.php\/wp-json\/wp\/v2\/product_tag?post=754466"}],"curies":[{"name":"wp","href":"https:\/\/api.w.org\/{rel}","templated":true}]}}