{"id":754465,"date":"2025-08-28T06:11:49","date_gmt":"2025-08-28T03:11:49","guid":{"rendered":"https:\/\/roveyayinevi.com.tr\/index.php\/urun\/karanlik-empat\/"},"modified":"2026-04-16T03:07:50","modified_gmt":"2026-04-16T00:07:50","slug":"karanlik-empat","status":"publish","type":"product","link":"https:\/\/roveyayinevi.com.tr\/index.php\/urun\/karanlik-empat\/","title":{"rendered":"Karanl\u0131k Empat"},"content":{"rendered":"<p>Karanl\u0131k empat tehlikeli dans\u0131n\u0131 iyilikseverli\u011fin ve nazik bir g\u00fcl\u00fcmsemenin arkas\u0131nda yapar. \u0130yi niyetli bir bak\u0131\u015f a\u00e7\u0131s\u0131n\u0131n bedeli bazen a\u011f\u0131rd\u0131r, manip\u00fclasyon, aldat\u0131lma ve istismarla kar\u015f\u0131la\u015fabilirsiniz. Bu karanl\u0131k yolculu\u011fun rehberleri yak\u0131n arkada\u015flar\u0131n\u0131z, patronunuz hatta ailenizden birisi olabilir. Son y\u0131llarda yap\u0131lan \u00e7al\u0131\u015fmalar yeni t\u00fcrden bir insan psikolojisini ortaya koyuyor: Karanl\u0131k empat. Narsisizm, Makyavelizm ve psikopatinin kesi\u015fiminde yer alan bu tehlikeli modele sahip insanlar etkileyici bir tavr\u0131n ve nazik bir g\u00fcl\u00fcmsemenin arkas\u0131na saklan\u0131rlar. Ancak bu ayd\u0131nl\u0131k vitrinin arkas\u0131nda tehlikeli bir oyun oynarlar. S\u0131kl\u0131kla kendinizi t\u00fckenmi\u015f, mutsuz ve de\u011fersiz hissediyorsan\u0131z, maddi, ruhsal ve cinsel olarak suiistimal ediliyorsan\u0131z, \u015fiddete u\u011fruyorsan\u0131z, kendinizden \u015f\u00fcphe ediyorsan\u0131z, pi\u015fman oldu\u011funuz \u015feyler yapmaya ba\u015flad\u0131ysan\u0131z, hayat\u0131n\u0131z\u0131n merkezine bir ba\u015fkas\u0131 yerle\u015ftiyse ve kontrol\u00fc ele almakta zorlan\u0131yorsan\u0131z karanl\u0131k empatla ba\u015f ba\u015fa kalm\u0131\u015f olabilirsiniz. Bu kitap k\u00e2busa d\u00f6nm\u00fc\u015f ili\u015fkilerinizde kontrol\u00fc nas\u0131l yeniden ele alaca\u011f\u0131n\u0131z\u0131 ve \u00f6zg\u00fcrle\u015fece\u011finizi anlat\u0131rken, karanl\u0131k empat\u0131n tehlikeli dans\u0131na \u0131\u015f\u0131k tutarak onun haz odakl\u0131 planlar\u0131n\u0131 fark etmenizi kolayla\u015ft\u0131r\u0131yor. <\/p>\n","protected":false},"excerpt":{"rendered":"<p>Karanl\u0131k empat tehlikeli dans\u0131n\u0131 iyilikseverli\u011fin ve nazik bir g\u00fcl\u00fcmsemenin arkas\u0131nda yapar. \u0130yi niyetli bir bak\u0131\u015f a\u00e7\u0131s\u0131n\u0131n bedeli bazen a\u011f\u0131rd\u0131r, manip\u00fclasyon, aldat\u0131lma ve istismarla kar\u015f\u0131la\u015fabilirsiniz. Bu karanl\u0131k<span class=\"excerpt-hellip\"> [\u2026]<\/span><\/p>\n","protected":false},"featured_media":0,"template":"","meta":{"_monsterinsights_skip_tracking":false,"_monsterinsights_sitenote_active":false,"_monsterinsights_sitenote_note":"","_monsterinsights_sitenote_category":0},"product_brand":[],"product_cat":[12357],"product_tag":[],"class_list":{"0":"post-754465","1":"product","2":"type-product","3":"status-publish","5":"product_cat-psikoloji","6":"pa_cilt-ciltsiz","7":"pa_tur-kitap","8":"pa_yayinevi-destek-yayinlari","9":"pa_yazar-hicran-tuluce","11":"first","12":"instock","13":"sale","14":"shipping-taxable","15":"purchasable","16":"product-type-simple"},"_links":{"self":[{"href":"https:\/\/roveyayinevi.com.tr\/index.php\/wp-json\/wp\/v2\/product\/754465","targetHints":{"allow":["GET"]}}],"collection":[{"href":"https:\/\/roveyayinevi.com.tr\/index.php\/wp-json\/wp\/v2\/product"}],"about":[{"href":"https:\/\/roveyayinevi.com.tr\/index.php\/wp-json\/wp\/v2\/types\/product"}],"wp:attachment":[{"href":"https:\/\/roveyayinevi.com.tr\/index.php\/wp-json\/wp\/v2\/media?parent=754465"}],"wp:term":[{"taxonomy":"product_brand","embeddable":true,"href":"https:\/\/roveyayinevi.com.tr\/index.php\/wp-json\/wp\/v2\/product_brand?post=754465"},{"taxonomy":"product_cat","embeddable":true,"href":"https:\/\/roveyayinevi.com.tr\/index.php\/wp-json\/wp\/v2\/product_cat?post=754465"},{"taxonomy":"product_tag","embeddable":true,"href":"https:\/\/roveyayinevi.com.tr\/index.php\/wp-json\/wp\/v2\/product_tag?post=754465"}],"curies":[{"name":"wp","href":"https:\/\/api.w.org\/{rel}","templated":true}]}}