{"id":754464,"date":"2025-08-28T06:11:48","date_gmt":"2025-08-28T03:11:48","guid":{"rendered":"https:\/\/roveyayinevi.com.tr\/index.php\/urun\/iliskiler-karma-ve-hak-edis\/"},"modified":"2026-04-08T03:15:18","modified_gmt":"2026-04-08T00:15:18","slug":"iliskiler-karma-ve-hak-edis","status":"publish","type":"product","link":"https:\/\/roveyayinevi.com.tr\/index.php\/urun\/iliskiler-karma-ve-hak-edis\/","title":{"rendered":"\u0130li\u015fkiler, Karma ve Hak Edi\u015f"},"content":{"rendered":"<p>Atalar\u0131n\u0131zdan gelen aktar\u0131mlar, sizi, ili\u015fkilerinizi, soyunuzu nas\u0131l etkiler? Bug\u00fcn ya\u015fad\u0131\u011f\u0131n hayal k\u0131r\u0131kl\u0131klar\u0131, ayr\u0131l\u0131klar, \u00fcz\u00fcnt\u00fc, t\u00fckenmi\u015flik ve isteksizlik hissi, h\u00e2l\u00e2 ge\u00e7memi\u015f ve hep ayn\u0131 kalm\u0131\u015f bir ge\u00e7mi\u015fin eseri. \u0130lk f\u0131rt\u0131nada da\u011f\u0131l\u0131p giden ili\u015fkiler, gelmesiyle gitmesi bir olan bereketsiz kazan\u00e7lar, kar\u015f\u0131l\u0131\u011f\u0131 al\u0131namayan yorgunluklar bug\u00fcn\u00fcn \u015fartlar\u0131n\u0131n zorlu\u011fuyla ilgili de\u011fildir sadece, ge\u00e7mi\u015ften getirilen y\u00fcklerin tezah\u00fcr\u00fcd\u00fcr.  Ge\u00e7mi\u015fi de\u011fi\u015ftirmeden gelece\u011fi yazamazs\u0131n. Bug\u00fcn de\u011fi\u015fmesini istedi\u011fin her \u015fey i\u00e7in, eski bir hik\u00e2yeyi yeniden yazmal\u0131s\u0131n. Kul hakk\u0131 \u00f6denmeden, yeni bir sayfa a\u00e7\u0131lmaz. Kendine iyi bir gelecek bor\u00e7lu olanlar, \u00f6nce ge\u00e7mi\u015fi temize \u00e7ekmelidir. Nas\u0131l m\u0131? Elindeki kitap, tam da bu sorunun cevab\u0131n\u0131 veriyor. <\/p>\n","protected":false},"excerpt":{"rendered":"<p>Atalar\u0131n\u0131zdan gelen aktar\u0131mlar, sizi, ili\u015fkilerinizi, soyunuzu nas\u0131l etkiler? Bug\u00fcn ya\u015fad\u0131\u011f\u0131n hayal k\u0131r\u0131kl\u0131klar\u0131, ayr\u0131l\u0131klar, \u00fcz\u00fcnt\u00fc, t\u00fckenmi\u015flik ve isteksizlik hissi, h\u00e2l\u00e2 ge\u00e7memi\u015f ve hep ayn\u0131 kalm\u0131\u015f bir ge\u00e7mi\u015fin<span class=\"excerpt-hellip\"> [\u2026]<\/span><\/p>\n","protected":false},"featured_media":0,"template":"","meta":{"_monsterinsights_skip_tracking":false,"_monsterinsights_sitenote_active":false,"_monsterinsights_sitenote_note":"","_monsterinsights_sitenote_category":0},"product_brand":[],"product_cat":[12364,12376],"product_tag":[],"class_list":{"0":"post-754464","1":"product","2":"type-product","3":"status-publish","5":"product_cat-genel-konular","6":"product_cat-kisisel-gelisim","7":"pa_cilt-ciltsiz","8":"pa_tur-kitap","9":"pa_yayinevi-destek-yayinlari","10":"pa_yazar-bulent-gardiyanoglu","12":"first","13":"instock","14":"sale","15":"shipping-taxable","16":"purchasable","17":"product-type-simple"},"_links":{"self":[{"href":"https:\/\/roveyayinevi.com.tr\/index.php\/wp-json\/wp\/v2\/product\/754464","targetHints":{"allow":["GET"]}}],"collection":[{"href":"https:\/\/roveyayinevi.com.tr\/index.php\/wp-json\/wp\/v2\/product"}],"about":[{"href":"https:\/\/roveyayinevi.com.tr\/index.php\/wp-json\/wp\/v2\/types\/product"}],"wp:attachment":[{"href":"https:\/\/roveyayinevi.com.tr\/index.php\/wp-json\/wp\/v2\/media?parent=754464"}],"wp:term":[{"taxonomy":"product_brand","embeddable":true,"href":"https:\/\/roveyayinevi.com.tr\/index.php\/wp-json\/wp\/v2\/product_brand?post=754464"},{"taxonomy":"product_cat","embeddable":true,"href":"https:\/\/roveyayinevi.com.tr\/index.php\/wp-json\/wp\/v2\/product_cat?post=754464"},{"taxonomy":"product_tag","embeddable":true,"href":"https:\/\/roveyayinevi.com.tr\/index.php\/wp-json\/wp\/v2\/product_tag?post=754464"}],"curies":[{"name":"wp","href":"https:\/\/api.w.org\/{rel}","templated":true}]}}