{"id":754462,"date":"2025-08-28T06:11:46","date_gmt":"2025-08-28T03:11:46","guid":{"rendered":"https:\/\/roveyayinevi.com.tr\/index.php\/urun\/2001-ari-kovani\/"},"modified":"2026-04-16T03:07:50","modified_gmt":"2026-04-16T00:07:50","slug":"2001-ari-kovani","status":"publish","type":"product","link":"https:\/\/roveyayinevi.com.tr\/index.php\/urun\/2001-ari-kovani\/","title":{"rendered":"2001 Ar\u0131 Kovan\u0131"},"content":{"rendered":"<p>\u201cKAMU BANKALARI S\u0130YAS\u0130LER\u0130N ADETA A\u0130LE \u015e\u0130RKET\u0130YD\u0130, MAHDUMLARI KAPIDAN KOVSANIZ BACADAN G\u0130R\u0130YORDU.\u201d 2001, Ecevit ba\u015fbakanl\u0131\u011f\u0131nda DSP, ANAP ve MHP son koalisyon d\u00f6nemi, sa\u011fdan destekli D\u00fcnya Bankas\u0131 ve IMF\u2019ye teslim bir ekonomi y\u00f6netimi, off-shore \u015faklabanl\u0131\u011f\u0131 ve yozla\u015fan bir bankac\u0131l\u0131k sistemi, bir aya\u011f\u0131 kamuda bir aya\u011f\u0131 \u00f6zele kayan Hazine b\u00fcrokrasisi, partilerin senin benim diye payla\u015ft\u0131klar\u0131 kamu bankalar\u0131, holding patronlar\u0131 sahipli\u011finde kumarhaneye d\u00f6n\u00fc\u015fen \u00f6zel bankalar, vah\u015fi faizlerle \u00e7\u0131ld\u0131rm\u0131\u015f para piyasalar\u0131, kara listeler, vadeden \u00f6nce kapat\u0131lan krediler, bu karma\u015fada arada kal\u0131p ya\u015fam sava\u015f\u0131 veren, ekonomiyi s\u0131rtlam\u0131\u015f reel sekt\u00f6r, esnaf, sanatk\u00e2r, KOB\u0130\u2019ler ve ipotekli mallar\u0131 ya\u011fmalanan sanayiciler, yok yere \u00fcretimden d\u00fc\u015fen i\u015fletmeler. Bu d\u00f6nemde, kamu bankalar\u0131 da sanki siyasilerin aile \u015firketleriydi, mahdumlar\u0131 kap\u0131dan kovsan\u0131z bacadan giriyordu. Ecevit H\u00fck\u00fcmeti kurulmu\u015f, Halk Bankas\u0131 DSP\u2019de kalm\u0131\u015f, Ziraat ve Vak\u0131flar Bankas\u0131 ANAP\u2019a verilmi\u015f, Emlak Bankas\u0131\u2019n\u0131 da MHP alm\u0131\u015ft\u0131. Hazine Bakan\u0131 ANAP\u2019l\u0131 G\u00fcne\u015f Taner\u2019se hepsi benim olsun diyordu. Kamu bankalar\u0131 genel m\u00fcd\u00fcrleri aras\u0131nda, Genel M\u00fcd\u00fcr Yenal Ansen de siyasilere bir t\u00fcrl\u00fc kendini sevdiremedi, G\u00fcne\u015f Taner\u2019in deyimiyle \u201cmakbul adam\u201d olamad\u0131, Hazine murak\u0131p ordusuna yalan ve iftira raporlar\u0131 yapt\u0131r\u0131l\u0131p, savc\u0131l\u0131\u011fa g\u00f6nderildi. Mesut Y\u0131lmaz-     \u00c7iller d\u00f6nemleri, krizler, \u201cenflasyon, d\u00fc\u015f\u00fck kur y\u00fcksek faiz\u201d, s\u0131cak paran\u0131n yak\u0131p k\u00fcle \u00e7evirdi\u011fi piyasalar, Hazine\u2019nin zorda b\u0131rak\u0131p aslanlara atar gibi \u00f6zellerin \u00f6n\u00fcne att\u0131\u011f\u0131 kamu bankalar\u0131, adeta ben geliyorum diye ba\u011f\u0131ra \u00e7a\u011f\u0131ra gelen 2001 krizi, sa\u011f\u0131r sultanlar duydu bir para otoritesi duymad\u0131. Gelsin kurtar\u0131c\u0131 \u201cDervi\u015f\u2019in kararlar\u0131\u201d, \u00f6zelle\u015ftirme kap\u0131lar\u0131 a\u00e7\u0131ld\u0131, k\u00fcresel s\u0131cak parac\u0131lar \u00fclkeyi yeniden i\u015fgal etti, \u00e7aresiz halk ek vergilerle g\u00fcya krizin ekonomideki tahribat\u0131n\u0131 \u00f6deyecekti, krize kalmad\u0131 faize gitti. <\/p>\n","protected":false},"excerpt":{"rendered":"<p>\u201cKAMU BANKALARI S\u0130YAS\u0130LER\u0130N ADETA A\u0130LE \u015e\u0130RKET\u0130YD\u0130, MAHDUMLARI KAPIDAN KOVSANIZ BACADAN G\u0130R\u0130YORDU.\u201d 2001, Ecevit ba\u015fbakanl\u0131\u011f\u0131nda DSP, ANAP ve MHP son koalisyon d\u00f6nemi, sa\u011fdan destekli D\u00fcnya Bankas\u0131 ve<span class=\"excerpt-hellip\"> [\u2026]<\/span><\/p>\n","protected":false},"featured_media":0,"template":"","meta":{"_monsterinsights_skip_tracking":false,"_monsterinsights_sitenote_active":false,"_monsterinsights_sitenote_note":"","_monsterinsights_sitenote_category":0},"product_brand":[],"product_cat":[13590,12337],"product_tag":[],"class_list":{"0":"post-754462","1":"product","2":"type-product","3":"status-publish","5":"product_cat-arastirma-inceleme-politika-siyaset","6":"product_cat-politika-siyaset","7":"pa_cilt-ciltsiz","8":"pa_tur-kitap","9":"pa_yayinevi-destek-yayinlari","10":"pa_yazar-yenal-ansen","12":"first","13":"instock","14":"sale","15":"shipping-taxable","16":"purchasable","17":"product-type-simple"},"_links":{"self":[{"href":"https:\/\/roveyayinevi.com.tr\/index.php\/wp-json\/wp\/v2\/product\/754462","targetHints":{"allow":["GET"]}}],"collection":[{"href":"https:\/\/roveyayinevi.com.tr\/index.php\/wp-json\/wp\/v2\/product"}],"about":[{"href":"https:\/\/roveyayinevi.com.tr\/index.php\/wp-json\/wp\/v2\/types\/product"}],"wp:attachment":[{"href":"https:\/\/roveyayinevi.com.tr\/index.php\/wp-json\/wp\/v2\/media?parent=754462"}],"wp:term":[{"taxonomy":"product_brand","embeddable":true,"href":"https:\/\/roveyayinevi.com.tr\/index.php\/wp-json\/wp\/v2\/product_brand?post=754462"},{"taxonomy":"product_cat","embeddable":true,"href":"https:\/\/roveyayinevi.com.tr\/index.php\/wp-json\/wp\/v2\/product_cat?post=754462"},{"taxonomy":"product_tag","embeddable":true,"href":"https:\/\/roveyayinevi.com.tr\/index.php\/wp-json\/wp\/v2\/product_tag?post=754462"}],"curies":[{"name":"wp","href":"https:\/\/api.w.org\/{rel}","templated":true}]}}