{"id":754460,"date":"2025-08-28T06:11:43","date_gmt":"2025-08-28T03:11:43","guid":{"rendered":"https:\/\/roveyayinevi.com.tr\/index.php\/urun\/meyveler-sebzelere-karsi\/"},"modified":"2026-04-16T03:07:50","modified_gmt":"2026-04-16T00:07:50","slug":"meyveler-sebzelere-karsi","status":"publish","type":"product","link":"https:\/\/roveyayinevi.com.tr\/index.php\/urun\/meyveler-sebzelere-karsi\/","title":{"rendered":"Meyveler Sebzelere Kar\u015f\u0131"},"content":{"rendered":"<p>\u00c7ekirdek ile Yumurta&#8217;n\u0131n yazar\u0131ndan&#8230;   Meyveler ile Sebzeler aras\u0131nda ne zaman ba\u015flad\u0131\u011f\u0131n\u0131 kimsenin hat\u0131rlamad\u0131\u011f\u0131 bitmek bilmeyen bir kavga vard\u0131. Fakat \u00dcz\u00fcm ile Mantar bu durumu de\u011fi\u015ftirmeye karar verdiler! Cesur bir yolculu\u011fa \u00e7\u0131k\u0131p Y\u00fcce Eski Ka\u015far\u2019a ula\u015ft\u0131lar. Belki o, bir \u00e7\u00f6z\u00fcm bulmalar\u0131na yard\u0131mc\u0131 olabilirdi&#8230;   \u00d6d\u00fcll\u00fc yazar Alex Latimer\u2019den sorun \u00e7\u00f6zme ve arkada\u015fl\u0131k \u00fczerine benzersiz, kahkaha garantili bir hik\u00e2ye. <\/p>\n","protected":false},"excerpt":{"rendered":"<p>\u00c7ekirdek ile Yumurta&#8217;n\u0131n yazar\u0131ndan&#8230; Meyveler ile Sebzeler aras\u0131nda ne zaman ba\u015flad\u0131\u011f\u0131n\u0131 kimsenin hat\u0131rlamad\u0131\u011f\u0131 bitmek bilmeyen bir kavga vard\u0131. Fakat \u00dcz\u00fcm ile Mantar bu durumu de\u011fi\u015ftirmeye karar<span class=\"excerpt-hellip\"> [\u2026]<\/span><\/p>\n","protected":false},"featured_media":0,"template":"","meta":{"_monsterinsights_skip_tracking":false,"_monsterinsights_sitenote_active":false,"_monsterinsights_sitenote_note":"","_monsterinsights_sitenote_category":0},"product_brand":[],"product_cat":[12274,12518],"product_tag":[],"class_list":{"0":"post-754460","1":"product","2":"type-product","3":"status-publish","5":"product_cat-cocuk-ve-genclik-kitaplari","6":"product_cat-okul-oncesi-kitaplar","7":"pa_cilt-ciltsiz","8":"pa_tur-kitap","9":"pa_yayinevi-domingo-yayinevi","10":"pa_yazar-alex-latimer","12":"first","13":"instock","14":"sale","15":"shipping-taxable","16":"purchasable","17":"product-type-simple"},"_links":{"self":[{"href":"https:\/\/roveyayinevi.com.tr\/index.php\/wp-json\/wp\/v2\/product\/754460","targetHints":{"allow":["GET"]}}],"collection":[{"href":"https:\/\/roveyayinevi.com.tr\/index.php\/wp-json\/wp\/v2\/product"}],"about":[{"href":"https:\/\/roveyayinevi.com.tr\/index.php\/wp-json\/wp\/v2\/types\/product"}],"wp:attachment":[{"href":"https:\/\/roveyayinevi.com.tr\/index.php\/wp-json\/wp\/v2\/media?parent=754460"}],"wp:term":[{"taxonomy":"product_brand","embeddable":true,"href":"https:\/\/roveyayinevi.com.tr\/index.php\/wp-json\/wp\/v2\/product_brand?post=754460"},{"taxonomy":"product_cat","embeddable":true,"href":"https:\/\/roveyayinevi.com.tr\/index.php\/wp-json\/wp\/v2\/product_cat?post=754460"},{"taxonomy":"product_tag","embeddable":true,"href":"https:\/\/roveyayinevi.com.tr\/index.php\/wp-json\/wp\/v2\/product_tag?post=754460"}],"curies":[{"name":"wp","href":"https:\/\/api.w.org\/{rel}","templated":true}]}}