{"id":754455,"date":"2025-08-28T06:11:35","date_gmt":"2025-08-28T03:11:35","guid":{"rendered":"https:\/\/roveyayinevi.com.tr\/index.php\/urun\/sehir-agaclari-ciltli\/"},"modified":"2026-04-16T03:07:50","modified_gmt":"2026-04-16T00:07:50","slug":"sehir-agaclari-ciltli","status":"publish","type":"product","link":"https:\/\/roveyayinevi.com.tr\/index.php\/urun\/sehir-agaclari-ciltli\/","title":{"rendered":"\u015eehir A\u011fa\u00e7lar\u0131 (Ciltli)"},"content":{"rendered":"<p>D\u00fczenli geli\u015fen ve fiziki g\u00f6r\u00fcn\u00fcmleri hayranl\u0131k uyand\u0131ran \u015fehirlerde a\u011fa\u00e7lar, beton ve asfalt\u0131n insanlar \u00fczerindeki bask\u0131s\u0131n\u0131 azaltan mimari bir unsur olarak mekanla birlikte tasarlan\u0131yor. Bah\u00e7e, park, cadde, sokak ve meydanlara dikilen a\u011fa\u00e7 t\u00fcrleri, b\u00f6lgenin iklim \u015fartlar\u0131, toprak yap\u0131s\u0131, mek\u00e2n\u0131n geni\u015fli\u011fi, sokaklar\u0131n y\u00f6n\u00fc, binalar\u0131n boyutu dikkate al\u0131narak se\u00e7iliyor. Kalabal\u0131k, kirli ve g\u00fcvensiz \u015fehir ortam\u0131n\u0131n risklerine kar\u015f\u0131 \u00f6zenle korunan a\u011fa\u00e7lara d\u00fczenli bak\u0131m yap\u0131l\u0131yor, g\u00fcbre, ila\u00e7, su ihtiya\u00e7lar\u0131 zaman\u0131nda kar\u015f\u0131lan\u0131yor.   \u00dclkemizde \u015fehir a\u011fa\u00e7lar\u0131 hen\u00fcz, mimariyi tamamlayan kentsel tasar\u0131m \u00f6gesi olarak g\u00f6r\u00fclm\u00fcyor. Yeterli bilgi sahibi olmayanlar\u0131n, standart ihtiya\u00e7 maddesi gibi sat\u0131n ald\u0131klar\u0131 fidanlar, kentsel mek\u00e2n\u0131n \u015fartlar\u0131 g\u00f6z \u00f6n\u00fcnde bulundurulmadan, genellikle rastgele dikiliyor. Yanl\u0131\u015f dikim ve yetersiz bak\u0131m y\u00fcz\u00fcnden, \u015fehir ortam\u0131ndan kaynaklanan risklere kar\u015f\u0131 korunmayan a\u011fa\u00e7lar\u0131n \u00e7o\u011fu k\u0131r\u0131l\u0131yor, yaralan\u0131yor veya hastalanarak kuruyor. A\u011fa\u00e7lar\u0131n b\u00fcy\u00fcy\u00fcp geli\u015fmesi, \u00e7o\u011fu zaman kalabal\u0131k insan ve ara\u00e7 trafi\u011finin insaf\u0131na terk ediliyor. \u015e\u00fckr\u00fc Karatepe, bu \u00e7al\u0131\u015fmada, \u00f6ncelikle \u00fclkemizin asli \u015fehir a\u011fac\u0131 t\u00fcrlerinin tan\u0131nmas\u0131na, \u015fehirlerin iklim ve toprak yap\u0131s\u0131na uygun t\u00fcrlerin se\u00e7ilmesine, kentsel mek\u00e2nlara amaca uygun a\u011fa\u00e7lar\u0131n dikilmesine, mevcut a\u011fa\u00e7lar\u0131n budama, sulama, g\u00fcbreleme, ila\u00e7lama gibi bak\u0131m ve korumalar\u0131n\u0131n do\u011fru yap\u0131lmas\u0131na dikkat \u00e7ekiyor. A\u011fa\u00e7lar\u0131n \u015fehir ortam\u0131, yap\u0131l\u0131 \u00e7evre, kentsel peyzaj, mek\u00e2nsal tasar\u0131m, mimari, planlama ve g\u00f6rsel sanatlar a\u00e7\u0131s\u0131ndan ta\u015f\u0131d\u0131\u011f\u0131 de\u011ferlere \u00f6ncelik veren \u00e7al\u0131\u015fma, \u201ca\u011fa\u00e7\u201d kitab\u0131 kadar \u201c\u015fehir\u201d kitab\u0131 olarak de\u011ferlendirilebilir. <\/p>\n","protected":false},"excerpt":{"rendered":"<p>D\u00fczenli geli\u015fen ve fiziki g\u00f6r\u00fcn\u00fcmleri hayranl\u0131k uyand\u0131ran \u015fehirlerde a\u011fa\u00e7lar, beton ve asfalt\u0131n insanlar \u00fczerindeki bask\u0131s\u0131n\u0131 azaltan mimari bir unsur olarak mekanla birlikte tasarlan\u0131yor. Bah\u00e7e, park, cadde,<span class=\"excerpt-hellip\"> [\u2026]<\/span><\/p>\n","protected":false},"featured_media":0,"template":"","meta":{"_monsterinsights_skip_tracking":false,"_monsterinsights_sitenote_active":false,"_monsterinsights_sitenote_note":"","_monsterinsights_sitenote_category":0},"product_brand":[],"product_cat":[52477],"product_tag":[],"class_list":{"0":"post-754455","1":"product","2":"type-product","3":"status-publish","5":"product_cat-arastirma","6":"pa_cilt-ciltli","7":"pa_tur-kitap","8":"pa_yayinevi-idealkent-yayincilik","9":"pa_yazar-sukru-karatepe","11":"first","12":"instock","13":"sale","14":"shipping-taxable","15":"purchasable","16":"product-type-simple"},"_links":{"self":[{"href":"https:\/\/roveyayinevi.com.tr\/index.php\/wp-json\/wp\/v2\/product\/754455","targetHints":{"allow":["GET"]}}],"collection":[{"href":"https:\/\/roveyayinevi.com.tr\/index.php\/wp-json\/wp\/v2\/product"}],"about":[{"href":"https:\/\/roveyayinevi.com.tr\/index.php\/wp-json\/wp\/v2\/types\/product"}],"wp:attachment":[{"href":"https:\/\/roveyayinevi.com.tr\/index.php\/wp-json\/wp\/v2\/media?parent=754455"}],"wp:term":[{"taxonomy":"product_brand","embeddable":true,"href":"https:\/\/roveyayinevi.com.tr\/index.php\/wp-json\/wp\/v2\/product_brand?post=754455"},{"taxonomy":"product_cat","embeddable":true,"href":"https:\/\/roveyayinevi.com.tr\/index.php\/wp-json\/wp\/v2\/product_cat?post=754455"},{"taxonomy":"product_tag","embeddable":true,"href":"https:\/\/roveyayinevi.com.tr\/index.php\/wp-json\/wp\/v2\/product_tag?post=754455"}],"curies":[{"name":"wp","href":"https:\/\/api.w.org\/{rel}","templated":true}]}}