{"id":754454,"date":"2025-08-28T06:11:34","date_gmt":"2025-08-28T03:11:34","guid":{"rendered":"https:\/\/roveyayinevi.com.tr\/index.php\/urun\/acik-planlamaya-dogru\/"},"modified":"2026-04-16T03:07:50","modified_gmt":"2026-04-16T00:07:50","slug":"acik-planlamaya-dogru","status":"publish","type":"product","link":"https:\/\/roveyayinevi.com.tr\/index.php\/urun\/acik-planlamaya-dogru\/","title":{"rendered":"A\u00e7\u0131k Planlamaya Do\u011fru"},"content":{"rendered":"<p>\u201cA\u00e7\u0131k Planlamaya Do\u011fru ba\u015fl\u0131\u011f\u0131, yaln\u0131z D\u00fcnya\u2019da ve T\u00fcrkiye\u2019de kent planlamas\u0131 konusundaki bire\u011filime i\u015faret etmek i\u00e7in kullan\u0131lm\u0131yor, daha \u00f6nemlisi T\u00fcrkiye\u2019ye, var olan kapal\u0131 kent planlamas\u0131prati\u011finin ve kurumsal yap\u0131s\u0131n\u0131n de\u011fi\u015ftirilmesi i\u00e7in yap\u0131lan, bir \u00e7a\u011fr\u0131\/\u00f6neri olma i\u015flevi g\u00f6r\u00fcyor.Ben T\u00fcrkiye\u2019de ilk kent planlamas\u0131 b\u00f6l\u00fcm\u00fc olarak 1961 y\u0131l\u0131nda e\u011fitime ba\u015flayan ODT\u00dc \u015eehir veB\u00f6lge Planlama b\u00f6l\u00fcm\u00fcn ilk s\u0131n\u0131f\u0131ndaki \u00fc\u00e7 \u00f6\u011frenciden biriyim. Bu ba\u015flang\u0131\u00e7tan g\u00fcn\u00fcm\u00fcze kadarge\u00e7en 62 y\u0131lda s\u00fcrekli, T\u00fcrkiye\u2019nin kent prati\u011fi ve bu prati\u011fin toplumsal sonu\u00e7lar\u0131 konusundad\u00fc\u015f\u00fcnce geli\u015ftirmeye \u00e7al\u0131\u015ft\u0131m. Uzun bir d\u00fc\u015f\u00fcnce yolculu\u011fu yapt\u0131m. A\u00e7\u0131k planlama anlay\u0131\u015f\u0131 buyolculuk sonunda geldi\u011fim noktay\u0131 temsil ediyor. A\u00e7\u0131k plan d\u00fc\u015f\u00fcncesinin hen\u00fcz ba\u015flang\u0131c\u0131ndabulunuyorum. Son bir y\u0131ld\u0131r, bu ba\u015flang\u0131\u00e7 noktas\u0131nda konuyu de\u011fi\u015fik bak\u0131mlardan i\u015fleyen dokuz yaz\u0131yazd\u0131m, yazmaya devam ediyorum. Bu bana \u00e7ok heyecan veriyor.A\u00e7\u0131k plana ge\u00e7i\u015fin sadece bir akademisyenin kendi ba\u015f\u0131na yapt\u0131\u011f\u0131 bir yay\u0131nla ger\u00e7ekle\u015fmeyece\u011finibiliyorum. Yeni etkili bir planlamaya ge\u00e7ebilmek i\u00e7in bu konunun toplumda\/meslek camias\u0131ndakonu\u015fulup benimsenmesi ve akademi d\u00fcnyas\u0131n\u0131n ve pratik d\u00fcnyas\u0131n\u0131n de\u011fi\u015fik d\u00fczeylerindekiakt\u00f6rlerinin katk\u0131lar\u0131yla geli\u015ftirilmesi gerekiyor. Ben de b\u00f6yle bir kolektif katk\u0131larla ger\u00e7ekle\u015ftirilecekbir ge\u00e7i\u015fi daha demokratik ve heyecan verici buluyorum. Bu bak\u0131\u015f a\u00e7\u0131s\u0131 i\u00e7inde, bir olu\u015fum s\u00fcrecininba\u015flang\u0131c\u0131nda olu\u015fan birikimin yay\u0131na d\u00f6n\u00fc\u015fmesine olumlu bakt\u0131m. B\u00f6yle bir yay\u0131n yap\u0131lmas\u0131n\u0131n a\u00e7\u0131kplan konusundaki tart\u0131\u015fmalar\u0131 daha verimli hale getirmesini bekliyorum.\u201d<\/p>\n","protected":false},"excerpt":{"rendered":"<p>\u201cA\u00e7\u0131k Planlamaya Do\u011fru ba\u015fl\u0131\u011f\u0131, yaln\u0131z D\u00fcnya\u2019da ve T\u00fcrkiye\u2019de kent planlamas\u0131 konusundaki bire\u011filime i\u015faret etmek i\u00e7in kullan\u0131lm\u0131yor, daha \u00f6nemlisi T\u00fcrkiye\u2019ye, var olan kapal\u0131 kent planlamas\u0131prati\u011finin ve kurumsal<span class=\"excerpt-hellip\"> [\u2026]<\/span><\/p>\n","protected":false},"featured_media":0,"template":"","meta":{"_monsterinsights_skip_tracking":false,"_monsterinsights_sitenote_active":false,"_monsterinsights_sitenote_note":"","_monsterinsights_sitenote_category":0},"product_brand":[],"product_cat":[52477],"product_tag":[],"class_list":{"0":"post-754454","1":"product","2":"type-product","3":"status-publish","5":"product_cat-arastirma","6":"pa_cilt-ciltsiz","7":"pa_tur-kitap","8":"pa_yayinevi-idealkent-yayincilik","9":"pa_yazar-ilhan-tekeli","11":"first","12":"instock","13":"sale","14":"shipping-taxable","15":"purchasable","16":"product-type-simple"},"_links":{"self":[{"href":"https:\/\/roveyayinevi.com.tr\/index.php\/wp-json\/wp\/v2\/product\/754454","targetHints":{"allow":["GET"]}}],"collection":[{"href":"https:\/\/roveyayinevi.com.tr\/index.php\/wp-json\/wp\/v2\/product"}],"about":[{"href":"https:\/\/roveyayinevi.com.tr\/index.php\/wp-json\/wp\/v2\/types\/product"}],"wp:attachment":[{"href":"https:\/\/roveyayinevi.com.tr\/index.php\/wp-json\/wp\/v2\/media?parent=754454"}],"wp:term":[{"taxonomy":"product_brand","embeddable":true,"href":"https:\/\/roveyayinevi.com.tr\/index.php\/wp-json\/wp\/v2\/product_brand?post=754454"},{"taxonomy":"product_cat","embeddable":true,"href":"https:\/\/roveyayinevi.com.tr\/index.php\/wp-json\/wp\/v2\/product_cat?post=754454"},{"taxonomy":"product_tag","embeddable":true,"href":"https:\/\/roveyayinevi.com.tr\/index.php\/wp-json\/wp\/v2\/product_tag?post=754454"}],"curies":[{"name":"wp","href":"https:\/\/api.w.org\/{rel}","templated":true}]}}