{"id":754453,"date":"2025-08-28T06:11:33","date_gmt":"2025-08-28T03:11:33","guid":{"rendered":"https:\/\/roveyayinevi.com.tr\/index.php\/urun\/etnografik-bir-bakisla-karacakurt-turkmen\/"},"modified":"2026-04-16T03:07:50","modified_gmt":"2026-04-16T00:07:50","slug":"etnografik-bir-bakisla-karacakurt-turkmen","status":"publish","type":"product","link":"https:\/\/roveyayinevi.com.tr\/index.php\/urun\/etnografik-bir-bakisla-karacakurt-turkmen\/","title":{"rendered":"Etnografik Bir Bak\u0131\u015fla Karacakurt T\u00fcrkmen"},"content":{"rendered":"<p>Bu kitap, mensubu oldu\u011fum kadim T\u00fcrk boylar\u0131ndan O\u011fuzlar\u0131n Bozok kolunun Beydilli T\u00fcrkmen a\u015firetine ba\u011fl\u0131 Karacakurt T\u00fcrkmen k\u00f6yl\u00fcs\u00fcn\u00fcn sosyal ya\u015famlar\u0131nda kulland\u0131klar\u0131 insan ve mek\u00e2n kavramlar\u0131n\u0131 tespit etmek amac\u0131yla yaz\u0131lm\u0131\u015ft\u0131r. Etnografik y\u00f6ntemin kullan\u0131ld\u0131\u011f\u0131 bu \u00e7al\u0131\u015fmada, do\u011fup b\u00fcy\u00fcd\u00fc\u011f\u00fcm Hac\u0131bekta\u015f il\u00e7esi Hasanlar k\u00f6y\u00fc ve bu k\u00f6yle akrabal\u0131k ba\u011flar\u0131 olan kom\u015fu iki k\u00f6y insan\u0131n\u0131n ya\u015fam bi\u00e7imini ve k\u00fclt\u00fcrel anlay\u0131\u015f\u0131n\u0131 ortaya \u00e7\u0131karmak ama\u00e7lanm\u0131\u015ft\u0131r. Anadolu yurt edinen onlarca T\u00fcrkmen a\u015firetlerinden biri olan Karacakurtlar&#8217;\u0131n d\u00fc\u011f\u00fcnleri, \u00e7ocuk do\u011fumlar\u0131, \u00f6l\u00fcm \u00fczerine uygulanan rit\u00fceller, asker ve hac\u0131 u\u011furlamalar\u0131, dini ve milli bayram kutlamalar\u0131, erkek \u00e7ocuklar\u0131n s\u00fcnnet olmas\u0131, koyuna ko\u00e7 ve kuzu kat\u0131m\u0131 gibi bir\u00e7ok gelenek ve g\u00f6renek bu kitapta ara\u015ft\u0131rma konusu olmu\u015ftur. Ayr\u0131ca Karacakurt T\u00fcrkmen k\u00f6yl\u00fcs\u00fcn\u00fcn ya\u015fam tarzlar\u0131, inan\u00e7lar\u0131, yaz\u0131l\u0131 ve s\u00f6zl\u00fc \u00fcr\u00fcnleri gibi bir\u00e7ok tema bu ara\u015ft\u0131rmada yeni bir bak\u0131\u015fla irdelenmi\u015ftir. Ara\u015ft\u0131rma yap\u0131lan k\u00f6ylerdeki mek\u00e2nlara co\u011frafi olarak ne t\u00fcr isimler verildi\u011fi ve bu isimlerin verili\u015f nedenleri ile insanlara, s\u00fclalelere verilen lakaplar ve bu lakaplar\u0131n kaynaklar\u0131 da ara\u015ft\u0131rmam\u0131z\u0131n i\u00e7eri\u011fine d\u00e2hil edilmi\u015ftir. Zengin bir k\u00fclt\u00fcre sahip Anadolu co\u011frafyas\u0131nda Karacakurtlar, bilim ve siyaset d\u00fcnyas\u0131na Osman B\u00f6l\u00fckba\u015f\u0131 gibi onlarca de\u011ferli hazine kazand\u0131rm\u0131\u015ft\u0131r. T\u00fcrkl\u00fc\u011f\u00fc ve \u0130slamiyet\u2019i Bekta\u015filik ve Ahilik inanc\u0131 b\u00fcnyesinde birle\u015ftirmeyi ba\u015faran Karacakurt T\u00fcrkmenleri, Anadolu&#8217;da T\u00fcrk-\u0130slam sentezinin olu\u015fmas\u0131na ve yay\u0131lmas\u0131na vesile olmu\u015flard\u0131r. <\/p>\n","protected":false},"excerpt":{"rendered":"<p>Bu kitap, mensubu oldu\u011fum kadim T\u00fcrk boylar\u0131ndan O\u011fuzlar\u0131n Bozok kolunun Beydilli T\u00fcrkmen a\u015firetine ba\u011fl\u0131 Karacakurt T\u00fcrkmen k\u00f6yl\u00fcs\u00fcn\u00fcn sosyal ya\u015famlar\u0131nda kulland\u0131klar\u0131 insan ve mek\u00e2n kavramlar\u0131n\u0131 tespit etmek<span class=\"excerpt-hellip\"> [\u2026]<\/span><\/p>\n","protected":false},"featured_media":0,"template":"","meta":{"_monsterinsights_skip_tracking":false,"_monsterinsights_sitenote_active":false,"_monsterinsights_sitenote_note":"","_monsterinsights_sitenote_category":0},"product_brand":[],"product_cat":[52477],"product_tag":[],"class_list":{"0":"post-754453","1":"product","2":"type-product","3":"status-publish","5":"product_cat-arastirma","6":"pa_cilt-ciltsiz","7":"pa_tur-kitap","8":"pa_yayinevi-gulnar-yayinlari","9":"pa_yazar-ahmet-bahadir","11":"first","12":"instock","13":"sale","14":"shipping-taxable","15":"purchasable","16":"product-type-simple"},"_links":{"self":[{"href":"https:\/\/roveyayinevi.com.tr\/index.php\/wp-json\/wp\/v2\/product\/754453","targetHints":{"allow":["GET"]}}],"collection":[{"href":"https:\/\/roveyayinevi.com.tr\/index.php\/wp-json\/wp\/v2\/product"}],"about":[{"href":"https:\/\/roveyayinevi.com.tr\/index.php\/wp-json\/wp\/v2\/types\/product"}],"wp:attachment":[{"href":"https:\/\/roveyayinevi.com.tr\/index.php\/wp-json\/wp\/v2\/media?parent=754453"}],"wp:term":[{"taxonomy":"product_brand","embeddable":true,"href":"https:\/\/roveyayinevi.com.tr\/index.php\/wp-json\/wp\/v2\/product_brand?post=754453"},{"taxonomy":"product_cat","embeddable":true,"href":"https:\/\/roveyayinevi.com.tr\/index.php\/wp-json\/wp\/v2\/product_cat?post=754453"},{"taxonomy":"product_tag","embeddable":true,"href":"https:\/\/roveyayinevi.com.tr\/index.php\/wp-json\/wp\/v2\/product_tag?post=754453"}],"curies":[{"name":"wp","href":"https:\/\/api.w.org\/{rel}","templated":true}]}}