{"id":754449,"date":"2025-08-28T06:11:26","date_gmt":"2025-08-28T03:11:26","guid":{"rendered":"https:\/\/roveyayinevi.com.tr\/index.php\/urun\/asal-sayilar\/"},"modified":"2026-04-16T03:07:50","modified_gmt":"2026-04-16T00:07:50","slug":"asal-sayilar","status":"publish","type":"product","link":"https:\/\/roveyayinevi.com.tr\/index.php\/urun\/asal-sayilar\/","title":{"rendered":"Asal Say\u0131lar"},"content":{"rendered":"<p>\u201cLittlewood&#8217;a g\u00f6re, her bir do\u011fal say\u0131 Ramanujan&#8217;\u0131n \u00e7ok \u00f6zel bir arkada\u015f\u0131d\u0131r. Asal Say\u0131lar kitab\u0131, Ramanujan gibi \u00f6zellikle say\u0131lar\u0131 seven, say\u0131larla arkada\u015f olmak isteyenler i\u00e7in e\u015fsiz bir kitap&#8230; Bu kitab\u0131n sayfalar\u0131 aras\u0131na dal\u0131p say\u0131lar aleminde saatlerce kaybolmak m\u00fcmk\u00fcn.\u201d \u2013 Prof. Dr. Kaz\u0131m \u0130lhan \u0130keda, Bo\u011fazi\u00e7i \u00dcniversitesi   \u201cBu kitab\u0131 itidalli okuyun, kendinizi sak\u0131n\u0131n. Ba\u015fka diyarlara gitti\u011finizi, dengenizi yitirdi\u011finizi hissederseniz hemen kitab\u0131 kapay\u0131n, 5 kez derin nefes al\u0131n. Zira 5, en k\u00fc\u00e7\u00fck  &#8216;dengeli asal say\u0131d\u0131r.&#8217; Ayr\u0131nt\u0131lar i\u00e7eride\u2026\u201d \u2013 Prof. Dr. Ferit \u00d6zt\u00fcrk, Bo\u011fazi\u00e7i \u00dcniversitesi   &#8220;Nurettin \u00c7al\u0131\u015fkan ve Mehmet Turgut Necmi Bayram&#8217;\u0131n bu de\u011ferli \u00e7al\u0131\u015fmas\u0131 hem matematik\u00e7ilerin hem de amat\u00f6r matematik sevdal\u0131lar\u0131n\u0131n ilgisini \u00e7ekecek. Bir asal say\u0131lar ansiklopedisi olarak nitelenebilecek bu eser, asal say\u0131lar\u0131n d\u00fcnyas\u0131n\u0131n derinliklerine girmek isteyenler i\u00e7in bir ba\u015fvuru kayna\u011f\u0131 olacak.&#8221; \u2013 Prof. Dr. Sefa Feza Arslan, M.S.G.S. \u00dcniversitesi <\/p>\n","protected":false},"excerpt":{"rendered":"<p>\u201cLittlewood&#8217;a g\u00f6re, her bir do\u011fal say\u0131 Ramanujan&#8217;\u0131n \u00e7ok \u00f6zel bir arkada\u015f\u0131d\u0131r. Asal Say\u0131lar kitab\u0131, Ramanujan gibi \u00f6zellikle say\u0131lar\u0131 seven, say\u0131larla arkada\u015f olmak isteyenler i\u00e7in e\u015fsiz bir<span class=\"excerpt-hellip\"> [\u2026]<\/span><\/p>\n","protected":false},"featured_media":0,"template":"","meta":{"_monsterinsights_skip_tracking":false,"_monsterinsights_sitenote_active":false,"_monsterinsights_sitenote_note":"","_monsterinsights_sitenote_category":0},"product_brand":[],"product_cat":[13005,16724],"product_tag":[],"class_list":{"0":"post-754449","1":"product","2":"type-product","3":"status-publish","5":"product_cat-bilim-muhendislik","6":"product_cat-matematik","7":"pa_cilt-ciltsiz","8":"pa_tur-kitap","9":"pa_yayinevi-alfa-yayinlari","10":"pa_yazar-nurettin-caliskan-mehmet-turgut-necmi-bayram","12":"first","13":"instock","14":"sale","15":"shipping-taxable","16":"purchasable","17":"product-type-simple"},"_links":{"self":[{"href":"https:\/\/roveyayinevi.com.tr\/index.php\/wp-json\/wp\/v2\/product\/754449","targetHints":{"allow":["GET"]}}],"collection":[{"href":"https:\/\/roveyayinevi.com.tr\/index.php\/wp-json\/wp\/v2\/product"}],"about":[{"href":"https:\/\/roveyayinevi.com.tr\/index.php\/wp-json\/wp\/v2\/types\/product"}],"wp:attachment":[{"href":"https:\/\/roveyayinevi.com.tr\/index.php\/wp-json\/wp\/v2\/media?parent=754449"}],"wp:term":[{"taxonomy":"product_brand","embeddable":true,"href":"https:\/\/roveyayinevi.com.tr\/index.php\/wp-json\/wp\/v2\/product_brand?post=754449"},{"taxonomy":"product_cat","embeddable":true,"href":"https:\/\/roveyayinevi.com.tr\/index.php\/wp-json\/wp\/v2\/product_cat?post=754449"},{"taxonomy":"product_tag","embeddable":true,"href":"https:\/\/roveyayinevi.com.tr\/index.php\/wp-json\/wp\/v2\/product_tag?post=754449"}],"curies":[{"name":"wp","href":"https:\/\/api.w.org\/{rel}","templated":true}]}}