{"id":754446,"date":"2025-08-28T06:11:21","date_gmt":"2025-08-28T03:11:21","guid":{"rendered":"https:\/\/roveyayinevi.com.tr\/index.php\/urun\/jules-verne-seti-13-kitap\/"},"modified":"2026-04-16T03:07:50","modified_gmt":"2026-04-16T00:07:50","slug":"jules-verne-seti-13-kitap","status":"publish","type":"product","link":"https:\/\/roveyayinevi.com.tr\/index.php\/urun\/jules-verne-seti-13-kitap\/","title":{"rendered":"Jules Verne Seti (13 kitap)"},"content":{"rendered":"<p>Bu sette Jules Verne\u2019in on \u00fc\u00e7 eserini birlikte sunuyoruz.   Set i\u00e7inde yer alan eserler: Ay&#8217;a Yolculuk (200 syf.) Denizler Alt\u0131nda 20 Bin Fersah (288 syf.) 80 G\u00fcnde Devri\u00e2lem (192 syf.) \u0130ki Y\u0131l Okul Tatili (176 syf.) D\u00fcnyan\u0131n Ucundaki Fener (232 syf.) On Be\u015f Ya\u015f\u0131nda Bir Kaptan (192 syf.) Balonla Be\u015f Hafta (208 syf.) Kaptan Grant&#8217;\u0131n \u00c7ocuklar\u0131 (208 syf.) D\u00fcnyan\u0131n Merkezine Yolculuk (176 syf.) Esrarl\u0131 Ada (208 syf.) Alt\u0131n Volkan\u0131 (256 syf.) Buzlar Sfenksi (236 syf.) Ay&#8217;\u0131n \u00c7evresinde Yolculuk (196 syf.)<\/p>\n","protected":false},"excerpt":{"rendered":"<p>Bu sette Jules Verne\u2019in on \u00fc\u00e7 eserini birlikte sunuyoruz. Set i\u00e7inde yer alan eserler: Ay&#8217;a Yolculuk (200 syf.) Denizler Alt\u0131nda 20 Bin Fersah (288 syf.) 80<span class=\"excerpt-hellip\"> [\u2026]<\/span><\/p>\n","protected":false},"featured_media":0,"template":"","meta":{"_monsterinsights_skip_tracking":false,"_monsterinsights_sitenote_active":false,"_monsterinsights_sitenote_note":"","_monsterinsights_sitenote_category":0},"product_brand":[],"product_cat":[12291,12711],"product_tag":[],"class_list":{"0":"post-754446","1":"product","2":"type-product","3":"status-publish","5":"product_cat-edebiyat","6":"product_cat-roman-oyku","7":"pa_cilt-ciltsiz","8":"pa_tur-kitap","9":"pa_yayinevi-bilgi-yayinevi","10":"pa_yazar-kolektif","12":"first","13":"instock","14":"sale","15":"shipping-taxable","16":"purchasable","17":"product-type-simple"},"_links":{"self":[{"href":"https:\/\/roveyayinevi.com.tr\/index.php\/wp-json\/wp\/v2\/product\/754446","targetHints":{"allow":["GET"]}}],"collection":[{"href":"https:\/\/roveyayinevi.com.tr\/index.php\/wp-json\/wp\/v2\/product"}],"about":[{"href":"https:\/\/roveyayinevi.com.tr\/index.php\/wp-json\/wp\/v2\/types\/product"}],"wp:attachment":[{"href":"https:\/\/roveyayinevi.com.tr\/index.php\/wp-json\/wp\/v2\/media?parent=754446"}],"wp:term":[{"taxonomy":"product_brand","embeddable":true,"href":"https:\/\/roveyayinevi.com.tr\/index.php\/wp-json\/wp\/v2\/product_brand?post=754446"},{"taxonomy":"product_cat","embeddable":true,"href":"https:\/\/roveyayinevi.com.tr\/index.php\/wp-json\/wp\/v2\/product_cat?post=754446"},{"taxonomy":"product_tag","embeddable":true,"href":"https:\/\/roveyayinevi.com.tr\/index.php\/wp-json\/wp\/v2\/product_tag?post=754446"}],"curies":[{"name":"wp","href":"https:\/\/api.w.org\/{rel}","templated":true}]}}