{"id":754443,"date":"2025-08-28T06:11:16","date_gmt":"2025-08-28T03:11:16","guid":{"rendered":"https:\/\/roveyayinevi.com.tr\/index.php\/urun\/yanan-denizin-dansi\/"},"modified":"2026-04-16T03:07:50","modified_gmt":"2026-04-16T00:07:50","slug":"yanan-denizin-dansi","status":"publish","type":"product","link":"https:\/\/roveyayinevi.com.tr\/index.php\/urun\/yanan-denizin-dansi\/","title":{"rendered":"Yanan Denizin Dans\u0131"},"content":{"rendered":"<p>H\u0131rs\u0131zlar Krall\u0131\u011f\u0131, Aadilor diyar\u0131ndaki hem b\u00fcy\u00fc hem de zevkle dolup ta\u015fan sakl\u0131 bir yerdi. Yemin ve kanla ba\u011fl\u0131 \u00fc\u00e7 \u00f6l\u00fcmc\u00fcl b\u00fcy\u00fcc\u00fcden olu\u015fan Mousai, g\u00fc\u00e7lerini bu krall\u0131\u011f\u0131n hazinelerini korumak i\u00e7in kullan\u0131yordu. Niya Bassette, Mousai\u2019a dans\u0131yla g\u00fc\u00e7 getiriyordu. Ne var ki, ba\u015ftan \u00e7\u0131kar\u0131c\u0131 hareketlerinin ard\u0131nda a\u011f\u0131r bir s\u0131r ta\u015f\u0131yordu. K\u00f6t\u00fc \u015f\u00f6hretli korsan lordu Al\u014ds Ezra ise y\u0131llard\u0131r bu s\u0131rr\u0131 ona kar\u015f\u0131 kullanmaktayd\u0131. Ka\u00e7ak\u00e7\u0131l\u0131k su\u00e7undan H\u0131rs\u0131zlar Krall\u0131\u011f\u0131\u2019ndan s\u00fcrg\u00fcn edilen korsan, Niya\u2019y\u0131 rehin alma plan\u0131yla yeniden ortaya \u00e7\u0131km\u0131\u015ft\u0131. Bu s\u0131rr\u0131 kullanarak H\u0131rs\u0131z Kral taraf\u0131ndan ba\u011f\u0131\u015flanmay\u0131 hedefliyordu. Niya s\u0131rr\u0131n\u0131 korumak ve \u00f6zg\u00fcrl\u00fc\u011f\u00fcn\u00fc garanti alt\u0131na almak i\u00e7in korsan lorduyla kendi anla\u015fmas\u0131n\u0131 yapt\u0131. Fakat bunu yaparken bir \u015fekilde adam\u0131n gemisine ba\u011flanm\u0131\u015ft\u0131. \u015eimdi \u00f6l\u00fcmc\u00fcl sularla, kana susam\u0131\u015f bir m\u00fcrettebatla ve ona ihanet eden kalbiyle m\u00fccadele etmek zorundayd\u0131. Al\u014ds\u2019la aralar\u0131ndaki \u00e7ekim, \u00e7ok ge\u00e7meden bu hassas ate\u015fkesi tehdit etmeye ba\u015flad\u0131 ve a\u00e7\u0131k denizlerde \u00e7alkant\u0131l\u0131 bir yolculu\u011fa sebep oldu. Krall\u0131\u011f\u0131ndan \u00e7ok uzakta olan Niya, ger\u00e7ekten de tehlikeli bir dans\u0131n i\u00e7indeydi. Karanl\u0131k eylemlerin asil kalpleri gizledi\u011fi ve en \u00e7ekici danslar\u0131n \u00e7o\u011fu zaman kar\u015f\u0131 taraf\u0131 yakt\u0131\u011f\u0131 Aadilor d\u00fcnyas\u0131na ho\u015f geldiniz. Ba\u015ftan \u00e7\u0131kar\u0131c\u0131 bir dansa ne dersiniz? <\/p>\n","protected":false},"excerpt":{"rendered":"<p>H\u0131rs\u0131zlar Krall\u0131\u011f\u0131, Aadilor diyar\u0131ndaki hem b\u00fcy\u00fc hem de zevkle dolup ta\u015fan sakl\u0131 bir yerdi. Yemin ve kanla ba\u011fl\u0131 \u00fc\u00e7 \u00f6l\u00fcmc\u00fcl b\u00fcy\u00fcc\u00fcden olu\u015fan Mousai, g\u00fc\u00e7lerini bu krall\u0131\u011f\u0131n<span class=\"excerpt-hellip\"> [\u2026]<\/span><\/p>\n","protected":false},"featured_media":0,"template":"","meta":{"_monsterinsights_skip_tracking":false,"_monsterinsights_sitenote_active":false,"_monsterinsights_sitenote_note":"","_monsterinsights_sitenote_category":0},"product_brand":[],"product_cat":[12291,14777],"product_tag":[],"class_list":{"0":"post-754443","1":"product","2":"type-product","3":"status-publish","5":"product_cat-edebiyat","6":"product_cat-fantastik","7":"pa_cilt-ciltsiz","8":"pa_tur-kitap","9":"pa_yayinevi-marti-yayinlari","10":"pa_yazar-e-j-mellow","12":"first","13":"instock","14":"sale","15":"shipping-taxable","16":"purchasable","17":"product-type-simple"},"_links":{"self":[{"href":"https:\/\/roveyayinevi.com.tr\/index.php\/wp-json\/wp\/v2\/product\/754443","targetHints":{"allow":["GET"]}}],"collection":[{"href":"https:\/\/roveyayinevi.com.tr\/index.php\/wp-json\/wp\/v2\/product"}],"about":[{"href":"https:\/\/roveyayinevi.com.tr\/index.php\/wp-json\/wp\/v2\/types\/product"}],"wp:attachment":[{"href":"https:\/\/roveyayinevi.com.tr\/index.php\/wp-json\/wp\/v2\/media?parent=754443"}],"wp:term":[{"taxonomy":"product_brand","embeddable":true,"href":"https:\/\/roveyayinevi.com.tr\/index.php\/wp-json\/wp\/v2\/product_brand?post=754443"},{"taxonomy":"product_cat","embeddable":true,"href":"https:\/\/roveyayinevi.com.tr\/index.php\/wp-json\/wp\/v2\/product_cat?post=754443"},{"taxonomy":"product_tag","embeddable":true,"href":"https:\/\/roveyayinevi.com.tr\/index.php\/wp-json\/wp\/v2\/product_tag?post=754443"}],"curies":[{"name":"wp","href":"https:\/\/api.w.org\/{rel}","templated":true}]}}