{"id":754438,"date":"2025-08-28T06:11:08","date_gmt":"2025-08-28T03:11:08","guid":{"rendered":"https:\/\/roveyayinevi.com.tr\/index.php\/urun\/dinozorlar-eglenceli-bilim\/"},"modified":"2026-04-16T03:07:49","modified_gmt":"2026-04-16T00:07:49","slug":"dinozorlar-eglenceli-bilim","status":"publish","type":"product","link":"https:\/\/roveyayinevi.com.tr\/index.php\/urun\/dinozorlar-eglenceli-bilim\/","title":{"rendered":"Dinozorlar E\u011flenceli Bilim"},"content":{"rendered":"<p>Dinozorlar ne zaman ve nerede ya\u015fad\u0131? En b\u00fcy\u00fck dinozor ne kadar b\u00fcy\u00fckt\u00fc? Dinozorlar neyle besleniyordu? Hangi dinozorlar u\u00e7abiliyordu? Y\u00fczebilen dinozorlar var m\u0131yd\u0131? Peki b\u00fct\u00fcn dinozorlar nereye gitti? Dinozorlar hakk\u0131nda merak etti\u011fin her \u015feyi bu kitapta bulabilirsin!<\/p>\n","protected":false},"excerpt":{"rendered":"<p>Dinozorlar ne zaman ve nerede ya\u015fad\u0131? En b\u00fcy\u00fck dinozor ne kadar b\u00fcy\u00fckt\u00fc? Dinozorlar neyle besleniyordu? Hangi dinozorlar u\u00e7abiliyordu? Y\u00fczebilen dinozorlar var m\u0131yd\u0131? Peki b\u00fct\u00fcn dinozorlar nereye<span class=\"excerpt-hellip\"> [\u2026]<\/span><\/p>\n","protected":false},"featured_media":0,"template":"","meta":{"_monsterinsights_skip_tracking":false,"_monsterinsights_sitenote_active":false,"_monsterinsights_sitenote_note":"","_monsterinsights_sitenote_category":0},"product_brand":[],"product_cat":[12274,12518],"product_tag":[],"class_list":{"0":"post-754438","1":"product","2":"type-product","3":"status-publish","5":"product_cat-cocuk-ve-genclik-kitaplari","6":"product_cat-okul-oncesi-kitaplar","7":"pa_cilt-ciltsiz","8":"pa_tur-kitap","9":"pa_yayinevi-is-bankasi-kultur-yayinlari","10":"pa_yazar-joachim-mallok","12":"first","13":"instock","14":"sale","15":"shipping-taxable","16":"purchasable","17":"product-type-simple"},"_links":{"self":[{"href":"https:\/\/roveyayinevi.com.tr\/index.php\/wp-json\/wp\/v2\/product\/754438","targetHints":{"allow":["GET"]}}],"collection":[{"href":"https:\/\/roveyayinevi.com.tr\/index.php\/wp-json\/wp\/v2\/product"}],"about":[{"href":"https:\/\/roveyayinevi.com.tr\/index.php\/wp-json\/wp\/v2\/types\/product"}],"wp:attachment":[{"href":"https:\/\/roveyayinevi.com.tr\/index.php\/wp-json\/wp\/v2\/media?parent=754438"}],"wp:term":[{"taxonomy":"product_brand","embeddable":true,"href":"https:\/\/roveyayinevi.com.tr\/index.php\/wp-json\/wp\/v2\/product_brand?post=754438"},{"taxonomy":"product_cat","embeddable":true,"href":"https:\/\/roveyayinevi.com.tr\/index.php\/wp-json\/wp\/v2\/product_cat?post=754438"},{"taxonomy":"product_tag","embeddable":true,"href":"https:\/\/roveyayinevi.com.tr\/index.php\/wp-json\/wp\/v2\/product_tag?post=754438"}],"curies":[{"name":"wp","href":"https:\/\/api.w.org\/{rel}","templated":true}]}}