{"id":754432,"date":"2025-08-28T06:10:59","date_gmt":"2025-08-28T03:10:59","guid":{"rendered":"https:\/\/roveyayinevi.com.tr\/index.php\/urun\/ada-yabancilarla-bir-yere-gitmez-ilk-okuma-kitabim\/"},"modified":"2026-04-16T03:07:49","modified_gmt":"2026-04-16T00:07:49","slug":"ada-yabancilarla-bir-yere-gitmez-ilk-okuma-kitabim","status":"publish","type":"product","link":"https:\/\/roveyayinevi.com.tr\/index.php\/urun\/ada-yabancilarla-bir-yere-gitmez-ilk-okuma-kitabim\/","title":{"rendered":"Ada Yabanc\u0131larla Bir Yere Gitmez \u0130lk Okuma Kitab\u0131m"},"content":{"rendered":"<p>Ada, bah\u00e7ede yaln\u0131z ba\u015f\u0131na oynamaktan s\u0131k\u0131l\u0131nca soka\u011fa \u00e7\u0131kan kedinin pe\u015finden gitti. Hem de izin almadan tek ba\u015f\u0131na d\u0131\u015far\u0131 \u00e7\u0131kmamas\u0131 gerekti\u011fini \u00f6\u011frendi\u011fi halde. Kediyi ararken bir yabanc\u0131yla kar\u015f\u0131la\u015fan Ada, tan\u0131mad\u0131\u011f\u0131 insanlara g\u00fcvenmemesi gerekti\u011fini biliyordu. Ada\u2019n\u0131n \u00f6yk\u00fcs\u00fc, \u00e7ocuklar\u0131n g\u00fcndelik hayatta kar\u015f\u0131la\u015fabilecekleri konu, duygu ve deneyimleri ele alarak \u00e7ocuklar\u0131 desteklemektedir.<\/p>\n","protected":false},"excerpt":{"rendered":"<p>Ada, bah\u00e7ede yaln\u0131z ba\u015f\u0131na oynamaktan s\u0131k\u0131l\u0131nca soka\u011fa \u00e7\u0131kan kedinin pe\u015finden gitti. Hem de izin almadan tek ba\u015f\u0131na d\u0131\u015far\u0131 \u00e7\u0131kmamas\u0131 gerekti\u011fini \u00f6\u011frendi\u011fi halde. Kediyi ararken bir yabanc\u0131yla<span class=\"excerpt-hellip\"> [\u2026]<\/span><\/p>\n","protected":false},"featured_media":0,"template":"","meta":{"_monsterinsights_skip_tracking":false,"_monsterinsights_sitenote_active":false,"_monsterinsights_sitenote_note":"","_monsterinsights_sitenote_category":0},"product_brand":[],"product_cat":[12274,12518],"product_tag":[],"class_list":{"0":"post-754432","1":"product","2":"type-product","3":"status-publish","5":"product_cat-cocuk-ve-genclik-kitaplari","6":"product_cat-okul-oncesi-kitaplar","7":"pa_cilt-ciltsiz","8":"pa_tur-kitap","9":"pa_yayinevi-is-bankasi-kultur-yayinlari","10":"pa_yazar-anna-wagenhoff","12":"first","13":"instock","14":"sale","15":"shipping-taxable","16":"purchasable","17":"product-type-simple"},"_links":{"self":[{"href":"https:\/\/roveyayinevi.com.tr\/index.php\/wp-json\/wp\/v2\/product\/754432","targetHints":{"allow":["GET"]}}],"collection":[{"href":"https:\/\/roveyayinevi.com.tr\/index.php\/wp-json\/wp\/v2\/product"}],"about":[{"href":"https:\/\/roveyayinevi.com.tr\/index.php\/wp-json\/wp\/v2\/types\/product"}],"wp:attachment":[{"href":"https:\/\/roveyayinevi.com.tr\/index.php\/wp-json\/wp\/v2\/media?parent=754432"}],"wp:term":[{"taxonomy":"product_brand","embeddable":true,"href":"https:\/\/roveyayinevi.com.tr\/index.php\/wp-json\/wp\/v2\/product_brand?post=754432"},{"taxonomy":"product_cat","embeddable":true,"href":"https:\/\/roveyayinevi.com.tr\/index.php\/wp-json\/wp\/v2\/product_cat?post=754432"},{"taxonomy":"product_tag","embeddable":true,"href":"https:\/\/roveyayinevi.com.tr\/index.php\/wp-json\/wp\/v2\/product_tag?post=754432"}],"curies":[{"name":"wp","href":"https:\/\/api.w.org\/{rel}","templated":true}]}}