{"id":754431,"date":"2025-08-28T06:10:57","date_gmt":"2025-08-28T03:10:57","guid":{"rendered":"https:\/\/roveyayinevi.com.tr\/index.php\/urun\/arkadasim-mimar-dunyayi-ogreniyorum\/"},"modified":"2026-04-16T03:07:49","modified_gmt":"2026-04-16T00:07:49","slug":"arkadasim-mimar-dunyayi-ogreniyorum","status":"publish","type":"product","link":"https:\/\/roveyayinevi.com.tr\/index.php\/urun\/arkadasim-mimar-dunyayi-ogreniyorum\/","title":{"rendered":"Arkada\u015f\u0131m Mimar D\u00fcnyay\u0131 \u00d6\u011freniyorum"},"content":{"rendered":"<p>Arkada\u015f\u0131m \u00d6zge bir mimar. Bug\u00fcn \u00d6zge\u2019yle birlikte i\u015f yerine gittik. Eski bir ayakkab\u0131 d\u00fckk\u00e2n\u0131n\u0131n kre\u015fe d\u00f6n\u00fc\u015ft\u00fcr\u00fcld\u00fc\u011f\u00fcn\u00fc g\u00f6rmek beni \u00e7ok heyecanland\u0131rd\u0131. Kre\u015fin planlar\u0131n\u0131 inceledim, mimarlar\u0131n harika fikirlerini g\u00f6rd\u00fcm. Yeni kre\u015fin \u00e7evre dostu olmas\u0131 da beni \u00e7ok heyecanland\u0131rd\u0131. Hadi gidip mimarlar\u0131n nas\u0131l \u00e7al\u0131\u015ft\u0131klar\u0131n\u0131 yak\u0131ndan g\u00f6relim.<\/p>\n","protected":false},"excerpt":{"rendered":"<p>Arkada\u015f\u0131m \u00d6zge bir mimar. Bug\u00fcn \u00d6zge\u2019yle birlikte i\u015f yerine gittik. Eski bir ayakkab\u0131 d\u00fckk\u00e2n\u0131n\u0131n kre\u015fe d\u00f6n\u00fc\u015ft\u00fcr\u00fcld\u00fc\u011f\u00fcn\u00fc g\u00f6rmek beni \u00e7ok heyecanland\u0131rd\u0131. Kre\u015fin planlar\u0131n\u0131 inceledim, mimarlar\u0131n harika fikirlerini<span class=\"excerpt-hellip\"> [\u2026]<\/span><\/p>\n","protected":false},"featured_media":0,"template":"","meta":{"_monsterinsights_skip_tracking":false,"_monsterinsights_sitenote_active":false,"_monsterinsights_sitenote_note":"","_monsterinsights_sitenote_category":0},"product_brand":[],"product_cat":[12274,12284],"product_tag":[],"class_list":{"0":"post-754431","1":"product","2":"type-product","3":"status-publish","5":"product_cat-cocuk-ve-genclik-kitaplari","6":"product_cat-hikayeler","7":"pa_cilt-ciltsiz","8":"pa_tur-kitap","9":"pa_yayinevi-is-bankasi-kultur-yayinlari","10":"pa_yazar-ralf-butschkow","12":"first","13":"instock","14":"sale","15":"shipping-taxable","16":"purchasable","17":"product-type-simple"},"_links":{"self":[{"href":"https:\/\/roveyayinevi.com.tr\/index.php\/wp-json\/wp\/v2\/product\/754431","targetHints":{"allow":["GET"]}}],"collection":[{"href":"https:\/\/roveyayinevi.com.tr\/index.php\/wp-json\/wp\/v2\/product"}],"about":[{"href":"https:\/\/roveyayinevi.com.tr\/index.php\/wp-json\/wp\/v2\/types\/product"}],"wp:attachment":[{"href":"https:\/\/roveyayinevi.com.tr\/index.php\/wp-json\/wp\/v2\/media?parent=754431"}],"wp:term":[{"taxonomy":"product_brand","embeddable":true,"href":"https:\/\/roveyayinevi.com.tr\/index.php\/wp-json\/wp\/v2\/product_brand?post=754431"},{"taxonomy":"product_cat","embeddable":true,"href":"https:\/\/roveyayinevi.com.tr\/index.php\/wp-json\/wp\/v2\/product_cat?post=754431"},{"taxonomy":"product_tag","embeddable":true,"href":"https:\/\/roveyayinevi.com.tr\/index.php\/wp-json\/wp\/v2\/product_tag?post=754431"}],"curies":[{"name":"wp","href":"https:\/\/api.w.org\/{rel}","templated":true}]}}