{"id":754429,"date":"2025-08-28T06:10:13","date_gmt":"2025-08-28T03:10:13","guid":{"rendered":"https:\/\/roveyayinevi.com.tr\/index.php\/urun\/dedemin-sihirli-mutfagi\/"},"modified":"2026-04-16T03:07:49","modified_gmt":"2026-04-16T00:07:49","slug":"dedemin-sihirli-mutfagi","status":"publish","type":"product","link":"https:\/\/roveyayinevi.com.tr\/index.php\/urun\/dedemin-sihirli-mutfagi\/","title":{"rendered":"Dedemin Sihirli Mutfa\u011f\u0131"},"content":{"rendered":"<p>I\u015f\u0131l \u0131\u015f\u0131l bir d\u00fcnyan\u0131n kap\u0131lar\u0131 a\u00e7\u0131l\u0131yor! Sizce oras\u0131 dedenin mutfa\u011f\u0131 m\u0131 yoksa torunun oyun alan\u0131 m\u0131?   Renkli malzemeleriyle, f\u0131r\u00e7a ve boyalar\u0131yla tam bir panay\u0131r yeri sanki. Hadi beklemeyin daha fazla\u2026   Siz de kat\u0131l\u0131n oyuna   Ayt\u00fcl Akal\u2019\u0131n benzersiz anlat\u0131m\u0131 ve Emel Alp Sar\u0131\u2019n\u0131n yarat\u0131c\u0131 \u00e7izimleriyle, unutulmayacak bir yolculu\u011fa \u00e7\u0131kacaks\u0131n\u0131z. <\/p>\n","protected":false},"excerpt":{"rendered":"<p>I\u015f\u0131l \u0131\u015f\u0131l bir d\u00fcnyan\u0131n kap\u0131lar\u0131 a\u00e7\u0131l\u0131yor! Sizce oras\u0131 dedenin mutfa\u011f\u0131 m\u0131 yoksa torunun oyun alan\u0131 m\u0131? Renkli malzemeleriyle, f\u0131r\u00e7a ve boyalar\u0131yla tam bir panay\u0131r yeri sanki.<span class=\"excerpt-hellip\"> [\u2026]<\/span><\/p>\n","protected":false},"featured_media":0,"template":"","meta":{"_monsterinsights_skip_tracking":false,"_monsterinsights_sitenote_active":false,"_monsterinsights_sitenote_note":"","_monsterinsights_sitenote_category":0},"product_brand":[],"product_cat":[12274,12518],"product_tag":[],"class_list":{"0":"post-754429","1":"product","2":"type-product","3":"status-publish","5":"product_cat-cocuk-ve-genclik-kitaplari","6":"product_cat-okul-oncesi-kitaplar","7":"pa_cilt-ciltsiz","8":"pa_tur-kitap","9":"pa_yayinevi-fom-kitap","10":"pa_yazar-aytul-akal","12":"first","13":"instock","14":"sale","15":"shipping-taxable","16":"purchasable","17":"product-type-simple"},"_links":{"self":[{"href":"https:\/\/roveyayinevi.com.tr\/index.php\/wp-json\/wp\/v2\/product\/754429","targetHints":{"allow":["GET"]}}],"collection":[{"href":"https:\/\/roveyayinevi.com.tr\/index.php\/wp-json\/wp\/v2\/product"}],"about":[{"href":"https:\/\/roveyayinevi.com.tr\/index.php\/wp-json\/wp\/v2\/types\/product"}],"wp:attachment":[{"href":"https:\/\/roveyayinevi.com.tr\/index.php\/wp-json\/wp\/v2\/media?parent=754429"}],"wp:term":[{"taxonomy":"product_brand","embeddable":true,"href":"https:\/\/roveyayinevi.com.tr\/index.php\/wp-json\/wp\/v2\/product_brand?post=754429"},{"taxonomy":"product_cat","embeddable":true,"href":"https:\/\/roveyayinevi.com.tr\/index.php\/wp-json\/wp\/v2\/product_cat?post=754429"},{"taxonomy":"product_tag","embeddable":true,"href":"https:\/\/roveyayinevi.com.tr\/index.php\/wp-json\/wp\/v2\/product_tag?post=754429"}],"curies":[{"name":"wp","href":"https:\/\/api.w.org\/{rel}","templated":true}]}}