{"id":754428,"date":"2025-08-28T06:10:12","date_gmt":"2025-08-28T03:10:12","guid":{"rendered":"https:\/\/roveyayinevi.com.tr\/index.php\/urun\/cumhuriyetimize-ilham-verenlerin-hayat-hikayeleri\/"},"modified":"2025-09-11T15:09:09","modified_gmt":"2025-09-11T12:09:09","slug":"cumhuriyetimize-ilham-verenlerin-hayat-hikayeleri","status":"publish","type":"product","link":"https:\/\/roveyayinevi.com.tr\/index.php\/urun\/cumhuriyetimize-ilham-verenlerin-hayat-hikayeleri\/","title":{"rendered":"Cumhuriyetimize \u0130lham Verenlerin Hayat Hikayeleri"},"content":{"rendered":"<p>De\u011ferli veliler, sevgili \u00f6\u011frenciler, Cumhuriyet\u2019imizin 100. y\u0131l\u0131na \u00f6zel olarak haz\u0131rlad\u0131\u011f\u0131m\u0131z bu kitab\u0131m\u0131zda Cumhuriyet\u2019imizin kurulmas\u0131na imk\u00e2n sa\u011flayan, ilham veren kahramanlar\u0131m\u0131z\u0131n hayat hikayelerini keyifle okuyup \u00f6\u011freneceksiniz. Bu kitapta on tane Kurtulu\u015f Sava\u015f\u0131\u2019n\u0131 y\u00f6neten komutanlar, on tane bu sava\u015fta \u00fcst d\u00fczey kahramanl\u0131klar g\u00f6stermi\u015f gen\u00e7, cesur, yi\u011fit; on tane de bu vatan i\u00e7in can\u0131n\u0131 hi\u00e7e saym\u0131\u015f kad\u0131n kahramanlar\u0131m\u0131za yer verilmi\u015ftir. Kitapta ad\u0131 ge\u00e7en her kahraman i\u00e7in iki adet serbest \u00e7al\u0131\u015fma b\u00f6l\u00fcm\u00fc, be\u015f do\u011fru-yanl\u0131\u015f de\u011ferlendirme, be\u015f bo\u015fluk doldurma ve be\u015f tane de \u00e7oktan se\u00e7meli soruya yer verilmi\u015ftir. <\/p>\n","protected":false},"excerpt":{"rendered":"<p>De\u011ferli veliler, sevgili \u00f6\u011frenciler, Cumhuriyet\u2019imizin 100. y\u0131l\u0131na \u00f6zel olarak haz\u0131rlad\u0131\u011f\u0131m\u0131z bu kitab\u0131m\u0131zda Cumhuriyet\u2019imizin kurulmas\u0131na imk\u00e2n sa\u011flayan, ilham veren kahramanlar\u0131m\u0131z\u0131n hayat hikayelerini keyifle okuyup \u00f6\u011freneceksiniz. Bu kitapta<span class=\"excerpt-hellip\"> [\u2026]<\/span><\/p>\n","protected":false},"featured_media":0,"template":"","meta":{"_monsterinsights_skip_tracking":false,"_monsterinsights_sitenote_active":false,"_monsterinsights_sitenote_note":"","_monsterinsights_sitenote_category":0},"product_brand":[],"product_cat":[12274,12284],"product_tag":[],"class_list":{"0":"post-754428","1":"product","2":"type-product","3":"status-publish","5":"product_cat-cocuk-ve-genclik-kitaplari","6":"product_cat-hikayeler","7":"pa_cilt-ciltsiz","8":"pa_tur-kitap","9":"pa_yayinevi-artibir-yayinlari","10":"pa_yazar-mesut-yavuzturk-basri-doganay","12":"first","13":"instock","14":"sale","15":"shipping-taxable","16":"purchasable","17":"product-type-simple"},"_links":{"self":[{"href":"https:\/\/roveyayinevi.com.tr\/index.php\/wp-json\/wp\/v2\/product\/754428","targetHints":{"allow":["GET"]}}],"collection":[{"href":"https:\/\/roveyayinevi.com.tr\/index.php\/wp-json\/wp\/v2\/product"}],"about":[{"href":"https:\/\/roveyayinevi.com.tr\/index.php\/wp-json\/wp\/v2\/types\/product"}],"wp:attachment":[{"href":"https:\/\/roveyayinevi.com.tr\/index.php\/wp-json\/wp\/v2\/media?parent=754428"}],"wp:term":[{"taxonomy":"product_brand","embeddable":true,"href":"https:\/\/roveyayinevi.com.tr\/index.php\/wp-json\/wp\/v2\/product_brand?post=754428"},{"taxonomy":"product_cat","embeddable":true,"href":"https:\/\/roveyayinevi.com.tr\/index.php\/wp-json\/wp\/v2\/product_cat?post=754428"},{"taxonomy":"product_tag","embeddable":true,"href":"https:\/\/roveyayinevi.com.tr\/index.php\/wp-json\/wp\/v2\/product_tag?post=754428"}],"curies":[{"name":"wp","href":"https:\/\/api.w.org\/{rel}","templated":true}]}}