{"id":754426,"date":"2025-08-28T06:10:08","date_gmt":"2025-08-28T03:10:08","guid":{"rendered":"https:\/\/roveyayinevi.com.tr\/index.php\/urun\/cumhuriyetimizi-yuceltenlerin-hayat-hikayeleri\/"},"modified":"2025-09-11T15:09:08","modified_gmt":"2025-09-11T12:09:08","slug":"cumhuriyetimizi-yuceltenlerin-hayat-hikayeleri","status":"publish","type":"product","link":"https:\/\/roveyayinevi.com.tr\/index.php\/urun\/cumhuriyetimizi-yuceltenlerin-hayat-hikayeleri\/","title":{"rendered":"Cumhuriyetimizi Y\u00fcceltenlerin Hayat Hikayeleri"},"content":{"rendered":"<p>Cumhuriyetimizin 100. Y\u0131l\u0131na \u00f6zel olarak haz\u0131rlad\u0131\u011f\u0131m\u0131z bu kitab\u0131m\u0131zda Cumhuriyetimizi y\u00fccelten, \u00fclkemizin t\u00fcm d\u00fcnyada tan\u0131nmas\u0131n\u0131 sa\u011flayan bilim ve sanat insanlar\u0131n\u0131n hayat hikayelerini, cumhuriyet \u00e7ocuklar\u0131n\u0131n da \u00f6\u011frenmeleri i\u00e7in titizlikle haz\u0131rlad\u0131k. <\/p>\n","protected":false},"excerpt":{"rendered":"<p>Cumhuriyetimizin 100. Y\u0131l\u0131na \u00f6zel olarak haz\u0131rlad\u0131\u011f\u0131m\u0131z bu kitab\u0131m\u0131zda Cumhuriyetimizi y\u00fccelten, \u00fclkemizin t\u00fcm d\u00fcnyada tan\u0131nmas\u0131n\u0131 sa\u011flayan bilim ve sanat insanlar\u0131n\u0131n hayat hikayelerini, cumhuriyet \u00e7ocuklar\u0131n\u0131n da \u00f6\u011frenmeleri i\u00e7in<span class=\"excerpt-hellip\"> [\u2026]<\/span><\/p>\n","protected":false},"featured_media":0,"template":"","meta":{"_monsterinsights_skip_tracking":false,"_monsterinsights_sitenote_active":false,"_monsterinsights_sitenote_note":"","_monsterinsights_sitenote_category":0},"product_brand":[],"product_cat":[12274,12284],"product_tag":[],"class_list":{"0":"post-754426","1":"product","2":"type-product","3":"status-publish","5":"product_cat-cocuk-ve-genclik-kitaplari","6":"product_cat-hikayeler","7":"pa_cilt-ciltsiz","8":"pa_tur-kitap","9":"pa_yayinevi-artibir-yayinlari","10":"pa_yazar-mesut-yavuzturk-basri-doganay","12":"first","13":"instock","14":"sale","15":"shipping-taxable","16":"purchasable","17":"product-type-simple"},"_links":{"self":[{"href":"https:\/\/roveyayinevi.com.tr\/index.php\/wp-json\/wp\/v2\/product\/754426","targetHints":{"allow":["GET"]}}],"collection":[{"href":"https:\/\/roveyayinevi.com.tr\/index.php\/wp-json\/wp\/v2\/product"}],"about":[{"href":"https:\/\/roveyayinevi.com.tr\/index.php\/wp-json\/wp\/v2\/types\/product"}],"wp:attachment":[{"href":"https:\/\/roveyayinevi.com.tr\/index.php\/wp-json\/wp\/v2\/media?parent=754426"}],"wp:term":[{"taxonomy":"product_brand","embeddable":true,"href":"https:\/\/roveyayinevi.com.tr\/index.php\/wp-json\/wp\/v2\/product_brand?post=754426"},{"taxonomy":"product_cat","embeddable":true,"href":"https:\/\/roveyayinevi.com.tr\/index.php\/wp-json\/wp\/v2\/product_cat?post=754426"},{"taxonomy":"product_tag","embeddable":true,"href":"https:\/\/roveyayinevi.com.tr\/index.php\/wp-json\/wp\/v2\/product_tag?post=754426"}],"curies":[{"name":"wp","href":"https:\/\/api.w.org\/{rel}","templated":true}]}}