{"id":754425,"date":"2025-08-28T06:10:07","date_gmt":"2025-08-28T03:10:07","guid":{"rendered":"https:\/\/roveyayinevi.com.tr\/index.php\/urun\/cadilar-bayrami-cinayeti\/"},"modified":"2026-04-16T03:07:49","modified_gmt":"2026-04-16T00:07:49","slug":"cadilar-bayrami-cinayeti","status":"publish","type":"product","link":"https:\/\/roveyayinevi.com.tr\/index.php\/urun\/cadilar-bayrami-cinayeti\/","title":{"rendered":"Cad\u0131lar Bayram\u0131 Cinayeti"},"content":{"rendered":"<p>B\u0130R HERCULE POIROT MACERASI OLAN CADILAR BAYRAMI C\u0130NAYET\u0130, &#8220;A HAUNTING IN VENICE&#8221; \u0130SM\u0130YLE S\u0130NEMAYA UYARLANDI.Cinayet romanlar\u0131 yazar\u0131 Bayan Ariadne Oliver, Woodleigh k\u00f6y\u00fcne, arkada\u015f\u0131 Judith Butler&#8217;\u0131 ziyarete gider. Bir s\u00fcredir arkada\u015f\u0131yla birlikte kalan yazar, k\u00f6y\u00fcn ileri gelenleri taraf\u0131ndan gen\u00e7ler i\u00e7in d\u00fczenlenen Cad\u0131lar Bayram\u0131 partisine kat\u0131l\u0131r. Parti haz\u0131rl\u0131klar\u0131 s\u0131ras\u0131nda, on \u00fc\u00e7 ya\u015f\u0131ndaki ergen k\u0131z Joyce bir zamanlar bir cinayete tan\u0131k oldu\u011funu s\u00f6yleyerek \u00f6v\u00fcn\u00fcr, ama kimse ona inanmaz.Partinin ertesi ak\u015fam\u0131 Bayan Oliver bu kez solu\u011fu Londra&#8217;da al\u0131r. Hercule Poirot&#8217;nun dairesine f\u0131rt\u0131na gibi dalan kad\u0131n, heyecandan \u00e7\u0131ld\u0131rmak \u00fczeredir. Anlatacaklar\u0131n\u0131 bir t\u00fcrl\u00fc toparlayamayan Ariadne, sonunda Poirot&#8217;ya Joyce&#8217;un su dolu teneke bir kovada bo\u011fuldu\u011funu ve ba\u015f\u0131n\u0131n sudaki elmalar\u0131n aras\u0131nda salland\u0131\u011f\u0131n\u0131 s\u00f6yler. Hercule Poirot katili bulmak i\u00e7in yola koyulur ama \u00f6nce, Woodleigh k\u00f6y\u00fcnde ya\u015fayan, eski dostu, art\u0131k emeklili\u011fin tad\u0131n\u0131 \u00e7\u0131karan Ba\u015fm\u00fcfetti\u015f Spence&#8217;ten yard\u0131m ister.Masum, s\u0131radan bir Cad\u0131lar Bayram\u0131 partisi korkun\u00e7 bir katliamla bitiyor ve \u015feytani katilin maskesini kald\u0131rmak yine Hercule Poirot&#8217;ya d\u00fc\u015f\u00fcyor!Cad\u0131lar Bayram\u0131 Cinayeti, \u00f6nceki bas\u0131mlarda Elmay\u0131 Y\u0131lan Is\u0131rd\u0131 ismiyle yay\u0131mland\u0131.<\/p>\n","protected":false},"excerpt":{"rendered":"<p>B\u0130R HERCULE POIROT MACERASI OLAN CADILAR BAYRAMI C\u0130NAYET\u0130, &#8220;A HAUNTING IN VENICE&#8221; \u0130SM\u0130YLE S\u0130NEMAYA UYARLANDI.Cinayet romanlar\u0131 yazar\u0131 Bayan Ariadne Oliver, Woodleigh k\u00f6y\u00fcne, arkada\u015f\u0131 Judith Butler&#8217;\u0131 ziyarete<span class=\"excerpt-hellip\"> [\u2026]<\/span><\/p>\n","protected":false},"featured_media":0,"template":"","meta":{"_monsterinsights_skip_tracking":false,"_monsterinsights_sitenote_active":false,"_monsterinsights_sitenote_note":"","_monsterinsights_sitenote_category":0},"product_brand":[],"product_cat":[12291,15445],"product_tag":[],"class_list":{"0":"post-754425","1":"product","2":"type-product","3":"status-publish","5":"product_cat-edebiyat","6":"product_cat-polisiye","7":"pa_cilt-ciltsiz","8":"pa_tur-kitap","9":"pa_yayinevi-altin-kitaplar-ozel-urun","10":"pa_yazar-agatha-christie","12":"first","13":"instock","14":"sale","15":"shipping-taxable","16":"purchasable","17":"product-type-simple"},"_links":{"self":[{"href":"https:\/\/roveyayinevi.com.tr\/index.php\/wp-json\/wp\/v2\/product\/754425","targetHints":{"allow":["GET"]}}],"collection":[{"href":"https:\/\/roveyayinevi.com.tr\/index.php\/wp-json\/wp\/v2\/product"}],"about":[{"href":"https:\/\/roveyayinevi.com.tr\/index.php\/wp-json\/wp\/v2\/types\/product"}],"wp:attachment":[{"href":"https:\/\/roveyayinevi.com.tr\/index.php\/wp-json\/wp\/v2\/media?parent=754425"}],"wp:term":[{"taxonomy":"product_brand","embeddable":true,"href":"https:\/\/roveyayinevi.com.tr\/index.php\/wp-json\/wp\/v2\/product_brand?post=754425"},{"taxonomy":"product_cat","embeddable":true,"href":"https:\/\/roveyayinevi.com.tr\/index.php\/wp-json\/wp\/v2\/product_cat?post=754425"},{"taxonomy":"product_tag","embeddable":true,"href":"https:\/\/roveyayinevi.com.tr\/index.php\/wp-json\/wp\/v2\/product_tag?post=754425"}],"curies":[{"name":"wp","href":"https:\/\/api.w.org\/{rel}","templated":true}]}}