{"id":754422,"date":"2025-08-28T06:10:02","date_gmt":"2025-08-28T03:10:02","guid":{"rendered":"https:\/\/roveyayinevi.com.tr\/index.php\/urun\/100-yilin-100-sanat-eseri-ciltli\/"},"modified":"2026-04-16T03:07:49","modified_gmt":"2026-04-16T00:07:49","slug":"100-yilin-100-sanat-eseri-ciltli","status":"publish","type":"product","link":"https:\/\/roveyayinevi.com.tr\/index.php\/urun\/100-yilin-100-sanat-eseri-ciltli\/","title":{"rendered":"100 Y\u0131l\u0131n 100 Sanat Eseri (Ciltli)"},"content":{"rendered":"<p>Cumhuriyetimizin 100.Y\u0131l\u0131 m\u00fcnasebetiyle haz\u0131rlanan 5 kitapl\u0131k serinin SANAT ba\u015fl\u0131kl\u0131 bu ciltinde;.\u00b7 Temalar\u0131n ressam\u0131, elleri ifade arac\u0131 de\u011fil ifadenin kendisi olarak g\u00f6ren Abidin Dino,\u00b7\u00b7 \u201cH\u00e7 tutmad\u0131m elimde bir Alev Eb\u00fczziya \u00e7ana\u011f\u0131. \u0130lk g\u00f6rd\u00fc\u011f\u00fcmden beri severim Jo Selsing\u2019in foto\u011fraf\u0131n\u0131. Bir Eb\u00fczziya \u00e7ana\u011f\u0131m olsa, ara ara havaya at\u0131p tutabilmek isterdim. Ya\u015famadan hissedebiliyorum heyecan\u0131n\u0131\u201d denilen Alev Eb\u00fczziya,\u00b7\u00b7 T\u00fcrkiye\u2019nin K\u00fcba\u2019s\u0131n\u0131n sahibi Kutlu\u011f Ataman,\u00b7\u00b7 Malik Aksel ya\u015fam boyu ba\u015far\u0131 \u00f6d\u00fcll\u00fc Refik Anadol ve Sabri Berkel\u2019in de aralar\u0131nda bulundu\u011fu 100 farkl\u0131 sanat\u00e7\u0131n\u0131n resim, heykel, video art, enstalasyon tarz\u0131ndaki eserler konu edilecektir.<\/p>\n","protected":false},"excerpt":{"rendered":"<p>Cumhuriyetimizin 100.Y\u0131l\u0131 m\u00fcnasebetiyle haz\u0131rlanan 5 kitapl\u0131k serinin SANAT ba\u015fl\u0131kl\u0131 bu ciltinde;.\u00b7 Temalar\u0131n ressam\u0131, elleri ifade arac\u0131 de\u011fil ifadenin kendisi olarak g\u00f6ren Abidin Dino,\u00b7\u00b7 \u201cH\u00e7 tutmad\u0131m elimde<span class=\"excerpt-hellip\"> [\u2026]<\/span><\/p>\n","protected":false},"featured_media":0,"template":"","meta":{"_monsterinsights_skip_tracking":false,"_monsterinsights_sitenote_active":false,"_monsterinsights_sitenote_note":"","_monsterinsights_sitenote_category":0},"product_brand":[],"product_cat":[20039,13488],"product_tag":[],"class_list":{"0":"post-754422","1":"product","2":"type-product","3":"status-publish","5":"product_cat-kultur-tarihi","6":"product_cat-toplum-ve-insan","7":"pa_cilt-ciltli","8":"pa_tur-kitap","9":"pa_yayinevi-anadolu-ajansi-yayinevi","10":"pa_yazar-samet-karagoz","12":"first","13":"instock","14":"sale","15":"shipping-taxable","16":"purchasable","17":"product-type-simple"},"_links":{"self":[{"href":"https:\/\/roveyayinevi.com.tr\/index.php\/wp-json\/wp\/v2\/product\/754422","targetHints":{"allow":["GET"]}}],"collection":[{"href":"https:\/\/roveyayinevi.com.tr\/index.php\/wp-json\/wp\/v2\/product"}],"about":[{"href":"https:\/\/roveyayinevi.com.tr\/index.php\/wp-json\/wp\/v2\/types\/product"}],"wp:attachment":[{"href":"https:\/\/roveyayinevi.com.tr\/index.php\/wp-json\/wp\/v2\/media?parent=754422"}],"wp:term":[{"taxonomy":"product_brand","embeddable":true,"href":"https:\/\/roveyayinevi.com.tr\/index.php\/wp-json\/wp\/v2\/product_brand?post=754422"},{"taxonomy":"product_cat","embeddable":true,"href":"https:\/\/roveyayinevi.com.tr\/index.php\/wp-json\/wp\/v2\/product_cat?post=754422"},{"taxonomy":"product_tag","embeddable":true,"href":"https:\/\/roveyayinevi.com.tr\/index.php\/wp-json\/wp\/v2\/product_tag?post=754422"}],"curies":[{"name":"wp","href":"https:\/\/api.w.org\/{rel}","templated":true}]}}