{"id":754421,"date":"2025-08-28T06:10:01","date_gmt":"2025-08-28T03:10:01","guid":{"rendered":"https:\/\/roveyayinevi.com.tr\/index.php\/urun\/100-yilin-100-sinema-eseri-citli\/"},"modified":"2026-04-16T03:07:49","modified_gmt":"2026-04-16T00:07:49","slug":"100-yilin-100-sinema-eseri-citli","status":"publish","type":"product","link":"https:\/\/roveyayinevi.com.tr\/index.php\/urun\/100-yilin-100-sinema-eseri-citli\/","title":{"rendered":"100 Y\u0131l\u0131n 100 Sinema Eseri (Citli)"},"content":{"rendered":"<p>Cumhuriyetimizin 100.Y\u0131l\u0131 m\u00fcnasebetiyle haz\u0131rlanan 5 kitapl\u0131k serinin S\u0130NEMA  ba\u015fl\u0131kl\u0131 bu ciltinde;.   \u00b7         T\u00fcrk sinemas\u0131n\u0131n bilge y\u00f6netmeni Ahmet Ulu\u00e7ay \u00b7         Ta\u015fray\u0131 bazen ya\u015fanan bunal\u0131m\u0131n sebebi olarak verirken bazen de bunal\u0131m\u0131n ve ka\u00e7\u0131\u015f\u0131n bir simgesi olarak kullanan, T\u00fcrk sinemas\u0131n\u0131 d\u00fcnyaya tan\u0131tmada \u00f6nc\u00fc rol \u00fcstlenen Nuri Bilge Ceylan, \u00b7         Berlin Film Festivali\u2019nde Alt\u0131n Ay\u0131 \u00f6d\u00fcll\u00fc \u201cSusuz Yaz\u201d ile ak\u0131llara kaz\u0131nan Metin Erksan, \u00b7         Cumhuriyet tarihinin ilklerini ger\u00e7ekle\u015ftirerek \u201cAte\u015ften G\u00f6mlek\u201dadl\u0131 ilk filmin ve \u201cHal\u0131c\u0131 K\u0131z\u201d adl\u0131 ilk renkli filmin y\u00f6netmeni Muhsin Ertu\u011frul, \u00b7         \u00d6mer Kavur ve Semih Kaplano\u011flu <\/p>\n","protected":false},"excerpt":{"rendered":"<p>Cumhuriyetimizin 100.Y\u0131l\u0131 m\u00fcnasebetiyle haz\u0131rlanan 5 kitapl\u0131k serinin S\u0130NEMA ba\u015fl\u0131kl\u0131 bu ciltinde;. \u00b7 T\u00fcrk sinemas\u0131n\u0131n bilge y\u00f6netmeni Ahmet Ulu\u00e7ay \u00b7 Ta\u015fray\u0131 bazen ya\u015fanan bunal\u0131m\u0131n sebebi olarak verirken<span class=\"excerpt-hellip\"> [\u2026]<\/span><\/p>\n","protected":false},"featured_media":0,"template":"","meta":{"_monsterinsights_skip_tracking":false,"_monsterinsights_sitenote_active":false,"_monsterinsights_sitenote_note":"","_monsterinsights_sitenote_category":0},"product_brand":[],"product_cat":[20039,13488],"product_tag":[],"class_list":{"0":"post-754421","1":"product","2":"type-product","3":"status-publish","5":"product_cat-kultur-tarihi","6":"product_cat-toplum-ve-insan","7":"pa_cilt-ciltli","8":"pa_tur-kitap","9":"pa_yayinevi-anadolu-ajansi-yayinevi","10":"pa_yazar-samet-karagoz","12":"first","13":"instock","14":"sale","15":"shipping-taxable","16":"purchasable","17":"product-type-simple"},"_links":{"self":[{"href":"https:\/\/roveyayinevi.com.tr\/index.php\/wp-json\/wp\/v2\/product\/754421","targetHints":{"allow":["GET"]}}],"collection":[{"href":"https:\/\/roveyayinevi.com.tr\/index.php\/wp-json\/wp\/v2\/product"}],"about":[{"href":"https:\/\/roveyayinevi.com.tr\/index.php\/wp-json\/wp\/v2\/types\/product"}],"wp:attachment":[{"href":"https:\/\/roveyayinevi.com.tr\/index.php\/wp-json\/wp\/v2\/media?parent=754421"}],"wp:term":[{"taxonomy":"product_brand","embeddable":true,"href":"https:\/\/roveyayinevi.com.tr\/index.php\/wp-json\/wp\/v2\/product_brand?post=754421"},{"taxonomy":"product_cat","embeddable":true,"href":"https:\/\/roveyayinevi.com.tr\/index.php\/wp-json\/wp\/v2\/product_cat?post=754421"},{"taxonomy":"product_tag","embeddable":true,"href":"https:\/\/roveyayinevi.com.tr\/index.php\/wp-json\/wp\/v2\/product_tag?post=754421"}],"curies":[{"name":"wp","href":"https:\/\/api.w.org\/{rel}","templated":true}]}}