{"id":754420,"date":"2025-08-28T06:10:00","date_gmt":"2025-08-28T03:10:00","guid":{"rendered":"https:\/\/roveyayinevi.com.tr\/index.php\/urun\/100-yilin-100-edebi-eseri-ciltli\/"},"modified":"2026-04-16T03:07:49","modified_gmt":"2026-04-16T00:07:49","slug":"100-yilin-100-edebi-eseri-ciltli","status":"publish","type":"product","link":"https:\/\/roveyayinevi.com.tr\/index.php\/urun\/100-yilin-100-edebi-eseri-ciltli\/","title":{"rendered":"100 Y\u0131l\u0131n 100 Edebi Eseri (Ciltli)"},"content":{"rendered":"<p>Cumhuriyetimizin 100.Y\u0131l\u0131 m\u00fcnasebetiyle haz\u0131rlanan 5 kitapl\u0131k serinin EDEB\u0130YAT ba\u015fl\u0131kl\u0131 bu cildinde; . \u00b7         1922\u2019de Yeni Mecmua\u2019da yay\u0131nlanm\u0131\u015f ilk \u015fiirinden ba\u015flayarak bizzat kendisi taraf\u0131ndan s\u00fcz\u00fclen, ay\u0131klanan, d\u00fczeltilen ve bir araya getirilen b\u00fct\u00fcn \u015fiirleriyle \u201c\u00c7\u0130LE\u201d adl\u0131 eserin sahibi Kald\u0131r\u0131mlar \u015eairi Necip Faz\u0131l\u2019dan; \u00b7           \u00b7         \u201cNe iyi ne fena, ne g\u00fczel ne \u00e7irkin, ne hakl\u0131 ne haks\u0131z, bir muazzam bir u\u00e7suz bucaks\u0131z hayat\u201d diyen Naz\u0131m Hikmet\u2019e, \u00b7           \u00b7         Polisiye romanlar\u0131n usta kalemi Peyami Safa\u2019dan; \u00b7           \u00b7         Saatleri Ayarlama Enstit\u00fcs\u00fc\u2019n\u00fcn Ahmet Hamdi Tamp\u0131nar\u2019\u0131na, \u00b7           \u00b7         Nobel Edebiyat \u00d6d\u00fcl\u00fcne bir\u00e7ok kez aday g\u00f6sterilen \u201c\u0130nce Memed\u201d\u2019in yazar\u0131 Ya\u015far Kemal\u2019den, \u00b7           G\u00fczel adam Cahit Zarifo\u011flu\u2019na 100 yazar\u0131n 100 farkl\u0131 eseri detayl\u0131 bir \u015fekilde projede yer alacakt\u0131r. Se\u00e7ilen eserler, \u00f6zetleri, de\u011ferlendirmeleri ve inografikler e\u015fli\u011finde okuyucuya <\/p>\n","protected":false},"excerpt":{"rendered":"<p>Cumhuriyetimizin 100.Y\u0131l\u0131 m\u00fcnasebetiyle haz\u0131rlanan 5 kitapl\u0131k serinin EDEB\u0130YAT ba\u015fl\u0131kl\u0131 bu cildinde; . \u00b7 1922\u2019de Yeni Mecmua\u2019da yay\u0131nlanm\u0131\u015f ilk \u015fiirinden ba\u015flayarak bizzat kendisi taraf\u0131ndan s\u00fcz\u00fclen, ay\u0131klanan, d\u00fczeltilen<span class=\"excerpt-hellip\"> [\u2026]<\/span><\/p>\n","protected":false},"featured_media":0,"template":"","meta":{"_monsterinsights_skip_tracking":false,"_monsterinsights_sitenote_active":false,"_monsterinsights_sitenote_note":"","_monsterinsights_sitenote_category":0},"product_brand":[],"product_cat":[20039,13488],"product_tag":[],"class_list":{"0":"post-754420","1":"product","2":"type-product","3":"status-publish","5":"product_cat-kultur-tarihi","6":"product_cat-toplum-ve-insan","7":"pa_cilt-ciltli","8":"pa_tur-kitap","9":"pa_yayinevi-anadolu-ajansi-yayinevi","10":"pa_yazar-samet-karagoz","12":"first","13":"instock","14":"sale","15":"shipping-taxable","16":"purchasable","17":"product-type-simple"},"_links":{"self":[{"href":"https:\/\/roveyayinevi.com.tr\/index.php\/wp-json\/wp\/v2\/product\/754420","targetHints":{"allow":["GET"]}}],"collection":[{"href":"https:\/\/roveyayinevi.com.tr\/index.php\/wp-json\/wp\/v2\/product"}],"about":[{"href":"https:\/\/roveyayinevi.com.tr\/index.php\/wp-json\/wp\/v2\/types\/product"}],"wp:attachment":[{"href":"https:\/\/roveyayinevi.com.tr\/index.php\/wp-json\/wp\/v2\/media?parent=754420"}],"wp:term":[{"taxonomy":"product_brand","embeddable":true,"href":"https:\/\/roveyayinevi.com.tr\/index.php\/wp-json\/wp\/v2\/product_brand?post=754420"},{"taxonomy":"product_cat","embeddable":true,"href":"https:\/\/roveyayinevi.com.tr\/index.php\/wp-json\/wp\/v2\/product_cat?post=754420"},{"taxonomy":"product_tag","embeddable":true,"href":"https:\/\/roveyayinevi.com.tr\/index.php\/wp-json\/wp\/v2\/product_tag?post=754420"}],"curies":[{"name":"wp","href":"https:\/\/api.w.org\/{rel}","templated":true}]}}