{"id":754419,"date":"2025-08-28T06:09:59","date_gmt":"2025-08-28T03:09:59","guid":{"rendered":"https:\/\/roveyayinevi.com.tr\/index.php\/urun\/100-yili-anlamak-ciltli\/"},"modified":"2026-04-16T03:07:49","modified_gmt":"2026-04-16T00:07:49","slug":"100-yili-anlamak-ciltli","status":"publish","type":"product","link":"https:\/\/roveyayinevi.com.tr\/index.php\/urun\/100-yili-anlamak-ciltli\/","title":{"rendered":"100 Y\u0131l\u0131 Anlamak (Ciltli)"},"content":{"rendered":"<p>Cumhuriyetimizin 100. y\u0131l\u0131nda, kuruldu\u011fu g\u00fcnden g\u00fcn\u00fcm\u00fcze kadar olan s\u00fcreci ve Osmanl\u0131 \u2013 T\u00fcrk modernle\u015fmesini 12 ana ba\u015fl\u0131k alt\u0131nda, alan\u0131nda uzman ve konuya h\u00e2kim akademisyenlerin \u00f6zg\u00fcn makaleleriyle ele al\u0131p, de\u011ferlendirerek okuyucuya sunmak. \u2022       Diplomasi \u2022       Siyasi Geli\u015fme, Demokratikle\u015fme \u2022       Edebiyat \u2022       Sa\u011fl\u0131k \u2013 T\u0131p \u2022       Ekonomi \u2022       Ula\u015f\u0131m \u2022       Asker\u00ee Tarih \u2013 Savunma Sanayii \u2022       E\u011fitim \u2022       Sanayi \u2022       Spor \u2022       \u015eehirle\u015fme \u2022       Hukuk <\/p>\n","protected":false},"excerpt":{"rendered":"<p>Cumhuriyetimizin 100. y\u0131l\u0131nda, kuruldu\u011fu g\u00fcnden g\u00fcn\u00fcm\u00fcze kadar olan s\u00fcreci ve Osmanl\u0131 \u2013 T\u00fcrk modernle\u015fmesini 12 ana ba\u015fl\u0131k alt\u0131nda, alan\u0131nda uzman ve konuya h\u00e2kim akademisyenlerin \u00f6zg\u00fcn makaleleriyle<span class=\"excerpt-hellip\"> [\u2026]<\/span><\/p>\n","protected":false},"featured_media":0,"template":"","meta":{"_monsterinsights_skip_tracking":false,"_monsterinsights_sitenote_active":false,"_monsterinsights_sitenote_note":"","_monsterinsights_sitenote_category":0},"product_brand":[],"product_cat":[12304,13493],"product_tag":[],"class_list":{"0":"post-754419","1":"product","2":"type-product","3":"status-publish","5":"product_cat-tarih","6":"product_cat-turkiye-ve-cumhuriyet-tarihi","7":"pa_cilt-ciltli","8":"pa_tur-kitap","9":"pa_yayinevi-anadolu-ajansi-yayinevi","10":"pa_yazar-kolektif","12":"first","13":"instock","14":"sale","15":"shipping-taxable","16":"purchasable","17":"product-type-simple"},"_links":{"self":[{"href":"https:\/\/roveyayinevi.com.tr\/index.php\/wp-json\/wp\/v2\/product\/754419","targetHints":{"allow":["GET"]}}],"collection":[{"href":"https:\/\/roveyayinevi.com.tr\/index.php\/wp-json\/wp\/v2\/product"}],"about":[{"href":"https:\/\/roveyayinevi.com.tr\/index.php\/wp-json\/wp\/v2\/types\/product"}],"wp:attachment":[{"href":"https:\/\/roveyayinevi.com.tr\/index.php\/wp-json\/wp\/v2\/media?parent=754419"}],"wp:term":[{"taxonomy":"product_brand","embeddable":true,"href":"https:\/\/roveyayinevi.com.tr\/index.php\/wp-json\/wp\/v2\/product_brand?post=754419"},{"taxonomy":"product_cat","embeddable":true,"href":"https:\/\/roveyayinevi.com.tr\/index.php\/wp-json\/wp\/v2\/product_cat?post=754419"},{"taxonomy":"product_tag","embeddable":true,"href":"https:\/\/roveyayinevi.com.tr\/index.php\/wp-json\/wp\/v2\/product_tag?post=754419"}],"curies":[{"name":"wp","href":"https:\/\/api.w.org\/{rel}","templated":true}]}}