{"id":754417,"date":"2025-08-28T06:09:57","date_gmt":"2025-08-28T03:09:57","guid":{"rendered":"https:\/\/roveyayinevi.com.tr\/index.php\/urun\/medya-calismalarina-giris\/"},"modified":"2026-04-16T03:07:49","modified_gmt":"2026-04-16T00:07:49","slug":"medya-calismalarina-giris","status":"publish","type":"product","link":"https:\/\/roveyayinevi.com.tr\/index.php\/urun\/medya-calismalarina-giris\/","title":{"rendered":"Medya \u00c7al\u0131\u015fmalar\u0131na Giri\u015f"},"content":{"rendered":"<p>Ziya\u00fcddin Serdar, olduk\u00e7a \u00fcnl\u00fc bir yazar, yay\u0131nc\u0131, gazeteci ve ele\u015ftirmen. T\u00fcrk\u00e7eye daha \u00f6nce \u00fc\u00e7 kitab\u0131 \u00e7evrildi. \u0130ngiltere\u2019nin \u201cM\u00fcsl\u00fcman bilgesi&#8221; diye adland\u0131r\u0131l\u0131yor. D\u00fcnya \u00e7ap\u0131nda \u00e7ok say\u0131da gazete ve dergide \u00e7ok \u00e7e\u015fitli konularda yaz\u0131lar yaz\u0131yor. Ayr\u0131ca Londra City \u00dcniversitesi&#8217;nde S\u00f6m\u00fcrge \u00c7al\u0131\u015fmalar\u0131 b\u00f6l\u00fcm\u00fcnde hoca olarak g\u00f6rev yap\u0131yor. Medya \u00c7al\u0131\u015fmalar\u0131na Giri\u015f kitab\u0131 medya, ideoloji, bilgi ve g\u00fc\u00e7 aras\u0131ndaki karma\u015f\u0131k ili\u015fkiyi ara\u015ft\u0131r\u0131yor. Medyan\u0131n tarihi \u00fczerine h\u0131zl\u0131 ve bilgi veren bir tur at\u0131yor; medya end\u00fcstrisi, medya teorisi ve medya ara\u015ft\u0131rmalar\u0131ndaki y\u00f6ntemler hakk\u0131nda bilgi veriyor. Medya \u00fcretim ve t\u00fcketim s\u00fcrecini, medya izleyicisinin rol\u00fcn\u00fc medya temsilinin i\u00e7eri\u011fini ve anlam\u0131n\u0131 nas\u0131l yorumlad\u0131\u011f\u0131n\u0131 anlat\u0131yor. Kitap grafik bir eser. Anlat\u0131lmak istenen her sayfada esprili \u00e7izimlerle anlat\u0131l\u0131yor. Medya \u00e7al\u0131\u015fmalar\u0131yla ilgilenmek isteyenler i\u00e7in g\u00fczel ve e\u011flenceli bir ba\u015flang\u0131\u00e7 kitab\u0131.<\/p>\n","protected":false},"excerpt":{"rendered":"<p>Ziya\u00fcddin Serdar, olduk\u00e7a \u00fcnl\u00fc bir yazar, yay\u0131nc\u0131, gazeteci ve ele\u015ftirmen. T\u00fcrk\u00e7eye daha \u00f6nce \u00fc\u00e7 kitab\u0131 \u00e7evrildi. \u0130ngiltere\u2019nin \u201cM\u00fcsl\u00fcman bilgesi&#8221; diye adland\u0131r\u0131l\u0131yor. D\u00fcnya \u00e7ap\u0131nda \u00e7ok say\u0131da gazete<span class=\"excerpt-hellip\"> [\u2026]<\/span><\/p>\n","protected":false},"featured_media":0,"template":"","meta":{"_monsterinsights_skip_tracking":false,"_monsterinsights_sitenote_active":false,"_monsterinsights_sitenote_note":"","_monsterinsights_sitenote_category":0},"product_brand":[],"product_cat":[15983,13488],"product_tag":[],"class_list":{"0":"post-754417","1":"product","2":"type-product","3":"status-publish","5":"product_cat-iletisim-ve-medya","6":"product_cat-toplum-ve-insan","7":"pa_cilt-ciltsiz","8":"pa_tur-kitap","9":"pa_yayinevi-anadolu-ajansi-yayinevi","10":"pa_yazar-ziyauddin-serdar-borin-van-loon","12":"first","13":"instock","14":"sale","15":"shipping-taxable","16":"purchasable","17":"product-type-simple"},"_links":{"self":[{"href":"https:\/\/roveyayinevi.com.tr\/index.php\/wp-json\/wp\/v2\/product\/754417","targetHints":{"allow":["GET"]}}],"collection":[{"href":"https:\/\/roveyayinevi.com.tr\/index.php\/wp-json\/wp\/v2\/product"}],"about":[{"href":"https:\/\/roveyayinevi.com.tr\/index.php\/wp-json\/wp\/v2\/types\/product"}],"wp:attachment":[{"href":"https:\/\/roveyayinevi.com.tr\/index.php\/wp-json\/wp\/v2\/media?parent=754417"}],"wp:term":[{"taxonomy":"product_brand","embeddable":true,"href":"https:\/\/roveyayinevi.com.tr\/index.php\/wp-json\/wp\/v2\/product_brand?post=754417"},{"taxonomy":"product_cat","embeddable":true,"href":"https:\/\/roveyayinevi.com.tr\/index.php\/wp-json\/wp\/v2\/product_cat?post=754417"},{"taxonomy":"product_tag","embeddable":true,"href":"https:\/\/roveyayinevi.com.tr\/index.php\/wp-json\/wp\/v2\/product_tag?post=754417"}],"curies":[{"name":"wp","href":"https:\/\/api.w.org\/{rel}","templated":true}]}}