{"id":754416,"date":"2025-08-28T06:09:56","date_gmt":"2025-08-28T03:09:56","guid":{"rendered":"https:\/\/roveyayinevi.com.tr\/index.php\/urun\/ruh-hali-ve-sosyal-medya\/"},"modified":"2026-04-16T03:07:49","modified_gmt":"2026-04-16T00:07:49","slug":"ruh-hali-ve-sosyal-medya","status":"publish","type":"product","link":"https:\/\/roveyayinevi.com.tr\/index.php\/urun\/ruh-hali-ve-sosyal-medya\/","title":{"rendered":"Ruh Hali ve Sosyal Medya"},"content":{"rendered":"<p>\u00dcnl\u00fc medya teorisyeni, Edinburgh \u00dcniversitesi Mimari Tasar\u0131m ve Bili\u015fim Fak\u00fcltesi profes\u00f6r\u00fc Richard Coyne bu kitab\u0131nda \u00e7a\u011f\u0131m\u0131za damgas\u0131n\u0131 vuran dijital medyay\u0131 inceliyor. Coyne\u2019ye g\u00f6re dijital medya yaln\u0131zca ileti\u015fime, bilgi aktar\u0131m\u0131na ya da e\u011flenceye yaramaz; dijital medya ayn\u0131 zamanda s\u00fcrekli hareket h\u00e2lindeki ruh h\u00e2llerimizle do\u011frudan ili\u015fkilidir. Daha do\u011frusu ruh h\u00e2llerimizi art\u0131k dijital medya devindirmektedir. Dijital medya arac\u0131l\u0131\u011f\u0131yla ruh h\u00e2llerimizi birbirimize aktar\u0131r\u0131z; ayr\u0131ca dijital medya kullan\u0131rken ruh h\u00e2llerimiz ayn\u0131 zamanda s\u00fcrekli bir hareket ve de\u011fi\u015fim i\u00e7indedir. K\u0131sacas\u0131 dijital medya ruh h\u00e2llerimizi do\u011frudan etkiler. Bu a\u00e7\u0131dan bak\u0131ld\u0131\u011f\u0131nda, dijital medya ruh h\u00e2lleri \u00fczerinden \u00e7ok g\u00fc\u00e7l\u00fc bir manip\u00fclasyon arac\u0131 da olabilir. Buradan yola \u00e7\u0131kan Coyne fenomenoloji, k\u00fclt\u00fcr teorisi, mimarl\u0131k, felsefe, sinema gibi bir\u00e7ok farkl\u0131 disiplinden ve sanat dal\u0131ndan faydalan\u0131yor ve her b\u00f6l\u00fcmde merak, melankoli, kayg\u0131 gibi ba\u015fka bir ruh h\u00e2lini mercek alt\u0131na alarak dijital medyan\u0131n etkilerini inceliyor. Ruh h\u00e2llerimizi gittik\u00e7e daha fazla dijital medyaya aktar\u0131p orada deneyimledi\u011fimiz g\u00fcn\u00fcm\u00fcz\u00fcn bu yeni ger\u00e7ekli\u011fini sorgulayan \u00e7arp\u0131c\u0131 bir kitap. \u00dclkemizde olduk\u00e7a eksik olan bir \u00e7al\u0131\u015fma t\u00fcr\u00fc. \u00d6nemli bir a\u00e7\u0131\u011f\u0131 dolduracak bir medya \u00e7al\u0131\u015fmas\u0131 kitab\u0131. Psikoloji ve medya fak\u00fcltelerinde ders kitab\u0131 olarak kullan\u0131labilir.<\/p>\n","protected":false},"excerpt":{"rendered":"<p>\u00dcnl\u00fc medya teorisyeni, Edinburgh \u00dcniversitesi Mimari Tasar\u0131m ve Bili\u015fim Fak\u00fcltesi profes\u00f6r\u00fc Richard Coyne bu kitab\u0131nda \u00e7a\u011f\u0131m\u0131za damgas\u0131n\u0131 vuran dijital medyay\u0131 inceliyor. Coyne\u2019ye g\u00f6re dijital medya yaln\u0131zca<span class=\"excerpt-hellip\"> [\u2026]<\/span><\/p>\n","protected":false},"featured_media":0,"template":"","meta":{"_monsterinsights_skip_tracking":false,"_monsterinsights_sitenote_active":false,"_monsterinsights_sitenote_note":"","_monsterinsights_sitenote_category":0},"product_brand":[],"product_cat":[15983,13488],"product_tag":[],"class_list":{"0":"post-754416","1":"product","2":"type-product","3":"status-publish","5":"product_cat-iletisim-ve-medya","6":"product_cat-toplum-ve-insan","7":"pa_cilt-ciltsiz","8":"pa_tur-kitap","9":"pa_yayinevi-anadolu-ajansi-yayinevi","10":"pa_yazar-richard-coyne","12":"first","13":"instock","14":"sale","15":"shipping-taxable","16":"purchasable","17":"product-type-simple"},"_links":{"self":[{"href":"https:\/\/roveyayinevi.com.tr\/index.php\/wp-json\/wp\/v2\/product\/754416","targetHints":{"allow":["GET"]}}],"collection":[{"href":"https:\/\/roveyayinevi.com.tr\/index.php\/wp-json\/wp\/v2\/product"}],"about":[{"href":"https:\/\/roveyayinevi.com.tr\/index.php\/wp-json\/wp\/v2\/types\/product"}],"wp:attachment":[{"href":"https:\/\/roveyayinevi.com.tr\/index.php\/wp-json\/wp\/v2\/media?parent=754416"}],"wp:term":[{"taxonomy":"product_brand","embeddable":true,"href":"https:\/\/roveyayinevi.com.tr\/index.php\/wp-json\/wp\/v2\/product_brand?post=754416"},{"taxonomy":"product_cat","embeddable":true,"href":"https:\/\/roveyayinevi.com.tr\/index.php\/wp-json\/wp\/v2\/product_cat?post=754416"},{"taxonomy":"product_tag","embeddable":true,"href":"https:\/\/roveyayinevi.com.tr\/index.php\/wp-json\/wp\/v2\/product_tag?post=754416"}],"curies":[{"name":"wp","href":"https:\/\/api.w.org\/{rel}","templated":true}]}}