{"id":754413,"date":"2025-08-28T06:09:50","date_gmt":"2025-08-28T03:09:50","guid":{"rendered":"https:\/\/roveyayinevi.com.tr\/index.php\/urun\/acik-ve-uzaktan-ogrenme\/"},"modified":"2026-04-16T03:07:49","modified_gmt":"2026-04-16T00:07:49","slug":"acik-ve-uzaktan-ogrenme","status":"publish","type":"product","link":"https:\/\/roveyayinevi.com.tr\/index.php\/urun\/acik-ve-uzaktan-ogrenme\/","title":{"rendered":"A\u00e7\u0131k ve Uzaktan \u00d6\u011frenme"},"content":{"rendered":"<p>A\u00e7\u0131k ve Uzaktan \u00d6\u011frenme kitab\u0131m\u0131z ile ba\u015fta lisans ve y\u00fcksek lisans \u00f6\u011frencileri olmak \u00fczere alanda ara\u015ft\u0131rma yapan, bu konu ile ilgili ders veren ve bu alana g\u00f6n\u00fcl veren herkese -\u00f6zellikle de uzaktan e\u011fitimin \u00e7ok\u00e7a tart\u0131\u015f\u0131ld\u0131\u011f\u0131 bu d\u00f6nemde- katk\u0131 sa\u011flamay\u0131 umuyoruz. Kitab\u0131m\u0131zda; a\u00e7\u0131k ve uzaktan \u00f6\u011frenmenin temel kavramlar\u0131, kuramlar\u0131 ve felsefesi; d\u00fcnyada ve T\u00fcrkiye\u2019de a\u00e7\u0131k ve uzaktan e\u011fitimin geli\u015fimi, a\u00e7\u0131k ve uzaktan \u00f6\u011frenmede kullan\u0131lan teknolojiler; a\u00e7\u0131k ve uzaktan e\u011fitimin y\u00f6netimi; a\u00e7\u0131k ve uzaktan e\u011fitimde s\u0131n\u0131f y\u00f6netimi ve bile\u015fenleri; a\u00e7\u0131k ve uzaktan e\u011fitimde payda\u015flar ve rolleri; a\u00e7\u0131k ve uzaktan \u00f6\u011frenme ortamlar\u0131nda farkl\u0131 \u00f6\u011frenme durumlar\u0131 i\u00e7in \u00f6\u011fretim uygulamalar\u0131; a\u00e7\u0131k e\u011fitim kaynaklar\u0131 ve kitlesel a\u00e7\u0131k \u00e7evrimi\u00e7i dersler; ki\u015fiselle\u015ftirilmi\u015f \u00f6\u011frenme ortamlar\u0131; a\u00e7\u0131k ve uzaktan \u00f6\u011frenmede sorunlar ve \u00e7\u00f6z\u00fcm \u00f6nerileri; \u00f6\u011fretmen yeti\u015ftirmede a\u00e7\u0131k ve uzaktan e\u011fitim uygulamalar\u0131; a\u00e7\u0131k ve uzaktan \u00f6\u011frenmede \u00f6\u011fretim materyali geli\u015ftirme; a\u00e7\u0131k ve uzaktan \u00f6\u011frenmede \u00f6\u011frenci destek hizmetleri ile a\u00e7\u0131k ve uzaktan e\u011fitimin gelece\u011fi ara\u015ft\u0131rma ve de\u011ferlendirme olmak \u00fczere toplam 14 b\u00f6l\u00fcme yer verdik. A\u00e7\u0131k ve Uzaktan \u00d6\u011frenme kitab\u0131m\u0131z ile ula\u015fabildi\u011fimiz okurlar\u0131m\u0131z\u0131n bu kaynak ile gereksinimlerini kar\u015f\u0131lamay\u0131 umuyor, \u00f6neri ve ele\u015ftirilerini bekliyoruz. Sa\u011fl\u0131kla, keyifle okuman\u0131z dile\u011fiyle\u2026<\/p>\n","protected":false},"excerpt":{"rendered":"<p>A\u00e7\u0131k ve Uzaktan \u00d6\u011frenme kitab\u0131m\u0131z ile ba\u015fta lisans ve y\u00fcksek lisans \u00f6\u011frencileri olmak \u00fczere alanda ara\u015ft\u0131rma yapan, bu konu ile ilgili ders veren ve bu alana<span class=\"excerpt-hellip\"> [\u2026]<\/span><\/p>\n","protected":false},"featured_media":0,"template":"","meta":{"_monsterinsights_skip_tracking":false,"_monsterinsights_sitenote_active":false,"_monsterinsights_sitenote_note":"","_monsterinsights_sitenote_category":0},"product_brand":[],"product_cat":[12567,12566],"product_tag":[],"class_list":{"0":"post-754413","1":"product","2":"type-product","3":"status-publish","5":"product_cat-diger-egitim","6":"product_cat-egitim","7":"pa_cilt-ciltsiz","8":"pa_tur-kitap","9":"pa_yayinevi-pegem-akademik-kitaplar","10":"pa_yazar-kolektif","12":"first","13":"instock","14":"sale","15":"shipping-taxable","16":"purchasable","17":"product-type-simple"},"_links":{"self":[{"href":"https:\/\/roveyayinevi.com.tr\/index.php\/wp-json\/wp\/v2\/product\/754413","targetHints":{"allow":["GET"]}}],"collection":[{"href":"https:\/\/roveyayinevi.com.tr\/index.php\/wp-json\/wp\/v2\/product"}],"about":[{"href":"https:\/\/roveyayinevi.com.tr\/index.php\/wp-json\/wp\/v2\/types\/product"}],"wp:attachment":[{"href":"https:\/\/roveyayinevi.com.tr\/index.php\/wp-json\/wp\/v2\/media?parent=754413"}],"wp:term":[{"taxonomy":"product_brand","embeddable":true,"href":"https:\/\/roveyayinevi.com.tr\/index.php\/wp-json\/wp\/v2\/product_brand?post=754413"},{"taxonomy":"product_cat","embeddable":true,"href":"https:\/\/roveyayinevi.com.tr\/index.php\/wp-json\/wp\/v2\/product_cat?post=754413"},{"taxonomy":"product_tag","embeddable":true,"href":"https:\/\/roveyayinevi.com.tr\/index.php\/wp-json\/wp\/v2\/product_tag?post=754413"}],"curies":[{"name":"wp","href":"https:\/\/api.w.org\/{rel}","templated":true}]}}