{"id":754411,"date":"2025-08-28T06:09:48","date_gmt":"2025-08-28T03:09:48","guid":{"rendered":"https:\/\/roveyayinevi.com.tr\/index.php\/urun\/afrikada-askeri-darbeler-ve-dis-mudahale\/"},"modified":"2026-04-16T03:07:49","modified_gmt":"2026-04-16T00:07:49","slug":"afrikada-askeri-darbeler-ve-dis-mudahale","status":"publish","type":"product","link":"https:\/\/roveyayinevi.com.tr\/index.php\/urun\/afrikada-askeri-darbeler-ve-dis-mudahale\/","title":{"rendered":"Afrika\u2019da Askeri Darbeler ve D\u0131\u015f M\u00fcdahale"},"content":{"rendered":"<p>\u201cAsker\u00ee darbeler, Bat\u0131l\u0131 say\u0131lmayan toplumlar\u0131n siyasi sistemlerini 20.yy ba\u015f\u0131ndan bu yana esir alarak bu \u00fclkelerin siyasi d\u00fczenlerinin olgunla\u015fmas\u0131na izin vermemi\u015ftir. Modern d\u00f6nemde bizatihi siyasetin kendisini bertaraf eden bu yeni s\u00f6m\u00fcrgeci yakla\u015f\u0131m\u0131n en \u00f6nemli g\u00f6stergesi ise bir d\u0131\u015f m\u00fcdahale arac\u0131 olarak i\u00e7 sava\u015flar ve darbeler olmu\u015ftur.\u201d Afrika\u2019da Asker\u00ee Darbeler ve D\u0131\u015f M\u00fcdahale, Bat\u0131 Afrika \u00fclkelerinin tarihindeki asker\u00ee darbe ve darbe giri\u015fimlerinin olu\u015fumunda d\u0131\u015f m\u00fcdahalelerin etkisini sorguluyor. \u00d6zellikle ABD ve Fransa\u2019n\u0131n darbe ve i\u00e7 sava\u015f gibi siyasi olaylarda etkin birer d\u0131\u015f akt\u00f6r olarak nas\u0131l belirdiklerini inceliyor. D\u0131\u015f m\u00fcdahale etkisiyle tetiklenen i\u00e7 sava\u015flar ve darbeler, Bat\u0131 Afrika \u00fclkelerinin s\u00f6m\u00fcrgeci ge\u00e7mi\u015ften miras kalan ba\u011f\u0131ml\u0131l\u0131klar\u0131n\u0131, yeni s\u00f6m\u00fcrgecilik \u00e7er\u00e7evesinde yorumlaman\u0131n \u00f6rt\u00fck bir arac\u0131 olarak modern d\u00f6nemde kurulan siyasi ili\u015fkilerinde \u00f6n plana \u00e7\u0131km\u0131\u015ft\u0131r. Vak\u0131fBank K\u00fclt\u00fcr Yay\u0131nlar\u0131 etiketiyle bu kitap, Bat\u0131 Afrika \u00fclkelerinde ger\u00e7ekle\u015fen asker\u00ee darbelerin nas\u0131l ortaya \u00e7\u0131kt\u0131\u011f\u0131n\u0131 siyaset teorisi ve uluslararas\u0131 ili\u015fkiler perspektifinden ele alarak akademik literat\u00fcre de katk\u0131da bulunmay\u0131 hedefliyor. <\/p>\n","protected":false},"excerpt":{"rendered":"<p>\u201cAsker\u00ee darbeler, Bat\u0131l\u0131 say\u0131lmayan toplumlar\u0131n siyasi sistemlerini 20.yy ba\u015f\u0131ndan bu yana esir alarak bu \u00fclkelerin siyasi d\u00fczenlerinin olgunla\u015fmas\u0131na izin vermemi\u015ftir. Modern d\u00f6nemde bizatihi siyasetin kendisini bertaraf<span class=\"excerpt-hellip\"> [\u2026]<\/span><\/p>\n","protected":false},"featured_media":0,"template":"","meta":{"_monsterinsights_skip_tracking":false,"_monsterinsights_sitenote_active":false,"_monsterinsights_sitenote_note":"","_monsterinsights_sitenote_category":0},"product_brand":[],"product_cat":[12304],"product_tag":[],"class_list":{"0":"post-754411","1":"product","2":"type-product","3":"status-publish","5":"product_cat-tarih","6":"pa_cilt-ciltsiz","7":"pa_tur-kitap","8":"pa_yayinevi-vakifbank-kultur-yayinlari","9":"pa_yazar-murat-yigit","11":"first","12":"instock","13":"sale","14":"shipping-taxable","15":"purchasable","16":"product-type-simple"},"_links":{"self":[{"href":"https:\/\/roveyayinevi.com.tr\/index.php\/wp-json\/wp\/v2\/product\/754411","targetHints":{"allow":["GET"]}}],"collection":[{"href":"https:\/\/roveyayinevi.com.tr\/index.php\/wp-json\/wp\/v2\/product"}],"about":[{"href":"https:\/\/roveyayinevi.com.tr\/index.php\/wp-json\/wp\/v2\/types\/product"}],"wp:attachment":[{"href":"https:\/\/roveyayinevi.com.tr\/index.php\/wp-json\/wp\/v2\/media?parent=754411"}],"wp:term":[{"taxonomy":"product_brand","embeddable":true,"href":"https:\/\/roveyayinevi.com.tr\/index.php\/wp-json\/wp\/v2\/product_brand?post=754411"},{"taxonomy":"product_cat","embeddable":true,"href":"https:\/\/roveyayinevi.com.tr\/index.php\/wp-json\/wp\/v2\/product_cat?post=754411"},{"taxonomy":"product_tag","embeddable":true,"href":"https:\/\/roveyayinevi.com.tr\/index.php\/wp-json\/wp\/v2\/product_tag?post=754411"}],"curies":[{"name":"wp","href":"https:\/\/api.w.org\/{rel}","templated":true}]}}