{"id":754403,"date":"2025-08-28T06:09:35","date_gmt":"2025-08-28T03:09:35","guid":{"rendered":"https:\/\/roveyayinevi.com.tr\/index.php\/urun\/hasret-benim-isim\/"},"modified":"2026-04-16T03:07:49","modified_gmt":"2026-04-16T00:07:49","slug":"hasret-benim-isim","status":"publish","type":"product","link":"https:\/\/roveyayinevi.com.tr\/index.php\/urun\/hasret-benim-isim\/","title":{"rendered":"Hasret Benim \u0130\u015fim"},"content":{"rendered":"<p>E\u011fitimci-\u015eair Selvi Uygar\u2019\u0131n \u015fiirleri okuyucusu ile bulu\u015fuyor. Ben seni unuturum da Bitmedi kadehler Bitmedi \u015fark\u0131 \u015eahitler \u00e7ekip gitmedi Ya\u011fmurlar dursun da \u00f6yle unuturum Ya\u015fam devam ediyor Sava\u015flar sevi\u015fmeler Ac\u0131lar devam ediyor Bombalar patl\u0131yor kentin orta yerinde \u00c7ocuklar\u0131n g\u00f6zleri kapans\u0131n da \u00f6yle unuturum Ben seni unuturum da asl\u0131nda Zalimler i\u015f ba\u015f\u0131nda S\u00f6m\u00fcren s\u00f6m\u00fcr\u00fclen garipler suskunlar Dilenir sava\u015f kad\u0131nlar\u0131 Birka\u00e7 kuru\u015f biriktirsinler de \u00f6yle unuturum Yapra\u011f\u0131ndan ayr\u0131l\u0131r dal Kavga eder kedilerle k\u00f6pekler Kar\u0131ncalar yem arar Ku\u015f avc\u0131dan kurtulsun da \u00f6yle unuturum Ben seni unuturum unutmas\u0131na da Sen ben \u015farap bir araya gelsin de \u00f6yle unuturum <\/p>\n","protected":false},"excerpt":{"rendered":"<p>E\u011fitimci-\u015eair Selvi Uygar\u2019\u0131n \u015fiirleri okuyucusu ile bulu\u015fuyor. Ben seni unuturum da Bitmedi kadehler Bitmedi \u015fark\u0131 \u015eahitler \u00e7ekip gitmedi Ya\u011fmurlar dursun da \u00f6yle unuturum Ya\u015fam devam ediyor<span class=\"excerpt-hellip\"> [\u2026]<\/span><\/p>\n","protected":false},"featured_media":0,"template":"","meta":{"_monsterinsights_skip_tracking":false,"_monsterinsights_sitenote_active":false,"_monsterinsights_sitenote_note":"","_monsterinsights_sitenote_category":0},"product_brand":[],"product_cat":[12291,12509],"product_tag":[],"class_list":{"0":"post-754403","1":"product","2":"type-product","3":"status-publish","5":"product_cat-edebiyat","6":"product_cat-siir","7":"pa_cilt-ciltsiz","8":"pa_tur-kitap","9":"pa_yayinevi-us-yayinlari","10":"pa_yazar-selvi-uygar","12":"first","13":"instock","14":"sale","15":"shipping-taxable","16":"purchasable","17":"product-type-simple"},"_links":{"self":[{"href":"https:\/\/roveyayinevi.com.tr\/index.php\/wp-json\/wp\/v2\/product\/754403","targetHints":{"allow":["GET"]}}],"collection":[{"href":"https:\/\/roveyayinevi.com.tr\/index.php\/wp-json\/wp\/v2\/product"}],"about":[{"href":"https:\/\/roveyayinevi.com.tr\/index.php\/wp-json\/wp\/v2\/types\/product"}],"wp:attachment":[{"href":"https:\/\/roveyayinevi.com.tr\/index.php\/wp-json\/wp\/v2\/media?parent=754403"}],"wp:term":[{"taxonomy":"product_brand","embeddable":true,"href":"https:\/\/roveyayinevi.com.tr\/index.php\/wp-json\/wp\/v2\/product_brand?post=754403"},{"taxonomy":"product_cat","embeddable":true,"href":"https:\/\/roveyayinevi.com.tr\/index.php\/wp-json\/wp\/v2\/product_cat?post=754403"},{"taxonomy":"product_tag","embeddable":true,"href":"https:\/\/roveyayinevi.com.tr\/index.php\/wp-json\/wp\/v2\/product_tag?post=754403"}],"curies":[{"name":"wp","href":"https:\/\/api.w.org\/{rel}","templated":true}]}}