{"id":754402,"date":"2025-08-28T06:09:34","date_gmt":"2025-08-28T03:09:34","guid":{"rendered":"https:\/\/roveyayinevi.com.tr\/index.php\/urun\/cim-kafa-kaplumbaga-cimi-ve-farkli-arkadaslari\/"},"modified":"2026-04-16T03:07:49","modified_gmt":"2026-04-16T00:07:49","slug":"cim-kafa-kaplumbaga-cimi-ve-farkli-arkadaslari","status":"publish","type":"product","link":"https:\/\/roveyayinevi.com.tr\/index.php\/urun\/cim-kafa-kaplumbaga-cimi-ve-farkli-arkadaslari\/","title":{"rendered":"\u00c7im Kafa Kaplumba\u011fa \u00c7imi ve Farkl\u0131 Arkada\u015flar\u0131"},"content":{"rendered":"<p>Arkada\u015f\u0131m merhaba, ben \u00c7imi. Seninle tan\u0131\u015ft\u0131\u011f\u0131ma memnun oldum. Bu kitaptan bir tane de k\u00f6y okullar\u0131na hediye etmek ister misin?  Kitaptan elde edece\u011fimiz gelirleri g\u00f6rme engelli bireylere destek olmak i\u00e7in kullanaca\u011f\u0131m\u0131z\u0131 biliyor musun? Haydi! Bir k\u00f6y okulu se\u00e7 ve oradaki arkada\u015flar\u0131na bu kitaptan yolla! <\/p>\n","protected":false},"excerpt":{"rendered":"<p>Arkada\u015f\u0131m merhaba, ben \u00c7imi. Seninle tan\u0131\u015ft\u0131\u011f\u0131ma memnun oldum. Bu kitaptan bir tane de k\u00f6y okullar\u0131na hediye etmek ister misin? Kitaptan elde edece\u011fimiz gelirleri g\u00f6rme engelli bireylere<span class=\"excerpt-hellip\"> [\u2026]<\/span><\/p>\n","protected":false},"featured_media":0,"template":"","meta":{"_monsterinsights_skip_tracking":false,"_monsterinsights_sitenote_active":false,"_monsterinsights_sitenote_note":"","_monsterinsights_sitenote_category":0},"product_brand":[],"product_cat":[12274,12284],"product_tag":[],"class_list":{"0":"post-754402","1":"product","2":"type-product","3":"status-publish","5":"product_cat-cocuk-ve-genclik-kitaplari","6":"product_cat-hikayeler","7":"pa_cilt-ciltsiz","8":"pa_tur-kitap","9":"pa_yayinevi-us-yayinlari","10":"pa_yazar-burcin-gundeyerli","12":"first","13":"instock","14":"sale","15":"shipping-taxable","16":"purchasable","17":"product-type-simple"},"_links":{"self":[{"href":"https:\/\/roveyayinevi.com.tr\/index.php\/wp-json\/wp\/v2\/product\/754402","targetHints":{"allow":["GET"]}}],"collection":[{"href":"https:\/\/roveyayinevi.com.tr\/index.php\/wp-json\/wp\/v2\/product"}],"about":[{"href":"https:\/\/roveyayinevi.com.tr\/index.php\/wp-json\/wp\/v2\/types\/product"}],"wp:attachment":[{"href":"https:\/\/roveyayinevi.com.tr\/index.php\/wp-json\/wp\/v2\/media?parent=754402"}],"wp:term":[{"taxonomy":"product_brand","embeddable":true,"href":"https:\/\/roveyayinevi.com.tr\/index.php\/wp-json\/wp\/v2\/product_brand?post=754402"},{"taxonomy":"product_cat","embeddable":true,"href":"https:\/\/roveyayinevi.com.tr\/index.php\/wp-json\/wp\/v2\/product_cat?post=754402"},{"taxonomy":"product_tag","embeddable":true,"href":"https:\/\/roveyayinevi.com.tr\/index.php\/wp-json\/wp\/v2\/product_tag?post=754402"}],"curies":[{"name":"wp","href":"https:\/\/api.w.org\/{rel}","templated":true}]}}