{"id":754399,"date":"2025-08-28T06:09:30","date_gmt":"2025-08-28T03:09:30","guid":{"rendered":"https:\/\/roveyayinevi.com.tr\/index.php\/urun\/ilk-oyun-hamuru-kitabim-sayilar\/"},"modified":"2025-11-21T09:39:12","modified_gmt":"2025-11-21T06:39:12","slug":"ilk-oyun-hamuru-kitabim-sayilar","status":"publish","type":"product","link":"https:\/\/roveyayinevi.com.tr\/index.php\/urun\/ilk-oyun-hamuru-kitabim-sayilar\/","title":{"rendered":"\u0130lk Oyun Hamuru Kitab\u0131m &#8211; Say\u0131lar"},"content":{"rendered":"<p>Bir, iki, \u00fc\u00e7 say\u0131lar\u0131 \u00f6\u011freniyorumBir top, iki kulak, \u00fc\u00e7 top dondurma, birer birer say\u0131yorum.G\u00fcne\u015fin \u0131\u015f\u0131nlar\u0131, dinozorun benekler, kardan adam\u0131n d\u00fc\u011fmeleri ne kadar da e\u011flenceli!Renkli hamurlar\u0131mla t\u00fcm resimlerimi tamaml\u0131yorum.Hem say\u0131lar\u0131 \u00f6\u011freniyorum hem ince motor becerilerimi geli\u015ftiriyorum hem de hayal g\u00fcc\u00fcm\u00fc destekliyorum.Haydi ba\u015flayal\u0131m.<\/p>\n","protected":false},"excerpt":{"rendered":"<p>Bir, iki, \u00fc\u00e7 say\u0131lar\u0131 \u00f6\u011freniyorumBir top, iki kulak, \u00fc\u00e7 top dondurma, birer birer say\u0131yorum.G\u00fcne\u015fin \u0131\u015f\u0131nlar\u0131, dinozorun benekler, kardan adam\u0131n d\u00fc\u011fmeleri ne kadar da e\u011flenceli!Renkli hamurlar\u0131mla t\u00fcm<span class=\"excerpt-hellip\"> [\u2026]<\/span><\/p>\n","protected":false},"featured_media":0,"template":"","meta":{"_monsterinsights_skip_tracking":false,"_monsterinsights_sitenote_active":false,"_monsterinsights_sitenote_note":"","_monsterinsights_sitenote_category":0},"product_brand":[],"product_cat":[12274,12518],"product_tag":[],"class_list":{"0":"post-754399","1":"product","2":"type-product","3":"status-publish","5":"product_cat-cocuk-ve-genclik-kitaplari","6":"product_cat-okul-oncesi-kitaplar","7":"pa_cilt-ciltsiz","8":"pa_tur-kitap","9":"pa_yayinevi-bi-kutu-oyun","10":"pa_yazar-nagehan-pehlivan","12":"first","13":"instock","14":"sale","15":"shipping-taxable","16":"purchasable","17":"product-type-simple"},"_links":{"self":[{"href":"https:\/\/roveyayinevi.com.tr\/index.php\/wp-json\/wp\/v2\/product\/754399","targetHints":{"allow":["GET"]}}],"collection":[{"href":"https:\/\/roveyayinevi.com.tr\/index.php\/wp-json\/wp\/v2\/product"}],"about":[{"href":"https:\/\/roveyayinevi.com.tr\/index.php\/wp-json\/wp\/v2\/types\/product"}],"wp:attachment":[{"href":"https:\/\/roveyayinevi.com.tr\/index.php\/wp-json\/wp\/v2\/media?parent=754399"}],"wp:term":[{"taxonomy":"product_brand","embeddable":true,"href":"https:\/\/roveyayinevi.com.tr\/index.php\/wp-json\/wp\/v2\/product_brand?post=754399"},{"taxonomy":"product_cat","embeddable":true,"href":"https:\/\/roveyayinevi.com.tr\/index.php\/wp-json\/wp\/v2\/product_cat?post=754399"},{"taxonomy":"product_tag","embeddable":true,"href":"https:\/\/roveyayinevi.com.tr\/index.php\/wp-json\/wp\/v2\/product_tag?post=754399"}],"curies":[{"name":"wp","href":"https:\/\/api.w.org\/{rel}","templated":true}]}}